{"id":7734,"date":"2025-10-25T11:04:15","date_gmt":"2025-10-25T11:04:15","guid":{"rendered":"https:\/\/almaza-travel.com\/?page_id=7734"},"modified":"2025-12-21T17:46:14","modified_gmt":"2025-12-21T17:46:14","slug":"politika-privatnosti","status":"publish","type":"page","link":"https:\/\/almaza-travel.com\/sr\/politika-privatnosti\/","title":{"rendered":"Politika privatnosti"},"content":{"rendered":"\t\t<div data-elementor-type=\"wp-page\" data-elementor-id=\"7734\" class=\"elementor elementor-7734 elementor-3\">\n\t\t\t\t<div class=\"elementor-element elementor-element-2a1eb250 e-flex e-con-boxed e-con e-parent\" data-id=\"2a1eb250\" data-element_type=\"container\" data-e-type=\"container\">\n\t\t\t\t\t<div class=\"e-con-inner\">\n\t\t\t\t<div class=\"elementor-element elementor-element-57446242 elementor-widget elementor-widget-text-editor\" data-id=\"57446242\" data-element_type=\"widget\" data-e-type=\"widget\" data-widget_type=\"text-editor.default\">\n\t\t\t\t\t\t\t\t\t\n<p data-path-to-node=\"28\">Dobrodo\u0161li na <b data-path-to-node=\"28\" data-index-in-node=\"11\">Almaza Travel<\/b>. Pregledanjem ove veb-stranice i rezervacijom usluga putem <b data-path-to-node=\"28\" data-index-in-node=\"80\">almaza-travel.com<\/b>, saglasni ste da po\u0161tujete slede\u0107e Uslove kori\u0161\u0107enja i da vas oni obavezuju. <\/p>\n<h4 data-path-to-node=\"29\"><b data-path-to-node=\"29\" data-index-in-node=\"0\">1. Rezervacija i potvrda<\/b><\/h4>\n<ul data-path-to-node=\"30\">\n<li>\n<p data-path-to-node=\"30,0,0\"><b data-path-to-node=\"30,0,0\" data-index-in-node=\"0\">Rezervacije:<\/b> Sve rezervacije izvr\u0161ene putem na\u0161e veb-stranice zavise od raspolo\u017eivosti.<\/p>\n<\/li>\n<li>\n<p data-path-to-node=\"30,1,0\"><b data-path-to-node=\"30,1,0\" data-index-in-node=\"0\">Potvrda:<\/b> Rezervacija se smatra potvr\u0111enom tek kada primite va\u017ee\u0107e obave\u0161tenje o potvrdi (putem e-po\u0161te ili WhatsApp-a) ili vau\u010der za rezervaciju.<\/p>\n<\/li>\n<li>\n<p data-path-to-node=\"30,2,0\"><b data-path-to-node=\"30,2,0\" data-index-in-node=\"0\">Preciznost:<\/b> Vi ste odgovorni za pru\u017eanje ta\u010dnih informacija tokom procesa rezervacije, uklju\u010duju\u0107i kontakt podatke i lokacije preuzimanja. Ne snosimo odgovornost za propuste u pru\u017eanju usluga uzrokovane neta\u010dnim informacijama koje je dostavio klijent. <\/p>\n<\/li>\n<\/ul>\n<h4 data-path-to-node=\"31\"><b data-path-to-node=\"31\" data-index-in-node=\"0\">2. Uslovi pla\u0107anja<\/b><\/h4>\n<ul data-path-to-node=\"32\">\n<li>\n<p data-path-to-node=\"32,0,0\"><b data-path-to-node=\"32,0,0\" data-index-in-node=\"0\">Metode:<\/b> Pla\u0107anje usluga mora biti izvr\u0161eno putem metoda prihva\u0107enih u trenutku rezervacije (\u0161to mo\u017ee uklju\u010divati pla\u0107anje gotovinom po dolasku, kreditnom karticom ili onlajn transferom).<\/p>\n<\/li>\n<li>\n<p data-path-to-node=\"32,1,0\"><b data-path-to-node=\"32,1,0\" data-index-in-node=\"0\">Valuta:<\/b> Transakcije se obra\u0111uju u valutama koje prikazuju ili prihvataju na\u0161i predstavnici.<\/p>\n<\/li>\n<li>\n<p data-path-to-node=\"32,2,0\"><b data-path-to-node=\"32,2,0\" data-index-in-node=\"0\">Promene cena:<\/b> Cene navedene na veb-stranici podlo\u017ene su promenama bez prethodne najave, ali \u0107e potvr\u0111ene rezervacije biti ispo\u0161tovane po rezervisanom iznosu.<\/p>\n<\/li>\n<\/ul>\n<h4 data-path-to-node=\"33\"><b data-path-to-node=\"33\" data-index-in-node=\"0\">3. Politika otkazivanja i povra\u0107aja novca<\/b><\/h4>\n<ul data-path-to-node=\"34\">\n<li>\n<p data-path-to-node=\"34,0,0\"><b data-path-to-node=\"34,0,0\" data-index-in-node=\"0\">Otkazivanje od strane klijenta:<\/b> Mo\u017eete otkazati svoju rezervaciju kontaktiranjem na\u0161eg tima za podr\u0161ku.<\/p>\n<\/li>\n<li>\n<p data-path-to-node=\"34,1,0\"><b data-path-to-node=\"34,1,0\" data-index-in-node=\"0\">Periodi otkazivanja:<\/b><\/p>\n<ul data-path-to-node=\"34,1,1\">\n<li>\n<p data-path-to-node=\"34,1,1,0,0\">Besplatno otkazivanje je uglavnom dostupno do <b data-path-to-node=\"34,1,1,0,0\" data-index-in-node=\"47\">24 sata<\/b> pre zakazanog vremena putovanja.<\/p>\n<\/li>\n<li>\n<p data-path-to-node=\"34,1,1,1,0\">Otkazivanja izvr\u0161ena u roku od 24 sata od vremena po\u010detka putovanja mogu biti predmet naknade za otkazivanje.<\/p>\n<\/li>\n<\/ul>\n<\/li>\n<li>\n<p data-path-to-node=\"34,2,0\"><b data-path-to-node=\"34,2,0\" data-index-in-node=\"0\">Povra\u0107aj novca:<\/b> Za unapred pla\u0107ene rezervacije, povra\u0107aj novca \u0107e biti obra\u0111en na originalni na\u010din pla\u0107anja. Za rezervacije sa opcijom \u201ePlati kasnije\u201c, ne\u0107e biti napla\u0107eni tro\u0161kovi ako se otka\u017eu u slobodnom periodu. <\/p>\n<\/li>\n<\/ul>\n<h4 data-path-to-node=\"35\"><b data-path-to-node=\"35\" data-index-in-node=\"0\">4. Promene putovanja i nepredvi\u0111ene okolnosti<\/b><\/h4>\n<ul data-path-to-node=\"36\">\n<li>\n<p data-path-to-node=\"36,0,0\"><b data-path-to-node=\"36,0,0\" data-index-in-node=\"0\">Izmene:<\/b> Almaza Travel zadr\u017eava pravo da izmeni planove putovanja, promeni rute ili otka\u017ee ture zbog doga\u0111aja vi\u0161e sile (npr. ekstremne vremenske prilike, vladina ograni\u010denja ili mehani\u010dki problemi).<\/p>\n<\/li>\n<li>\n<p data-path-to-node=\"36,1,0\"><b data-path-to-node=\"36,1,0\" data-index-in-node=\"0\">Otkazivanja od strane pru\u017eaoca usluga:<\/b> Ako moramo da otka\u017eemo turu, bi\u0107e vam ponu\u0111en alternativni datum ili pun povra\u0107aj novca za bilo koji upla\u0107eni iznos.<\/p>\n<\/li>\n<\/ul>\n<h4 data-path-to-node=\"37\"><b data-path-to-node=\"37\" data-index-in-node=\"0\">5. Zdravlje i bezbednost<\/b><\/h4>\n<ul data-path-to-node=\"38\">\n<li>\n<p data-path-to-node=\"38,0,0\"><b data-path-to-node=\"38,0,0\" data-index-in-node=\"0\">U\u010de\u0161\u0107e:<\/b> Odgovornost je klijenta da osigura da je medicinski i fizi\u010dki spreman da u\u010destvuje u odabranim aktivnostima (npr. ronjenje, safari).<\/p>\n<\/li>\n<li>\n<p data-path-to-node=\"38,1,0\"><b data-path-to-node=\"38,1,0\" data-index-in-node=\"0\">Po\u0161tovanje pravila:<\/b> Klijenti moraju u svakom trenutku da po\u0161tuju bezbednosna uputstva koja daju vodi\u010di i voza\u010di. Almaza Travel nije odgovoran za nesre\u0107e ili povrede nastale usled toga \u0161to klijent nije po\u0161tovao bezbednosne protokole. <\/p>\n<\/li>\n<\/ul>\n<h4 data-path-to-node=\"39\"><b data-path-to-node=\"39\" data-index-in-node=\"0\">6. Ograni\u010denje odgovornosti<\/b><\/h4>\n<p data-path-to-node=\"40\">Almaza Travel deluje kao agent koji povezuje putnike sa pru\u017eaocima usluga tre\u0107ih strana. Iako pa\u017eljivo biramo na\u0161e partnere, ne prihvatamo odgovornost za gubitak, \u0161tetu ili povredu prouzrokovanu radnjama ili propustima operatera tre\u0107ih strana, osim ako je to propisano zakonom. <\/p>\n<h4 data-path-to-node=\"41\"><b data-path-to-node=\"41\" data-index-in-node=\"0\">7. Merodavno pravo<\/b><\/h4>\n<p data-path-to-node=\"42\">Ovi uslovi \u0107e biti regulisani i tuma\u010deni u skladu sa zakonima <b data-path-to-node=\"42\" data-index-in-node=\"82\">Arapske Republike Egipat<\/b>. Za sve sporove nadle\u017eni su isklju\u010divo egipatski sudovi. <\/p>\t\t\t\t\t\t\t\t<\/div>\n\t\t\t\t\t<\/div>\n\t\t\t\t<\/div>\n\t\t\t\t<\/div>\n\t\t","protected":false},"excerpt":{"rendered":"<p>Dobrodo\u0161li na Almaza Travel. Pregledanjem ove veb-stranice i rezervacijom usluga putem almaza-travel.com, saglasni ste da po\u0161tujete slede\u0107e Uslove kori\u0161\u0107enja i da vas oni obavezuju. 1. Rezervacija i potvrda Rezervacije: Sve rezervacije izvr\u0161ene putem na\u0161e veb-stranice zavise od raspolo\u017eivosti. Potvrda: Rezervacija se smatra potvr\u0111enom tek kada primite va\u017ee\u0107e obave\u0161tenje o potvrdi (putem e-po\u0161te ili WhatsApp-a) ili [&hellip;]<\/p>\n","protected":false},"author":1,"featured_media":0,"parent":0,"menu_order":0,"comment_status":"closed","ping_status":"open","template":"","meta":{"footnotes":""},"class_list":["post-7734","page","type-page","status-publish","hentry"],"yoast_head":"<!-- This site is optimized with the Yoast SEO plugin v27.4 - https:\/\/yoast.com\/product\/yoast-seo-wordpress\/ -->\n<title>Politika privatnosti &#8211; Almaza Travel<\/title>\n<meta name=\"robots\" content=\"index, follow, max-snippet:-1, max-image-preview:large, max-video-preview:-1\" \/>\n<link rel=\"canonical\" href=\"https:\/\/almaza-travel.com\/sr\/politika-privatnosti\/\" \/>\n<meta property=\"og:locale\" content=\"sr_RS\" \/>\n<meta property=\"og:type\" content=\"article\" \/>\n<meta property=\"og:title\" content=\"Politika privatnosti &#8211; Almaza Travel\" \/>\n<meta property=\"og:description\" content=\"Dobrodo\u0161li na Almaza Travel. Pregledanjem ove veb-stranice i rezervacijom usluga putem almaza-travel.com, saglasni ste da po\u0161tujete slede\u0107e Uslove kori\u0161\u0107enja i da vas oni obavezuju. 1. Rezervacija i potvrda Rezervacije: Sve rezervacije izvr\u0161ene putem na\u0161e veb-stranice zavise od raspolo\u017eivosti. Potvrda: Rezervacija se smatra potvr\u0111enom tek kada primite va\u017ee\u0107e obave\u0161tenje o potvrdi (putem e-po\u0161te ili WhatsApp-a) ili [&hellip;]\" \/>\n<meta property=\"og:url\" content=\"https:\/\/almaza-travel.com\/sr\/politika-privatnosti\/\" \/>\n<meta property=\"og:site_name\" content=\"Almaza Travel\" \/>\n<meta property=\"article:modified_time\" content=\"2025-12-21T17:46:14+00:00\" \/>\n<meta name=\"twitter:card\" content=\"summary_large_image\" \/>\n<meta name=\"twitter:label1\" content=\"\u041f\u0440\u043e\u0446\u0435\u045a\u0435\u043d\u043e \u0432\u0440\u0435\u043c\u0435 \u0447\u0438\u0442\u0430\u045a\u0430\" \/>\n\t<meta name=\"twitter:data1\" content=\"2 minuta\" \/>\n<script type=\"application\/ld+json\" class=\"yoast-schema-graph\">{\"@context\":\"https:\\\/\\\/schema.org\",\"@graph\":[{\"@type\":\"WebPage\",\"@id\":\"https:\\\/\\\/almaza-travel.com\\\/sr\\\/politika-privatnosti\\\/\",\"url\":\"https:\\\/\\\/almaza-travel.com\\\/sr\\\/politika-privatnosti\\\/\",\"name\":\"Politika privatnosti &#8211; Almaza Travel\",\"isPartOf\":{\"@id\":\"https:\\\/\\\/almaza-travel.com\\\/#website\"},\"datePublished\":\"2025-10-25T11:04:15+00:00\",\"dateModified\":\"2025-12-21T17:46:14+00:00\",\"breadcrumb\":{\"@id\":\"https:\\\/\\\/almaza-travel.com\\\/sr\\\/politika-privatnosti\\\/#breadcrumb\"},\"inLanguage\":\"sr-RS\",\"potentialAction\":[{\"@type\":\"ReadAction\",\"target\":[\"https:\\\/\\\/almaza-travel.com\\\/sr\\\/politika-privatnosti\\\/\"]}]},{\"@type\":\"BreadcrumbList\",\"@id\":\"https:\\\/\\\/almaza-travel.com\\\/sr\\\/politika-privatnosti\\\/#breadcrumb\",\"itemListElement\":[{\"@type\":\"ListItem\",\"position\":1,\"name\":\"Po\u010detna\",\"item\":\"https:\\\/\\\/almaza-travel.com\\\/sr\\\/\"},{\"@type\":\"ListItem\",\"position\":2,\"name\":\"Politika privatnosti\"}]},{\"@type\":\"WebSite\",\"@id\":\"https:\\\/\\\/almaza-travel.com\\\/#website\",\"url\":\"https:\\\/\\\/almaza-travel.com\\\/\",\"name\":\"Almaza Travel\",\"description\":\"book your trip online\",\"publisher\":{\"@id\":\"https:\\\/\\\/almaza-travel.com\\\/#organization\"},\"potentialAction\":[{\"@type\":\"SearchAction\",\"target\":{\"@type\":\"EntryPoint\",\"urlTemplate\":\"https:\\\/\\\/almaza-travel.com\\\/?s={search_term_string}\"},\"query-input\":{\"@type\":\"PropertyValueSpecification\",\"valueRequired\":true,\"valueName\":\"search_term_string\"}}],\"inLanguage\":\"sr-RS\"},{\"@type\":\"Organization\",\"@id\":\"https:\\\/\\\/almaza-travel.com\\\/#organization\",\"name\":\"Almaza Travel\",\"url\":\"https:\\\/\\\/almaza-travel.com\\\/\",\"logo\":{\"@type\":\"ImageObject\",\"inLanguage\":\"sr-RS\",\"@id\":\"https:\\\/\\\/almaza-travel.com\\\/#\\\/schema\\\/logo\\\/image\\\/\",\"url\":\"https:\\\/\\\/almaza-travel.com\\\/wp-content\\\/uploads\\\/2024\\\/07\\\/cropped-373943de-ac21-4403-8254-f0b2932401cb.png\",\"contentUrl\":\"https:\\\/\\\/almaza-travel.com\\\/wp-content\\\/uploads\\\/2024\\\/07\\\/cropped-373943de-ac21-4403-8254-f0b2932401cb.png\",\"width\":968,\"height\":359,\"caption\":\"Almaza Travel\"},\"image\":{\"@id\":\"https:\\\/\\\/almaza-travel.com\\\/#\\\/schema\\\/logo\\\/image\\\/\"}}]}<\/script>\n<!-- \/ Yoast SEO plugin. -->","yoast_head_json":{"title":"Politika privatnosti &#8211; Almaza Travel","robots":{"index":"index","follow":"follow","max-snippet":"max-snippet:-1","max-image-preview":"max-image-preview:large","max-video-preview":"max-video-preview:-1"},"canonical":"https:\/\/almaza-travel.com\/sr\/politika-privatnosti\/","og_locale":"sr_RS","og_type":"article","og_title":"Politika privatnosti &#8211; Almaza Travel","og_description":"Dobrodo\u0161li na Almaza Travel. Pregledanjem ove veb-stranice i rezervacijom usluga putem almaza-travel.com, saglasni ste da po\u0161tujete slede\u0107e Uslove kori\u0161\u0107enja i da vas oni obavezuju. 1. Rezervacija i potvrda Rezervacije: Sve rezervacije izvr\u0161ene putem na\u0161e veb-stranice zavise od raspolo\u017eivosti. Potvrda: Rezervacija se smatra potvr\u0111enom tek kada primite va\u017ee\u0107e obave\u0161tenje o potvrdi (putem e-po\u0161te ili WhatsApp-a) ili [&hellip;]","og_url":"https:\/\/almaza-travel.com\/sr\/politika-privatnosti\/","og_site_name":"Almaza Travel","article_modified_time":"2025-12-21T17:46:14+00:00","twitter_card":"summary_large_image","twitter_misc":{"\u041f\u0440\u043e\u0446\u0435\u045a\u0435\u043d\u043e \u0432\u0440\u0435\u043c\u0435 \u0447\u0438\u0442\u0430\u045a\u0430":"2 minuta"},"schema":{"@context":"https:\/\/schema.org","@graph":[{"@type":"WebPage","@id":"https:\/\/almaza-travel.com\/sr\/politika-privatnosti\/","url":"https:\/\/almaza-travel.com\/sr\/politika-privatnosti\/","name":"Politika privatnosti &#8211; Almaza Travel","isPartOf":{"@id":"https:\/\/almaza-travel.com\/#website"},"datePublished":"2025-10-25T11:04:15+00:00","dateModified":"2025-12-21T17:46:14+00:00","breadcrumb":{"@id":"https:\/\/almaza-travel.com\/sr\/politika-privatnosti\/#breadcrumb"},"inLanguage":"sr-RS","potentialAction":[{"@type":"ReadAction","target":["https:\/\/almaza-travel.com\/sr\/politika-privatnosti\/"]}]},{"@type":"BreadcrumbList","@id":"https:\/\/almaza-travel.com\/sr\/politika-privatnosti\/#breadcrumb","itemListElement":[{"@type":"ListItem","position":1,"name":"Po\u010detna","item":"https:\/\/almaza-travel.com\/sr\/"},{"@type":"ListItem","position":2,"name":"Politika privatnosti"}]},{"@type":"WebSite","@id":"https:\/\/almaza-travel.com\/#website","url":"https:\/\/almaza-travel.com\/","name":"Almaza Travel","description":"book your trip online","publisher":{"@id":"https:\/\/almaza-travel.com\/#organization"},"potentialAction":[{"@type":"SearchAction","target":{"@type":"EntryPoint","urlTemplate":"https:\/\/almaza-travel.com\/?s={search_term_string}"},"query-input":{"@type":"PropertyValueSpecification","valueRequired":true,"valueName":"search_term_string"}}],"inLanguage":"sr-RS"},{"@type":"Organization","@id":"https:\/\/almaza-travel.com\/#organization","name":"Almaza Travel","url":"https:\/\/almaza-travel.com\/","logo":{"@type":"ImageObject","inLanguage":"sr-RS","@id":"https:\/\/almaza-travel.com\/#\/schema\/logo\/image\/","url":"https:\/\/almaza-travel.com\/wp-content\/uploads\/2024\/07\/cropped-373943de-ac21-4403-8254-f0b2932401cb.png","contentUrl":"https:\/\/almaza-travel.com\/wp-content\/uploads\/2024\/07\/cropped-373943de-ac21-4403-8254-f0b2932401cb.png","width":968,"height":359,"caption":"Almaza Travel"},"image":{"@id":"https:\/\/almaza-travel.com\/#\/schema\/logo\/image\/"}}]}},"_hostinger_reach_plugin_has_subscription_block":false,"_hostinger_reach_plugin_is_elementor":false,"_links":{"self":[{"href":"https:\/\/almaza-travel.com\/sr\/wp-json\/wp\/v2\/pages\/7734","targetHints":{"allow":["GET"]}}],"collection":[{"href":"https:\/\/almaza-travel.com\/sr\/wp-json\/wp\/v2\/pages"}],"about":[{"href":"https:\/\/almaza-travel.com\/sr\/wp-json\/wp\/v2\/types\/page"}],"author":[{"embeddable":true,"href":"https:\/\/almaza-travel.com\/sr\/wp-json\/wp\/v2\/users\/1"}],"replies":[{"embeddable":true,"href":"https:\/\/almaza-travel.com\/sr\/wp-json\/wp\/v2\/comments?post=7734"}],"version-history":[{"count":3,"href":"https:\/\/almaza-travel.com\/sr\/wp-json\/wp\/v2\/pages\/7734\/revisions"}],"predecessor-version":[{"id":8244,"href":"https:\/\/almaza-travel.com\/sr\/wp-json\/wp\/v2\/pages\/7734\/revisions\/8244"}],"wp:attachment":[{"href":"https:\/\/almaza-travel.com\/sr\/wp-json\/wp\/v2\/media?parent=7734"}],"curies":[{"name":"wp","href":"https:\/\/api.w.org\/{rel}","templated":true}]}}