{"id":8279,"date":"2025-12-22T11:18:33","date_gmt":"2025-12-22T11:18:33","guid":{"rendered":"https:\/\/almaza-travel.com\/despre-noi\/"},"modified":"2026-01-16T09:43:44","modified_gmt":"2026-01-16T09:43:44","slug":"despre-noi","status":"publish","type":"page","link":"https:\/\/almaza-travel.com\/ro\/despre-noi\/","title":{"rendered":"Despre noi"},"content":{"rendered":"\t\t<div data-elementor-type=\"wp-page\" data-elementor-id=\"8279\" class=\"elementor elementor-8279 elementor-8275\">\n\t\t\t\t<div class=\"elementor-element elementor-element-72463d8 e-con-full e-flex e-con e-parent\" data-id=\"72463d8\" data-element_type=\"container\" data-e-type=\"container\">\n\t\t<div class=\"elementor-element elementor-element-661befb e-con-full e-flex e-con e-child\" data-id=\"661befb\" data-element_type=\"container\" data-e-type=\"container\">\n\t\t\t\t<div class=\"elementor-element elementor-element-78736b3 elementor-widget elementor-widget-heading\" data-id=\"78736b3\" data-element_type=\"widget\" data-e-type=\"widget\" data-widget_type=\"heading.default\">\n\t\t\t\t\t<h1 class=\"elementor-heading-title elementor-size-default\">Bun venit la Almaza Travel<\/h1>\t\t\t\t<\/div>\n\t\t\t\t<div class=\"elementor-element elementor-element-e0e6d6b elementor-widget elementor-widget-text-editor\" data-id=\"e0e6d6b\" data-element_type=\"widget\" data-e-type=\"widget\" data-widget_type=\"text-editor.default\">\n\t\t\t\t\t\t\t\t\t<h5><span style=\"font-weight: 400;\">partenerul dumneavoastr\u0103 de \u00eencredere pentru aventuri de neuitat de-a lungul coastei uimitoare a M\u0103rii Ro\u0219ii din Egipt!<\/span><\/h5>\t\t\t\t\t\t\t\t<\/div>\n\t\t\t\t<div class=\"elementor-element elementor-element-aa1f949 elementor-widget elementor-widget-text-editor\" data-id=\"aa1f949\" data-element_type=\"widget\" data-e-type=\"widget\" data-widget_type=\"text-editor.default\">\n\t\t\t\t\t\t\t\t\t<p><span style=\"font-weight: 400;\">La Almaza Travel, ne specializ\u0103m \u00een furnizarea de excursii \u0219i excursii de o zi de \u00eenalt\u0103 calitate \u0219i la pre\u021buri accesibile din <\/span><a href=\"https:\/\/almaza-travel.com\/hurghada-excursions\/\"><span style=\"font-weight: 400;\">Excursii Hurghada<\/span><\/a><span style=\"font-weight: 400;\"> \u0219i <\/span><a href=\"https:\/\/almaza-travel.com\/marsa-alam-excursions\/\"><span style=\"font-weight: 400;\">Excursii Marsa Alam<\/span><\/a> <span style=\"font-weight: 400;\">. Cu ani de experien\u021b\u0103 \u00een industria turismului, echipa noastr\u0103 pasionat\u0103 este dedicat\u0103 cre\u0103rii de experien\u021be memorabile care s\u0103 pun\u0103 \u00een valoare frumuse\u021bea natural\u0103, cultura bogat\u0103 \u0219i activit\u0103\u021bile palpitante ale acestei regiuni incredibile.<\/span><\/p><p><span style=\"font-weight: 400;\">Fie c\u0103 sunte\u021bi \u00een c\u0103utarea unor excursii de snorkeling \u0219i scufund\u0103ri incitante \u00een ape cristaline, safari-uri palpitante \u00een de\u0219ert cu quad-uri sau jeep-uri, croaziere relaxante cu barca spre insule paradisiace precum Giftun sau Orange Bay, sau c\u0103l\u0103torii culturale spre minuni antice din Luxor \u0219i Cairo, oferim o gam\u0103 larg\u0103 de tururi personalizate, adaptate preferin\u021belor dumneavoastr\u0103. Serviciile noastre includ excursii private \u0219i de grup, asigur\u00e2nd confort, siguran\u021b\u0103 \u0219i personalizare pentru familii, cupluri \u0219i aventurieri deopotriv\u0103. <\/span><\/p>\t\t\t\t\t\t\t\t<\/div>\n\t\t\t\t<\/div>\n\t\t<div class=\"elementor-element elementor-element-4a341cb e-con-full e-flex e-con e-child\" data-id=\"4a341cb\" data-element_type=\"container\" data-e-type=\"container\">\n\t\t\t\t<div class=\"elementor-element elementor-element-e33a73d elementor-widget elementor-widget-image\" data-id=\"e33a73d\" data-element_type=\"widget\" data-e-type=\"widget\" data-widget_type=\"image.default\">\n\t\t\t\t\t\t\t\t\t\t\t\t\t\t\t<img fetchpriority=\"high\" decoding=\"async\" width=\"768\" height=\"769\" src=\"https:\/\/almaza-travel.com\/wp-content\/uploads\/2025\/12\/Image_202512251612.webp\" class=\"attachment-full size-full wp-image-8536\" alt=\"\" srcset=\"https:\/\/almaza-travel.com\/wp-content\/uploads\/2025\/12\/Image_202512251612.webp 768w, https:\/\/almaza-travel.com\/wp-content\/uploads\/2025\/12\/Image_202512251612-300x300.webp 300w, https:\/\/almaza-travel.com\/wp-content\/uploads\/2025\/12\/Image_202512251612-150x150.webp 150w, https:\/\/almaza-travel.com\/wp-content\/uploads\/2025\/12\/Image_202512251612-500x500.webp 500w\" sizes=\"(max-width: 768px) 100vw, 768px\" \/>\t\t\t\t\t\t\t\t\t\t\t\t\t\t\t<\/div>\n\t\t\t\t<\/div>\n\t\t\t\t<\/div>\n\t\t<div class=\"elementor-element elementor-element-23ad712 e-con-full e-flex e-con e-parent\" data-id=\"23ad712\" data-element_type=\"container\" data-e-type=\"container\">\n\t\t<div class=\"elementor-element elementor-element-77fac91 e-con-full e-flex e-con e-child\" data-id=\"77fac91\" data-element_type=\"container\" data-e-type=\"container\">\n\t\t\t\t<div class=\"elementor-element elementor-element-11ad608 elementor-widget elementor-widget-heading\" data-id=\"11ad608\" data-element_type=\"widget\" data-e-type=\"widget\" data-widget_type=\"heading.default\">\n\t\t\t\t\t<h3 class=\"elementor-heading-title elementor-size-default\">Ne m\u00e2ndrim cu<\/h3>\t\t\t\t<\/div>\n\t\t<div class=\"elementor-element elementor-element-7de2a50 e-con-full e-flex e-con e-child\" data-id=\"7de2a50\" data-element_type=\"container\" data-e-type=\"container\">\n\t\t<div class=\"elementor-element elementor-element-a6c8e90 e-con-full e-flex e-con e-child\" data-id=\"a6c8e90\" data-element_type=\"container\" data-e-type=\"container\">\n\t\t\t\t<div class=\"elementor-element elementor-element-d91dce8 elementor-view-default elementor-position-block-start elementor-mobile-position-block-start elementor-widget elementor-widget-icon-box\" data-id=\"d91dce8\" data-element_type=\"widget\" data-e-type=\"widget\" data-widget_type=\"icon-box.default\">\n\t\t\t\t\t\t\t<div class=\"elementor-icon-box-wrapper\">\n\n\t\t\t\t\t\t<div class=\"elementor-icon-box-icon\">\n\t\t\t\t<span  class=\"elementor-icon\">\n\t\t\t\t<svg aria-hidden=\"true\" class=\"e-font-icon-svg e-fas-bus\" viewBox=\"0 0 512 512\" xmlns=\"http:\/\/www.w3.org\/2000\/svg\"><path d=\"M488 128h-8V80c0-44.8-99.2-80-224-80S32 35.2 32 80v48h-8c-13.25 0-24 10.74-24 24v80c0 13.25 10.75 24 24 24h8v160c0 17.67 14.33 32 32 32v32c0 17.67 14.33 32 32 32h32c17.67 0 32-14.33 32-32v-32h192v32c0 17.67 14.33 32 32 32h32c17.67 0 32-14.33 32-32v-32h6.4c16 0 25.6-12.8 25.6-25.6V256h8c13.25 0 24-10.75 24-24v-80c0-13.26-10.75-24-24-24zM112 400c-17.67 0-32-14.33-32-32s14.33-32 32-32 32 14.33 32 32-14.33 32-32 32zm16-112c-17.67 0-32-14.33-32-32V128c0-17.67 14.33-32 32-32h256c17.67 0 32 14.33 32 32v128c0 17.67-14.33 32-32 32H128zm272 112c-17.67 0-32-14.33-32-32s14.33-32 32-32 32 14.33 32 32-14.33 32-32 32z\"><\/path><\/svg>\t\t\t\t<\/span>\n\t\t\t<\/div>\n\t\t\t\n\t\t\t\t\t\t<div class=\"elementor-icon-box-content\">\n\n\t\t\t\t\t\t\t\t\t<h5 class=\"elementor-icon-box-title\">\n\t\t\t\t\t\t<span  >\n\t\t\t\t\t\t\tRezerv\u0103ri flexibile\t\t\t\t\t\t<\/span>\n\t\t\t\t\t<\/h5>\n\t\t\t\t\n\t\t\t\t\t\t\t\t\t<p class=\"elementor-icon-box-description\">\n\t\t\t\t\t\t\u0219i asisten\u021b\u0103 excelent\u0103 pentru clien\u021bi\t\t\t\t\t<\/p>\n\t\t\t\t\n\t\t\t<\/div>\n\t\t\t\n\t\t<\/div>\n\t\t\t\t\t\t<\/div>\n\t\t\t\t<\/div>\n\t\t<div class=\"elementor-element elementor-element-cb67a62 e-con-full e-flex e-con e-child\" data-id=\"cb67a62\" data-element_type=\"container\" data-e-type=\"container\">\n\t\t\t\t<div class=\"elementor-element elementor-element-236f7db elementor-view-default elementor-position-block-start elementor-mobile-position-block-start elementor-widget elementor-widget-icon-box\" data-id=\"236f7db\" data-element_type=\"widget\" data-e-type=\"widget\" data-widget_type=\"icon-box.default\">\n\t\t\t\t\t\t\t<div class=\"elementor-icon-box-wrapper\">\n\n\t\t\t\t\t\t<div class=\"elementor-icon-box-icon\">\n\t\t\t\t<span  class=\"elementor-icon\">\n\t\t\t\t<svg aria-hidden=\"true\" class=\"e-font-icon-svg e-fas-bus\" viewBox=\"0 0 512 512\" xmlns=\"http:\/\/www.w3.org\/2000\/svg\"><path d=\"M488 128h-8V80c0-44.8-99.2-80-224-80S32 35.2 32 80v48h-8c-13.25 0-24 10.74-24 24v80c0 13.25 10.75 24 24 24h8v160c0 17.67 14.33 32 32 32v32c0 17.67 14.33 32 32 32h32c17.67 0 32-14.33 32-32v-32h192v32c0 17.67 14.33 32 32 32h32c17.67 0 32-14.33 32-32v-32h6.4c16 0 25.6-12.8 25.6-25.6V256h8c13.25 0 24-10.75 24-24v-80c0-13.26-10.75-24-24-24zM112 400c-17.67 0-32-14.33-32-32s14.33-32 32-32 32 14.33 32 32-14.33 32-32 32zm16-112c-17.67 0-32-14.33-32-32V128c0-17.67 14.33-32 32-32h256c17.67 0 32 14.33 32 32v128c0 17.67-14.33 32-32 32H128zm272 112c-17.67 0-32-14.33-32-32s14.33-32 32-32 32 14.33 32 32-14.33 32-32 32z\"><\/path><\/svg>\t\t\t\t<\/span>\n\t\t\t<\/div>\n\t\t\t\n\t\t\t\t\t\t<div class=\"elementor-icon-box-content\">\n\n\t\t\t\t\t\t\t\t\t<h5 class=\"elementor-icon-box-title\">\n\t\t\t\t\t\t<span  >\n\t\t\t\t\t\t\tTransferuri sigure \u0219i fiabile \t\t\t\t\t\t<\/span>\n\t\t\t\t\t<\/h5>\n\t\t\t\t\n\t\t\t\t\t\t\t\t\t<p class=\"elementor-icon-box-description\">\n\t\t\t\t\t\tde la hotelul dumneavoastr\u0103\t\t\t\t\t<\/p>\n\t\t\t\t\n\t\t\t<\/div>\n\t\t\t\n\t\t<\/div>\n\t\t\t\t\t\t<\/div>\n\t\t\t\t<\/div>\n\t\t<div class=\"elementor-element elementor-element-e9d636b e-con-full e-flex e-con e-child\" data-id=\"e9d636b\" data-element_type=\"container\" data-e-type=\"container\">\n\t\t\t\t<div class=\"elementor-element elementor-element-d8e2a56 elementor-view-default elementor-position-block-start elementor-mobile-position-block-start elementor-widget elementor-widget-icon-box\" data-id=\"d8e2a56\" data-element_type=\"widget\" data-e-type=\"widget\" data-widget_type=\"icon-box.default\">\n\t\t\t\t\t\t\t<div class=\"elementor-icon-box-wrapper\">\n\n\t\t\t\t\t\t<div class=\"elementor-icon-box-icon\">\n\t\t\t\t<span  class=\"elementor-icon\">\n\t\t\t\t<i aria-hidden=\"true\" class=\"havezic-icon- havezic-icon-money-bill\"><\/i>\t\t\t\t<\/span>\n\t\t\t<\/div>\n\t\t\t\n\t\t\t\t\t\t<div class=\"elementor-icon-box-content\">\n\n\t\t\t\t\t\t\t\t\t<h5 class=\"elementor-icon-box-title\">\n\t\t\t\t\t\t<span  >\n\t\t\t\t\t\t\tPre\u021buri competitive\t\t\t\t\t\t<\/span>\n\t\t\t\t\t<\/h5>\n\t\t\t\t\n\t\t\t\t\t\t\t\t\t<p class=\"elementor-icon-box-description\">\n\t\t\t\t\t\tf\u0103r\u0103 a face compromisuri \u00een ceea ce prive\u0219te calitatea\t\t\t\t\t<\/p>\n\t\t\t\t\n\t\t\t<\/div>\n\t\t\t\n\t\t<\/div>\n\t\t\t\t\t\t<\/div>\n\t\t\t\t<\/div>\n\t\t<div class=\"elementor-element elementor-element-7aa6502 e-con-full e-flex e-con e-child\" data-id=\"7aa6502\" data-element_type=\"container\" data-e-type=\"container\">\n\t\t\t\t<div class=\"elementor-element elementor-element-8f66dcc elementor-view-default elementor-position-block-start elementor-mobile-position-block-start elementor-widget elementor-widget-icon-box\" data-id=\"8f66dcc\" data-element_type=\"widget\" data-e-type=\"widget\" data-widget_type=\"icon-box.default\">\n\t\t\t\t\t\t\t<div class=\"elementor-icon-box-wrapper\">\n\n\t\t\t\t\t\t<div class=\"elementor-icon-box-icon\">\n\t\t\t\t<span  class=\"elementor-icon\">\n\t\t\t\t<svg aria-hidden=\"true\" class=\"e-font-icon-svg e-fas-user-tie\" viewBox=\"0 0 448 512\" xmlns=\"http:\/\/www.w3.org\/2000\/svg\"><path d=\"M224 256c70.7 0 128-57.3 128-128S294.7 0 224 0 96 57.3 96 128s57.3 128 128 128zm95.8 32.6L272 480l-32-136 32-56h-96l32 56-32 136-47.8-191.4C56.9 292 0 350.3 0 422.4V464c0 26.5 21.5 48 48 48h352c26.5 0 48-21.5 48-48v-41.6c0-72.1-56.9-130.4-128.2-133.8z\"><\/path><\/svg>\t\t\t\t<\/span>\n\t\t\t<\/div>\n\t\t\t\n\t\t\t\t\t\t<div class=\"elementor-icon-box-content\">\n\n\t\t\t\t\t\t\t\t\t<h5 class=\"elementor-icon-box-title\">\n\t\t\t\t\t\t<span  >\n\t\t\t\t\t\t\tGhiduri profesionale, vorbitoare de limba englez\u0103\t\t\t\t\t\t<\/span>\n\t\t\t\t\t<\/h5>\n\t\t\t\t\n\t\t\t\t\t\t\t\t\t<p class=\"elementor-icon-box-description\">\n\t\t\t\t\t\t\u0219i vehicule moderne, cu aer condi\u021bionat\t\t\t\t\t<\/p>\n\t\t\t\t\n\t\t\t<\/div>\n\t\t\t\n\t\t<\/div>\n\t\t\t\t\t\t<\/div>\n\t\t\t\t<\/div>\n\t\t\t\t<\/div>\n\t\t\t\t<\/div>\n\t\t\t\t<\/div>\n\t\t<div class=\"elementor-element elementor-element-ce085e6 e-con-full e-flex e-con e-parent\" data-id=\"ce085e6\" data-element_type=\"container\" data-e-type=\"container\">\n\t\t<div class=\"elementor-element elementor-element-e2e5d62 e-con-full e-flex e-con e-child\" data-id=\"e2e5d62\" data-element_type=\"container\" data-e-type=\"container\">\n\t\t\t\t<div class=\"elementor-element elementor-element-4d6132c elementor-widget elementor-widget-image\" data-id=\"4d6132c\" data-element_type=\"widget\" data-e-type=\"widget\" data-widget_type=\"image.default\">\n\t\t\t\t\t\t\t\t\t\t\t\t\t\t\t<img decoding=\"async\" width=\"1024\" height=\"497\" src=\"https:\/\/almaza-travel.com\/wp-content\/uploads\/2025\/12\/unnamed.webp\" class=\"attachment-full size-full wp-image-8531\" alt=\"\" srcset=\"https:\/\/almaza-travel.com\/wp-content\/uploads\/2025\/12\/unnamed.webp 1024w, https:\/\/almaza-travel.com\/wp-content\/uploads\/2025\/12\/unnamed-300x146.webp 300w, https:\/\/almaza-travel.com\/wp-content\/uploads\/2025\/12\/unnamed-768x373.webp 768w\" sizes=\"(max-width: 1024px) 100vw, 1024px\" \/>\t\t\t\t\t\t\t\t\t\t\t\t\t\t\t<\/div>\n\t\t\t\t<\/div>\n\t\t<div class=\"elementor-element elementor-element-0af7d7f e-con-full e-flex e-con e-child\" data-id=\"0af7d7f\" data-element_type=\"container\" data-e-type=\"container\">\n\t\t\t\t<div class=\"elementor-element elementor-element-5bc7613 elementor-widget elementor-widget-heading\" data-id=\"5bc7613\" data-element_type=\"widget\" data-e-type=\"widget\" data-widget_type=\"heading.default\">\n\t\t\t\t\t<h1 class=\"elementor-heading-title elementor-size-default\">Misiunea noastr\u0103<\/h1>\t\t\t\t<\/div>\n\t\t\t\t<div class=\"elementor-element elementor-element-6ffa310 elementor-widget elementor-widget-text-editor\" data-id=\"6ffa310\" data-element_type=\"widget\" data-e-type=\"widget\" data-widget_type=\"text-editor.default\">\n\t\t\t\t\t\t\t\t\t<p><span style=\"font-weight: 400;\">este s\u0103 v\u0103 ajut\u0103m s\u0103 descoperi\u021bi magia M\u0103rii Ro\u0219ii \u2013 de la \u00eenotul cu delfinii \u0219i explorarea recifelor de corali vibrante, p\u00e2n\u0103 la observarea stelelor \u00een de\u0219ert sub ceruri nesf\u00e2r\u0219ite. La Almaza Travel, fiecare c\u0103l\u0103torie este conceput\u0103 pentru a v\u0103 dep\u0103\u0219i a\u0219tept\u0103rile \u0219i a crea amintiri de neuitat. <br><\/span><span style=\"font-weight: 400;\">Al\u0103tura\u021bi-v\u0103 nou\u0103 \u0219i l\u0103sa\u021bi Almaza Travel s\u0103 v\u0103 transforme vacan\u021ba egiptean\u0103 \u00eentr-o aventur\u0103 extraordinar\u0103!<\/span><\/p>\t\t\t\t\t\t\t\t<\/div>\n\t\t\t\t<div class=\"elementor-element elementor-element-e90ca7a elementor-widget elementor-widget-button\" data-id=\"e90ca7a\" data-element_type=\"widget\" data-e-type=\"widget\" data-widget_type=\"button.default\">\n\t\t\t\t\t\t\t\t\t\t<a class=\"elementor-button elementor-button-link elementor-size-sm\" href=\"https:\/\/almaza-travel.com\/contact-us\/\">\n\t\t\t\t\t\t<span class=\"elementor-button-content-wrapper\">\n\t\t\t\t\t\t\t\t\t<span class=\"elementor-button-text\">Contacta\u021bi-ne ast\u0103zi pentru a v\u0103 rezerva urm\u0103toarea excursie<\/span>\n\t\t\t\t\t<\/span>\n\t\t\t\t\t<\/a>\n\t\t\t\t\t\t\t\t<\/div>\n\t\t\t\t<div class=\"elementor-element elementor-element-364ae19 elementor-widget elementor-widget-heading\" data-id=\"364ae19\" data-element_type=\"widget\" data-e-type=\"widget\" data-widget_type=\"heading.default\">\n\t\t\t\t\t<h3 class=\"elementor-heading-title elementor-size-default\">A\u0219tept\u0103m cu ner\u0103bdare s\u0103 v\u0103 ur\u0103m bun venit!<\/h3>\t\t\t\t<\/div>\n\t\t\t\t<\/div>\n\t\t\t\t<\/div>\n\t\t\t\t<\/div>\n\t\t","protected":false},"excerpt":{"rendered":"<p>Bun venit la Almaza Travel partenerul dumneavoastr\u0103 de \u00eencredere pentru aventuri de neuitat de-a lungul coastei uimitoare a M\u0103rii Ro\u0219ii din Egipt! La Almaza Travel, ne specializ\u0103m \u00een furnizarea de excursii \u0219i excursii de o zi de \u00eenalt\u0103 calitate \u0219i la pre\u021buri accesibile din Excursii Hurghada \u0219i Excursii Marsa Alam . Cu ani de experien\u021b\u0103 [&hellip;]<\/p>\n","protected":false},"author":1,"featured_media":0,"parent":0,"menu_order":0,"comment_status":"closed","ping_status":"closed","template":"","meta":{"footnotes":""},"class_list":["post-8279","page","type-page","status-publish","hentry"],"yoast_head":"<!-- This site is optimized with the Yoast SEO plugin v27.4 - https:\/\/yoast.com\/product\/yoast-seo-wordpress\/ -->\n<title>Despre noi &#8211; Almaza Travel<\/title>\n<meta name=\"robots\" content=\"index, follow, max-snippet:-1, max-image-preview:large, max-video-preview:-1\" \/>\n<link rel=\"canonical\" href=\"https:\/\/almaza-travel.com\/ro\/despre-noi\/\" \/>\n<meta property=\"og:locale\" content=\"ro_RO\" \/>\n<meta property=\"og:type\" content=\"article\" \/>\n<meta property=\"og:title\" content=\"Despre noi &#8211; Almaza Travel\" \/>\n<meta property=\"og:description\" content=\"Bun venit la Almaza Travel partenerul dumneavoastr\u0103 de \u00eencredere pentru aventuri de neuitat de-a lungul coastei uimitoare a M\u0103rii Ro\u0219ii din Egipt! La Almaza Travel, ne specializ\u0103m \u00een furnizarea de excursii \u0219i excursii de o zi de \u00eenalt\u0103 calitate \u0219i la pre\u021buri accesibile din Excursii Hurghada \u0219i Excursii Marsa Alam . Cu ani de experien\u021b\u0103 [&hellip;]\" \/>\n<meta property=\"og:url\" content=\"https:\/\/almaza-travel.com\/ro\/despre-noi\/\" \/>\n<meta property=\"og:site_name\" content=\"Almaza Travel\" \/>\n<meta property=\"article:modified_time\" content=\"2026-01-16T09:43:44+00:00\" \/>\n<meta property=\"og:image\" content=\"http:\/\/almaza-travel.com\/wp-content\/uploads\/2025\/12\/Image_202512251612.webp\" \/>\n<meta name=\"twitter:card\" content=\"summary_large_image\" \/>\n<meta name=\"twitter:label1\" content=\"Timp estimat pentru citire\" \/>\n\t<meta name=\"twitter:data1\" content=\"2 minute\" \/>\n<script type=\"application\/ld+json\" class=\"yoast-schema-graph\">{\"@context\":\"https:\\\/\\\/schema.org\",\"@graph\":[{\"@type\":\"WebPage\",\"@id\":\"https:\\\/\\\/almaza-travel.com\\\/ro\\\/despre-noi\\\/\",\"url\":\"https:\\\/\\\/almaza-travel.com\\\/ro\\\/despre-noi\\\/\",\"name\":\"Despre noi &#8211; Almaza Travel\",\"isPartOf\":{\"@id\":\"https:\\\/\\\/almaza-travel.com\\\/#website\"},\"primaryImageOfPage\":{\"@id\":\"https:\\\/\\\/almaza-travel.com\\\/ro\\\/despre-noi\\\/#primaryimage\"},\"image\":{\"@id\":\"https:\\\/\\\/almaza-travel.com\\\/ro\\\/despre-noi\\\/#primaryimage\"},\"thumbnailUrl\":\"http:\\\/\\\/almaza-travel.com\\\/wp-content\\\/uploads\\\/2025\\\/12\\\/Image_202512251612.webp\",\"datePublished\":\"2025-12-22T11:18:33+00:00\",\"dateModified\":\"2026-01-16T09:43:44+00:00\",\"breadcrumb\":{\"@id\":\"https:\\\/\\\/almaza-travel.com\\\/ro\\\/despre-noi\\\/#breadcrumb\"},\"inLanguage\":\"ro-RO\",\"potentialAction\":[{\"@type\":\"ReadAction\",\"target\":[\"https:\\\/\\\/almaza-travel.com\\\/ro\\\/despre-noi\\\/\"]}]},{\"@type\":\"ImageObject\",\"inLanguage\":\"ro-RO\",\"@id\":\"https:\\\/\\\/almaza-travel.com\\\/ro\\\/despre-noi\\\/#primaryimage\",\"url\":\"http:\\\/\\\/almaza-travel.com\\\/wp-content\\\/uploads\\\/2025\\\/12\\\/Image_202512251612.webp\",\"contentUrl\":\"http:\\\/\\\/almaza-travel.com\\\/wp-content\\\/uploads\\\/2025\\\/12\\\/Image_202512251612.webp\"},{\"@type\":\"BreadcrumbList\",\"@id\":\"https:\\\/\\\/almaza-travel.com\\\/ro\\\/despre-noi\\\/#breadcrumb\",\"itemListElement\":[{\"@type\":\"ListItem\",\"position\":1,\"name\":\"Acas\u0103\",\"item\":\"https:\\\/\\\/almaza-travel.com\\\/ro\\\/\"},{\"@type\":\"ListItem\",\"position\":2,\"name\":\"Despre noi\"}]},{\"@type\":\"WebSite\",\"@id\":\"https:\\\/\\\/almaza-travel.com\\\/#website\",\"url\":\"https:\\\/\\\/almaza-travel.com\\\/\",\"name\":\"Almaza Travel\",\"description\":\"book your trip online\",\"publisher\":{\"@id\":\"https:\\\/\\\/almaza-travel.com\\\/#organization\"},\"potentialAction\":[{\"@type\":\"SearchAction\",\"target\":{\"@type\":\"EntryPoint\",\"urlTemplate\":\"https:\\\/\\\/almaza-travel.com\\\/?s={search_term_string}\"},\"query-input\":{\"@type\":\"PropertyValueSpecification\",\"valueRequired\":true,\"valueName\":\"search_term_string\"}}],\"inLanguage\":\"ro-RO\"},{\"@type\":\"Organization\",\"@id\":\"https:\\\/\\\/almaza-travel.com\\\/#organization\",\"name\":\"Almaza Travel\",\"url\":\"https:\\\/\\\/almaza-travel.com\\\/\",\"logo\":{\"@type\":\"ImageObject\",\"inLanguage\":\"ro-RO\",\"@id\":\"https:\\\/\\\/almaza-travel.com\\\/#\\\/schema\\\/logo\\\/image\\\/\",\"url\":\"https:\\\/\\\/almaza-travel.com\\\/wp-content\\\/uploads\\\/2024\\\/07\\\/cropped-373943de-ac21-4403-8254-f0b2932401cb.png\",\"contentUrl\":\"https:\\\/\\\/almaza-travel.com\\\/wp-content\\\/uploads\\\/2024\\\/07\\\/cropped-373943de-ac21-4403-8254-f0b2932401cb.png\",\"width\":968,\"height\":359,\"caption\":\"Almaza Travel\"},\"image\":{\"@id\":\"https:\\\/\\\/almaza-travel.com\\\/#\\\/schema\\\/logo\\\/image\\\/\"}}]}<\/script>\n<!-- \/ Yoast SEO plugin. -->","yoast_head_json":{"title":"Despre noi &#8211; Almaza Travel","robots":{"index":"index","follow":"follow","max-snippet":"max-snippet:-1","max-image-preview":"max-image-preview:large","max-video-preview":"max-video-preview:-1"},"canonical":"https:\/\/almaza-travel.com\/ro\/despre-noi\/","og_locale":"ro_RO","og_type":"article","og_title":"Despre noi &#8211; Almaza Travel","og_description":"Bun venit la Almaza Travel partenerul dumneavoastr\u0103 de \u00eencredere pentru aventuri de neuitat de-a lungul coastei uimitoare a M\u0103rii Ro\u0219ii din Egipt! La Almaza Travel, ne specializ\u0103m \u00een furnizarea de excursii \u0219i excursii de o zi de \u00eenalt\u0103 calitate \u0219i la pre\u021buri accesibile din Excursii Hurghada \u0219i Excursii Marsa Alam . Cu ani de experien\u021b\u0103 [&hellip;]","og_url":"https:\/\/almaza-travel.com\/ro\/despre-noi\/","og_site_name":"Almaza Travel","article_modified_time":"2026-01-16T09:43:44+00:00","og_image":[{"url":"http:\/\/almaza-travel.com\/wp-content\/uploads\/2025\/12\/Image_202512251612.webp","type":"","width":"","height":""}],"twitter_card":"summary_large_image","twitter_misc":{"Timp estimat pentru citire":"2 minute"},"schema":{"@context":"https:\/\/schema.org","@graph":[{"@type":"WebPage","@id":"https:\/\/almaza-travel.com\/ro\/despre-noi\/","url":"https:\/\/almaza-travel.com\/ro\/despre-noi\/","name":"Despre noi &#8211; Almaza Travel","isPartOf":{"@id":"https:\/\/almaza-travel.com\/#website"},"primaryImageOfPage":{"@id":"https:\/\/almaza-travel.com\/ro\/despre-noi\/#primaryimage"},"image":{"@id":"https:\/\/almaza-travel.com\/ro\/despre-noi\/#primaryimage"},"thumbnailUrl":"http:\/\/almaza-travel.com\/wp-content\/uploads\/2025\/12\/Image_202512251612.webp","datePublished":"2025-12-22T11:18:33+00:00","dateModified":"2026-01-16T09:43:44+00:00","breadcrumb":{"@id":"https:\/\/almaza-travel.com\/ro\/despre-noi\/#breadcrumb"},"inLanguage":"ro-RO","potentialAction":[{"@type":"ReadAction","target":["https:\/\/almaza-travel.com\/ro\/despre-noi\/"]}]},{"@type":"ImageObject","inLanguage":"ro-RO","@id":"https:\/\/almaza-travel.com\/ro\/despre-noi\/#primaryimage","url":"http:\/\/almaza-travel.com\/wp-content\/uploads\/2025\/12\/Image_202512251612.webp","contentUrl":"http:\/\/almaza-travel.com\/wp-content\/uploads\/2025\/12\/Image_202512251612.webp"},{"@type":"BreadcrumbList","@id":"https:\/\/almaza-travel.com\/ro\/despre-noi\/#breadcrumb","itemListElement":[{"@type":"ListItem","position":1,"name":"Acas\u0103","item":"https:\/\/almaza-travel.com\/ro\/"},{"@type":"ListItem","position":2,"name":"Despre noi"}]},{"@type":"WebSite","@id":"https:\/\/almaza-travel.com\/#website","url":"https:\/\/almaza-travel.com\/","name":"Almaza Travel","description":"book your trip online","publisher":{"@id":"https:\/\/almaza-travel.com\/#organization"},"potentialAction":[{"@type":"SearchAction","target":{"@type":"EntryPoint","urlTemplate":"https:\/\/almaza-travel.com\/?s={search_term_string}"},"query-input":{"@type":"PropertyValueSpecification","valueRequired":true,"valueName":"search_term_string"}}],"inLanguage":"ro-RO"},{"@type":"Organization","@id":"https:\/\/almaza-travel.com\/#organization","name":"Almaza Travel","url":"https:\/\/almaza-travel.com\/","logo":{"@type":"ImageObject","inLanguage":"ro-RO","@id":"https:\/\/almaza-travel.com\/#\/schema\/logo\/image\/","url":"https:\/\/almaza-travel.com\/wp-content\/uploads\/2024\/07\/cropped-373943de-ac21-4403-8254-f0b2932401cb.png","contentUrl":"https:\/\/almaza-travel.com\/wp-content\/uploads\/2024\/07\/cropped-373943de-ac21-4403-8254-f0b2932401cb.png","width":968,"height":359,"caption":"Almaza Travel"},"image":{"@id":"https:\/\/almaza-travel.com\/#\/schema\/logo\/image\/"}}]}},"_hostinger_reach_plugin_has_subscription_block":false,"_hostinger_reach_plugin_is_elementor":false,"_links":{"self":[{"href":"https:\/\/almaza-travel.com\/ro\/wp-json\/wp\/v2\/pages\/8279","targetHints":{"allow":["GET"]}}],"collection":[{"href":"https:\/\/almaza-travel.com\/ro\/wp-json\/wp\/v2\/pages"}],"about":[{"href":"https:\/\/almaza-travel.com\/ro\/wp-json\/wp\/v2\/types\/page"}],"author":[{"embeddable":true,"href":"https:\/\/almaza-travel.com\/ro\/wp-json\/wp\/v2\/users\/1"}],"replies":[{"embeddable":true,"href":"https:\/\/almaza-travel.com\/ro\/wp-json\/wp\/v2\/comments?post=8279"}],"version-history":[{"count":4,"href":"https:\/\/almaza-travel.com\/ro\/wp-json\/wp\/v2\/pages\/8279\/revisions"}],"predecessor-version":[{"id":9818,"href":"https:\/\/almaza-travel.com\/ro\/wp-json\/wp\/v2\/pages\/8279\/revisions\/9818"}],"wp:attachment":[{"href":"https:\/\/almaza-travel.com\/ro\/wp-json\/wp\/v2\/media?parent=8279"}],"curies":[{"name":"wp","href":"https:\/\/api.w.org\/{rel}","templated":true}]}}