{"id":7133,"date":"2024-07-26T07:02:42","date_gmt":"2024-07-26T07:02:42","guid":{"rendered":"https:\/\/almaza-travel.com\/blog\/"},"modified":"2025-12-22T11:23:58","modified_gmt":"2025-12-22T11:23:58","slug":"blog","status":"publish","type":"page","link":"https:\/\/almaza-travel.com\/ro\/blog\/","title":{"rendered":"Blog"},"content":{"rendered":"\t\t<div data-elementor-type=\"wp-page\" data-elementor-id=\"7133\" class=\"elementor elementor-7133 elementor-665\">\n\t\t\t\t<div class=\"elementor-element elementor-element-7908746 e-con-full e-flex e-con e-parent\" data-id=\"7908746\" data-element_type=\"container\" data-e-type=\"container\">\n\t\t<div class=\"elementor-element elementor-element-6f5027b e-con-full e-flex e-con e-child\" data-id=\"6f5027b\" data-element_type=\"container\" data-e-type=\"container\">\n\t\t\t\t<div class=\"elementor-element elementor-element-52d582e elementor-widget elementor-widget-havezic-post-grid\" data-id=\"52d582e\" data-element_type=\"widget\" data-e-type=\"widget\" data-widget_type=\"havezic-post-grid.default\">\n\t\t\t\t<div class=\"elementor-widget-container\">\n\t\t\t\t\t        <div class=\"elementor-post-grid\">\n            <div class=\"elementor-post-wrapper elementor-post-style-1\">\n                <div class=\"d-grid\">\n                                                                    <div class=\"grid-item\">\n                                <div class=\"post-inner blog-grid\">\n        <div class=\"post-content\">\n        <div class=\"entry-header\">\n            <div class=\"entry-meta\">\n                 <div class=\"categories-link\"><span class=\"screen-reader-text\">Categorii<\/span><a href=\"https:\/\/almaza-travel.com\/ro\/category\/excursie-hurghada\/\" rel=\"category tag\">excursie hurghada<\/a><\/div> <div class=\"posted-on\"><a href=\"https:\/\/almaza-travel.com\/ro\/marele-acvariu-hurghada\/\" rel=\"bookmark\"><time class=\"entry-date published\" datetime=\"2026-02-18T07:37:49+00:00\">18 februarie 2026<\/time><time class=\"updated\" datetime=\"2026-12-17T07:37:49+00:00\">17 decembrie 2026<\/time><\/a><\/div> <div class=\"post-author\"><span class=\"text-author\">De <\/span><a href=\"https:\/\/almaza-travel.com\/ro\/author\/momansour258gmail-com\/\" class=\"url fn\" rel=\"author\">momansour258@gmail.com<\/a><\/div>            <\/div>\n            <h3 class=\"sigma entry-title\"><a href=\"https:\/\/almaza-travel.com\/ro\/marele-acvariu-hurghada\/\" rel=\"bookmark\">marele acvariu hurghada<\/a><\/h3>        <\/div>\n        <div class=\"entry-content\">\n            <div class=\"entry-excerpt\"><p>10 Motive pentru care Marele Acvariu Hurghada trebuie s\u0103 fie pe lista dumneavoastr\u0103 de destina\u021bii din Egipt &nbsp; Apropia\u021bi-v\u0103 de pr\u0103d\u0103torii supremi ai m\u0103rii, p\u0103str\u00e2ndu-v\u0103 hainele uscate. Almaza Travel ofer\u0103 acces VIP la aceast\u0103 vizit\u0103 exclusiv\u0103 la Marele Acvariu Hurghada, o facilitate de clas\u0103 mondial\u0103 care combin\u0103 un vast ecosistem marin, o p\u0103dure tropical\u0103 luxuriant\u0103 [&hellip;]<\/p>\n<\/div>\n            <div class=\"more-link-wrap\"><a class=\"more-link\" href=\"https:\/\/almaza-travel.com\/ro\/marele-acvariu-hurghada\/\"> <span class=\"elementor-button-icon left\"><i class=\"havezic-icon-arrow-small-right\"><\/i><\/span>Citi\u021bi mai mult<span class=\"elementor-button-icon right\"><i class=\"havezic-icon-arrow-small-right\"><\/i><\/span><\/a><\/div>        <\/div>\n    <\/div>\n<\/div>                            <\/div>\n                                                <div class=\"grid-item\">\n                                <div class=\"post-inner blog-grid\">\n        <div class=\"post-content\">\n        <div class=\"entry-header\">\n            <div class=\"entry-meta\">\n                 <div class=\"categories-link\"><span class=\"screen-reader-text\">Categorii<\/span><a href=\"https:\/\/almaza-travel.com\/ro\/category\/stiri\/\" rel=\"category tag\">\u0219tiri<\/a><\/div> <div class=\"posted-on\"><a href=\"https:\/\/almaza-travel.com\/ro\/cele-mai-bune-tururi-in-cairo\/\" rel=\"bookmark\"><time class=\"entry-date published\" datetime=\"2026-02-17T00:40:29+00:00\">17 februarie 2026<\/time><time class=\"updated\" datetime=\"2026-02-17T20:05:54+00:00\">17 februarie 2026<\/time><\/a><\/div> <div class=\"post-author\"><span class=\"text-author\">De <\/span><a href=\"https:\/\/almaza-travel.com\/ro\/author\/momansour258gmail-com\/\" class=\"url fn\" rel=\"author\">momansour258@gmail.com<\/a><\/div>            <\/div>\n            <h3 class=\"sigma entry-title\"><a href=\"https:\/\/almaza-travel.com\/ro\/cele-mai-bune-tururi-in-cairo\/\" rel=\"bookmark\">De ce Cairo este principala destina\u021bie de c\u0103l\u0103torie a anului 2026<\/a><\/h3>        <\/div>\n        <div class=\"entry-content\">\n            <div class=\"entry-excerpt\"><p>Preg\u0103ti\u021bi-v\u0103; acesta nu este un an obi\u0219nuit. Cairo va prelua oficial titlul de destina\u021bie turistic\u0103 de top a lumii \u00een 2026. \u00cen timp ce restul lumii urm\u0103rea tendin\u021be trec\u0103toare, antica noastr\u0103 capital\u0103 preg\u0103tea \u00een t\u0103cere o scen\u0103 demn\u0103 de m\u0103re\u021bia sa. Ast\u0103zi, putem declara cu \u00eencredere c\u0103 Cairo este mai mult dec\u00e2t o simpl\u0103 escal\u0103; [&hellip;]<\/p>\n<\/div>\n            <div class=\"more-link-wrap\"><a class=\"more-link\" href=\"https:\/\/almaza-travel.com\/ro\/cele-mai-bune-tururi-in-cairo\/\"> <span class=\"elementor-button-icon left\"><i class=\"havezic-icon-arrow-small-right\"><\/i><\/span>Citi\u021bi mai mult<span class=\"elementor-button-icon right\"><i class=\"havezic-icon-arrow-small-right\"><\/i><\/span><\/a><\/div>        <\/div>\n    <\/div>\n<\/div>                            <\/div>\n                                                <div class=\"grid-item\">\n                                <div class=\"post-inner blog-grid\">\n        <div class=\"post-content\">\n        <div class=\"entry-header\">\n            <div class=\"entry-meta\">\n                 <div class=\"categories-link\"><span class=\"screen-reader-text\">Categorii<\/span><a href=\"https:\/\/almaza-travel.com\/ro\/category\/excursie-marsa-alam\/\" rel=\"category tag\">excursie marsa alam<\/a><\/div> <div class=\"posted-on\"><a href=\"https:\/\/almaza-travel.com\/ro\/lacul-nayzak-marsa-alam\/\" rel=\"bookmark\"><time class=\"entry-date published\" datetime=\"2026-02-15T21:28:36+00:00\">15 februarie 2026<\/time><time class=\"updated\" datetime=\"2026-02-15T21:59:03+00:00\">15 februarie 2026<\/time><\/a><\/div> <div class=\"post-author\"><span class=\"text-author\">De <\/span><a href=\"https:\/\/almaza-travel.com\/ro\/author\/momansour258gmail-com\/\" class=\"url fn\" rel=\"author\">momansour258@gmail.com<\/a><\/div>            <\/div>\n            <h3 class=\"sigma entry-title\"><a href=\"https:\/\/almaza-travel.com\/ro\/lacul-nayzak-marsa-alam\/\" rel=\"bookmark\">Lacul Nayzak Marsa Alam<\/a><\/h3>        <\/div>\n        <div class=\"entry-content\">\n            <div class=\"entry-excerpt\"><p>Tot ce trebuie s\u0103 \u0219ti\u021bi \u00eenainte de a vizita Lacul Nayzak: Cel mai bine p\u0103strat secret al Egiptului Ce \u00eei atrage pe c\u0103l\u0103tori \u00een Egipt? Este Nilul etern, templele antice din Luxor sau piramidele atemporale? Poate c\u0103 adev\u0103rata magie se afl\u0103 dincolo de aceste simboluri, \u00een zone \u00eenc\u0103 nedescoperite, unde secretele naturii a\u0219teapt\u0103 s\u0103 fie [&hellip;]<\/p>\n<\/div>\n            <div class=\"more-link-wrap\"><a class=\"more-link\" href=\"https:\/\/almaza-travel.com\/ro\/lacul-nayzak-marsa-alam\/\"> <span class=\"elementor-button-icon left\"><i class=\"havezic-icon-arrow-small-right\"><\/i><\/span>Citi\u021bi mai mult<span class=\"elementor-button-icon right\"><i class=\"havezic-icon-arrow-small-right\"><\/i><\/span><\/a><\/div>        <\/div>\n    <\/div>\n<\/div>                            <\/div>\n                                                <div class=\"grid-item\">\n                                <div class=\"post-inner blog-grid\">\n        <div class=\"post-content\">\n        <div class=\"entry-header\">\n            <div class=\"entry-meta\">\n                 <div class=\"categories-link\"><span class=\"screen-reader-text\">Categorii<\/span><a href=\"https:\/\/almaza-travel.com\/ro\/category\/excursie-hurghada\/\" rel=\"category tag\">excursie hurghada<\/a><\/div> <div class=\"posted-on\"><a href=\"https:\/\/almaza-travel.com\/ro\/spectacolul-alf-leila-wa-leila\/\" rel=\"bookmark\"><time class=\"entry-date published\" datetime=\"2026-02-15T07:49:55+00:00\">15 februarie 2026<\/time><time class=\"updated\" datetime=\"2026-02-15T22:38:41+00:00\">15 februarie 2026<\/time><\/a><\/div> <div class=\"post-author\"><span class=\"text-author\">De <\/span><a href=\"https:\/\/almaza-travel.com\/ro\/author\/momansour258gmail-com\/\" class=\"url fn\" rel=\"author\">momansour258@gmail.com<\/a><\/div>            <\/div>\n            <h3 class=\"sigma entry-title\"><a href=\"https:\/\/almaza-travel.com\/ro\/spectacolul-alf-leila-wa-leila\/\" rel=\"bookmark\">Spectacolul Alf Leila Wa Leila<\/a><\/h3>        <\/div>\n        <div class=\"entry-content\">\n            <div class=\"entry-excerpt\"><p>Cum s\u0103 experimenta\u021bi adev\u0103rata magie a folclorului antic la Spectacolul Alf Leila Wa Leila &nbsp; Imagina\u021bi-v\u0103 farmecul pur de a p\u0103\u0219i dincolo de limitele prezentului \u0219i de a petrece noaptea printre pove\u0219ti nesf\u00e2r\u0219ite despre sultani \u0219i r\u0103zboinici ai de\u0219ertului! Spectacolul Alf Leila Wa Leila este mult mai mult dec\u00e2t o reprezenta\u021bie artistic\u0103 unic\u0103; este o [&hellip;]<\/p>\n<\/div>\n            <div class=\"more-link-wrap\"><a class=\"more-link\" href=\"https:\/\/almaza-travel.com\/ro\/spectacolul-alf-leila-wa-leila\/\"> <span class=\"elementor-button-icon left\"><i class=\"havezic-icon-arrow-small-right\"><\/i><\/span>Citi\u021bi mai mult<span class=\"elementor-button-icon right\"><i class=\"havezic-icon-arrow-small-right\"><\/i><\/span><\/a><\/div>        <\/div>\n    <\/div>\n<\/div>                            <\/div>\n                                                <div class=\"grid-item\">\n                                <div class=\"post-inner blog-grid\">\n        <div class=\"post-content\">\n        <div class=\"entry-header\">\n            <div class=\"entry-meta\">\n                 <div class=\"categories-link\"><span class=\"screen-reader-text\">Categorii<\/span><a href=\"https:\/\/almaza-travel.com\/ro\/category\/excursie-hurghada\/\" rel=\"category tag\">excursie hurghada<\/a><\/div> <div class=\"posted-on\"><a href=\"https:\/\/almaza-travel.com\/ro\/mini-egypt-park-hurghada\/\" rel=\"bookmark\"><time class=\"entry-date published\" datetime=\"2026-02-15T07:48:57+00:00\">15 februarie 2026<\/time><time class=\"updated\" datetime=\"2026-02-15T23:13:25+00:00\">15 februarie 2026<\/time><\/a><\/div> <div class=\"post-author\"><span class=\"text-author\">De <\/span><a href=\"https:\/\/almaza-travel.com\/ro\/author\/momansour258gmail-com\/\" class=\"url fn\" rel=\"author\">momansour258@gmail.com<\/a><\/div>            <\/div>\n            <h3 class=\"sigma entry-title\"><a href=\"https:\/\/almaza-travel.com\/ro\/mini-egypt-park-hurghada\/\" rel=\"bookmark\">Mini Egypt Park Hurghada: Ghidul complet pentru vizitatori de Almaza Travel<\/a><\/h3>        <\/div>\n        <div class=\"entry-content\">\n            <div class=\"entry-excerpt\"><p>V-a\u021bi imaginat vreodat\u0103 c\u0103 pute\u021bi traversa \u00eentreaga \u00eentindere a Egiptului \u0219i descoperi comorile sale arhitecturale eterne \u00een doar c\u00e2teva ore?! Mini Egypt Park Hurghada transform\u0103 acest vis \u00een realitate. Almaza Travel serve\u0219te drept poarta dumneavoastr\u0103 ideal\u0103 c\u0103tre explorarea minunilor lumii printr-o viziune distins\u0103. V\u0103 invit\u0103m \u00eentr-un sejur excep\u021bional \u00een inima Mini Egypt Park, situat \u00een [&hellip;]<\/p>\n<\/div>\n            <div class=\"more-link-wrap\"><a class=\"more-link\" href=\"https:\/\/almaza-travel.com\/ro\/mini-egypt-park-hurghada\/\"> <span class=\"elementor-button-icon left\"><i class=\"havezic-icon-arrow-small-right\"><\/i><\/span>Citi\u021bi mai mult<span class=\"elementor-button-icon right\"><i class=\"havezic-icon-arrow-small-right\"><\/i><\/span><\/a><\/div>        <\/div>\n    <\/div>\n<\/div>                            <\/div>\n                                                <div class=\"grid-item\">\n                                <div class=\"post-inner blog-grid\">\n        <div class=\"post-content\">\n        <div class=\"entry-header\">\n            <div class=\"entry-meta\">\n                 <div class=\"categories-link\"><span class=\"screen-reader-text\">Categorii<\/span><a href=\"https:\/\/almaza-travel.com\/ro\/category\/excursie-hurghada\/\" rel=\"category tag\">excursie hurghada<\/a><\/div> <div class=\"posted-on\"><a href=\"https:\/\/almaza-travel.com\/ro\/fotografii-plimbare-cu-camila-hurghada\/\" rel=\"bookmark\"><time class=\"entry-date published\" datetime=\"2026-02-14T09:10:20+00:00\">14 februarie 2026<\/time><time class=\"updated\" datetime=\"2026-02-14T10:06:51+00:00\">14 februarie 2026<\/time><\/a><\/div> <div class=\"post-author\"><span class=\"text-author\">De <\/span><a href=\"https:\/\/almaza-travel.com\/ro\/author\/momansour258gmail-com\/\" class=\"url fn\" rel=\"author\">momansour258@gmail.com<\/a><\/div>            <\/div>\n            <h3 class=\"sigma entry-title\"><a href=\"https:\/\/almaza-travel.com\/ro\/fotografii-plimbare-cu-camila-hurghada\/\" rel=\"bookmark\">Cele mai bune locuri pentru fotografii \u00een timpul unei plimb\u0103ri cu c\u0103mila \u00een Hurghada<\/a><\/h3>        <\/div>\n        <div class=\"entry-content\">\n            <div class=\"entry-excerpt\"><p>Ghidul suprem pentru st\u0103p\u00e2nirea fotografiei \u00een timpul drume\u021biilor cu c\u0103mila \u00een Hurghada cu Almaza Travel V-a\u021bi g\u00e2ndit s\u0103 v\u0103 transpune\u021bi \u00een rolul lui Lawrence al Arabiei, plimb\u00e2ndu-v\u0103 pe dune aurii \u00een timp ce soarele picteaz\u0103 cerul \u00een nuan\u021be inimaginabile de portocaliu \u0219i violet? A\u0219a c\u0103 preg\u0103ti\u021bi-v\u0103 (sau, mai bine zis, \u021bine\u021bi-v\u0103 bine de coarnele \u0219eii), [&hellip;]<\/p>\n<\/div>\n            <div class=\"more-link-wrap\"><a class=\"more-link\" href=\"https:\/\/almaza-travel.com\/ro\/fotografii-plimbare-cu-camila-hurghada\/\"> <span class=\"elementor-button-icon left\"><i class=\"havezic-icon-arrow-small-right\"><\/i><\/span>Citi\u021bi mai mult<span class=\"elementor-button-icon right\"><i class=\"havezic-icon-arrow-small-right\"><\/i><\/span><\/a><\/div>        <\/div>\n    <\/div>\n<\/div>                            <\/div>\n                                                        <\/div>\n            <\/div>\n                                    <div class=\"pagination\">\n            <nav class=\"elementor-pagination\" role=\"navigation\"\n                 aria-label=\"Pagination\">\n                <span aria-current=\"page\" class=\"page-numbers current\"><span class=\"elementor-screen-only\">Page<\/span>1<\/span>\n<a class=\"page-numbers\" href=\"https:\/\/almaza-travel.com\/ro\/wp-json\/wp\/v2\/pages\/7133\/page\/2\/\"><span class=\"elementor-screen-only\">Page<\/span>2<\/a>\n<a class=\"page-numbers\" href=\"https:\/\/almaza-travel.com\/ro\/wp-json\/wp\/v2\/pages\/7133\/page\/3\/\"><span class=\"elementor-screen-only\">Page<\/span>3<\/a>\n<a class=\"page-numbers\" href=\"https:\/\/almaza-travel.com\/ro\/wp-json\/wp\/v2\/pages\/7133\/page\/4\/\"><span class=\"elementor-screen-only\">Page<\/span>4<\/a>\n<a class=\"page-numbers\" href=\"https:\/\/almaza-travel.com\/ro\/wp-json\/wp\/v2\/pages\/7133\/page\/5\/\"><span class=\"elementor-screen-only\">Page<\/span>5<\/a>            <\/nav>\n        <\/div>\n                            <\/div>\n                        \t\t\t\t<\/div>\n\t\t\t\t<\/div>\n\t\t\t\t<\/div>\n\t\t\t\t<\/div>\n\t\t\t\t<\/div>\n\t\t","protected":false},"excerpt":{"rendered":"<p>Categoriesnews December 22, 2025December 22, 2025 By momansour258@gmail.com Hello post Read More<\/p>\n","protected":false},"author":1,"featured_media":0,"parent":0,"menu_order":0,"comment_status":"closed","ping_status":"closed","template":"","meta":{"footnotes":""},"class_list":["post-7133","page","type-page","status-publish","hentry"],"yoast_head":"<!-- This site is optimized with the Yoast SEO plugin v27.4 - https:\/\/yoast.com\/product\/yoast-seo-wordpress\/ -->\n<title>Blog &#8211; Almaza Travel<\/title>\n<meta name=\"robots\" content=\"index, follow, max-snippet:-1, max-image-preview:large, max-video-preview:-1\" \/>\n<link rel=\"canonical\" href=\"https:\/\/almaza-travel.com\/blog\/\" \/>\n<meta property=\"og:locale\" content=\"ro_RO\" \/>\n<meta property=\"og:type\" content=\"article\" \/>\n<meta property=\"og:title\" content=\"Blog &#8211; Almaza Travel\" \/>\n<meta property=\"og:description\" content=\"Categoriesnews December 22, 2025December 22, 2025 By momansour258@gmail.com Hello post Read More\" \/>\n<meta property=\"og:url\" content=\"https:\/\/almaza-travel.com\/blog\/\" \/>\n<meta property=\"og:site_name\" content=\"Almaza Travel\" \/>\n<meta property=\"article:modified_time\" content=\"2025-12-22T11:23:58+00:00\" \/>\n<meta property=\"og:image\" content=\"http:\/\/almaza-travel.com\/wp-content\/uploads\/2024\/07\/offer2-img1.jpg\" \/>\n<meta name=\"twitter:card\" content=\"summary_large_image\" \/>\n<script type=\"application\/ld+json\" class=\"yoast-schema-graph\">{\"@context\":\"https:\\\/\\\/schema.org\",\"@graph\":[{\"@type\":\"WebPage\",\"@id\":\"https:\\\/\\\/almaza-travel.com\\\/blog\\\/\",\"url\":\"https:\\\/\\\/almaza-travel.com\\\/blog\\\/\",\"name\":\"Blog &#8211; Almaza Travel\",\"isPartOf\":{\"@id\":\"https:\\\/\\\/almaza-travel.com\\\/#website\"},\"primaryImageOfPage\":{\"@id\":\"https:\\\/\\\/almaza-travel.com\\\/blog\\\/#primaryimage\"},\"image\":{\"@id\":\"https:\\\/\\\/almaza-travel.com\\\/blog\\\/#primaryimage\"},\"thumbnailUrl\":\"http:\\\/\\\/almaza-travel.com\\\/wp-content\\\/uploads\\\/2024\\\/07\\\/offer2-img1.jpg\",\"datePublished\":\"2024-07-26T07:02:42+00:00\",\"dateModified\":\"2025-12-22T11:23:58+00:00\",\"breadcrumb\":{\"@id\":\"https:\\\/\\\/almaza-travel.com\\\/blog\\\/#breadcrumb\"},\"inLanguage\":\"ro-RO\",\"potentialAction\":[{\"@type\":\"ReadAction\",\"target\":[\"https:\\\/\\\/almaza-travel.com\\\/blog\\\/\"]}]},{\"@type\":\"ImageObject\",\"inLanguage\":\"ro-RO\",\"@id\":\"https:\\\/\\\/almaza-travel.com\\\/blog\\\/#primaryimage\",\"url\":\"http:\\\/\\\/almaza-travel.com\\\/wp-content\\\/uploads\\\/2024\\\/07\\\/offer2-img1.jpg\",\"contentUrl\":\"http:\\\/\\\/almaza-travel.com\\\/wp-content\\\/uploads\\\/2024\\\/07\\\/offer2-img1.jpg\"},{\"@type\":\"BreadcrumbList\",\"@id\":\"https:\\\/\\\/almaza-travel.com\\\/blog\\\/#breadcrumb\",\"itemListElement\":[{\"@type\":\"ListItem\",\"position\":1,\"name\":\"Acas\u0103\",\"item\":\"https:\\\/\\\/almaza-travel.com\\\/ro\\\/\"},{\"@type\":\"ListItem\",\"position\":2,\"name\":\"Blog\"}]},{\"@type\":\"WebSite\",\"@id\":\"https:\\\/\\\/almaza-travel.com\\\/#website\",\"url\":\"https:\\\/\\\/almaza-travel.com\\\/\",\"name\":\"Almaza Travel\",\"description\":\"book your trip online\",\"publisher\":{\"@id\":\"https:\\\/\\\/almaza-travel.com\\\/#organization\"},\"potentialAction\":[{\"@type\":\"SearchAction\",\"target\":{\"@type\":\"EntryPoint\",\"urlTemplate\":\"https:\\\/\\\/almaza-travel.com\\\/?s={search_term_string}\"},\"query-input\":{\"@type\":\"PropertyValueSpecification\",\"valueRequired\":true,\"valueName\":\"search_term_string\"}}],\"inLanguage\":\"ro-RO\"},{\"@type\":\"Organization\",\"@id\":\"https:\\\/\\\/almaza-travel.com\\\/#organization\",\"name\":\"Almaza Travel\",\"url\":\"https:\\\/\\\/almaza-travel.com\\\/\",\"logo\":{\"@type\":\"ImageObject\",\"inLanguage\":\"ro-RO\",\"@id\":\"https:\\\/\\\/almaza-travel.com\\\/#\\\/schema\\\/logo\\\/image\\\/\",\"url\":\"https:\\\/\\\/almaza-travel.com\\\/wp-content\\\/uploads\\\/2024\\\/07\\\/cropped-373943de-ac21-4403-8254-f0b2932401cb.png\",\"contentUrl\":\"https:\\\/\\\/almaza-travel.com\\\/wp-content\\\/uploads\\\/2024\\\/07\\\/cropped-373943de-ac21-4403-8254-f0b2932401cb.png\",\"width\":968,\"height\":359,\"caption\":\"Almaza Travel\"},\"image\":{\"@id\":\"https:\\\/\\\/almaza-travel.com\\\/#\\\/schema\\\/logo\\\/image\\\/\"}}]}<\/script>\n<!-- \/ Yoast SEO plugin. -->","yoast_head_json":{"title":"Blog &#8211; Almaza Travel","robots":{"index":"index","follow":"follow","max-snippet":"max-snippet:-1","max-image-preview":"max-image-preview:large","max-video-preview":"max-video-preview:-1"},"canonical":"https:\/\/almaza-travel.com\/blog\/","og_locale":"ro_RO","og_type":"article","og_title":"Blog &#8211; Almaza Travel","og_description":"Categoriesnews December 22, 2025December 22, 2025 By momansour258@gmail.com Hello post Read More","og_url":"https:\/\/almaza-travel.com\/blog\/","og_site_name":"Almaza Travel","article_modified_time":"2025-12-22T11:23:58+00:00","og_image":[{"url":"http:\/\/almaza-travel.com\/wp-content\/uploads\/2024\/07\/offer2-img1.jpg","type":"","width":"","height":""}],"twitter_card":"summary_large_image","schema":{"@context":"https:\/\/schema.org","@graph":[{"@type":"WebPage","@id":"https:\/\/almaza-travel.com\/blog\/","url":"https:\/\/almaza-travel.com\/blog\/","name":"Blog &#8211; Almaza Travel","isPartOf":{"@id":"https:\/\/almaza-travel.com\/#website"},"primaryImageOfPage":{"@id":"https:\/\/almaza-travel.com\/blog\/#primaryimage"},"image":{"@id":"https:\/\/almaza-travel.com\/blog\/#primaryimage"},"thumbnailUrl":"http:\/\/almaza-travel.com\/wp-content\/uploads\/2024\/07\/offer2-img1.jpg","datePublished":"2024-07-26T07:02:42+00:00","dateModified":"2025-12-22T11:23:58+00:00","breadcrumb":{"@id":"https:\/\/almaza-travel.com\/blog\/#breadcrumb"},"inLanguage":"ro-RO","potentialAction":[{"@type":"ReadAction","target":["https:\/\/almaza-travel.com\/blog\/"]}]},{"@type":"ImageObject","inLanguage":"ro-RO","@id":"https:\/\/almaza-travel.com\/blog\/#primaryimage","url":"http:\/\/almaza-travel.com\/wp-content\/uploads\/2024\/07\/offer2-img1.jpg","contentUrl":"http:\/\/almaza-travel.com\/wp-content\/uploads\/2024\/07\/offer2-img1.jpg"},{"@type":"BreadcrumbList","@id":"https:\/\/almaza-travel.com\/blog\/#breadcrumb","itemListElement":[{"@type":"ListItem","position":1,"name":"Acas\u0103","item":"https:\/\/almaza-travel.com\/ro\/"},{"@type":"ListItem","position":2,"name":"Blog"}]},{"@type":"WebSite","@id":"https:\/\/almaza-travel.com\/#website","url":"https:\/\/almaza-travel.com\/","name":"Almaza Travel","description":"book your trip online","publisher":{"@id":"https:\/\/almaza-travel.com\/#organization"},"potentialAction":[{"@type":"SearchAction","target":{"@type":"EntryPoint","urlTemplate":"https:\/\/almaza-travel.com\/?s={search_term_string}"},"query-input":{"@type":"PropertyValueSpecification","valueRequired":true,"valueName":"search_term_string"}}],"inLanguage":"ro-RO"},{"@type":"Organization","@id":"https:\/\/almaza-travel.com\/#organization","name":"Almaza Travel","url":"https:\/\/almaza-travel.com\/","logo":{"@type":"ImageObject","inLanguage":"ro-RO","@id":"https:\/\/almaza-travel.com\/#\/schema\/logo\/image\/","url":"https:\/\/almaza-travel.com\/wp-content\/uploads\/2024\/07\/cropped-373943de-ac21-4403-8254-f0b2932401cb.png","contentUrl":"https:\/\/almaza-travel.com\/wp-content\/uploads\/2024\/07\/cropped-373943de-ac21-4403-8254-f0b2932401cb.png","width":968,"height":359,"caption":"Almaza Travel"},"image":{"@id":"https:\/\/almaza-travel.com\/#\/schema\/logo\/image\/"}}]}},"_hostinger_reach_plugin_has_subscription_block":false,"_hostinger_reach_plugin_is_elementor":false,"_links":{"self":[{"href":"https:\/\/almaza-travel.com\/ro\/wp-json\/wp\/v2\/pages\/7133","targetHints":{"allow":["GET"]}}],"collection":[{"href":"https:\/\/almaza-travel.com\/ro\/wp-json\/wp\/v2\/pages"}],"about":[{"href":"https:\/\/almaza-travel.com\/ro\/wp-json\/wp\/v2\/types\/page"}],"author":[{"embeddable":true,"href":"https:\/\/almaza-travel.com\/ro\/wp-json\/wp\/v2\/users\/1"}],"replies":[{"embeddable":true,"href":"https:\/\/almaza-travel.com\/ro\/wp-json\/wp\/v2\/comments?post=7133"}],"version-history":[{"count":1,"href":"https:\/\/almaza-travel.com\/ro\/wp-json\/wp\/v2\/pages\/7133\/revisions"}],"predecessor-version":[{"id":8288,"href":"https:\/\/almaza-travel.com\/ro\/wp-json\/wp\/v2\/pages\/7133\/revisions\/8288"}],"wp:attachment":[{"href":"https:\/\/almaza-travel.com\/ro\/wp-json\/wp\/v2\/media?parent=7133"}],"curies":[{"name":"wp","href":"https:\/\/api.w.org\/{rel}","templated":true}]}}