{"id":7033,"date":"2025-10-25T11:06:16","date_gmt":"2025-10-25T11:06:16","guid":{"rendered":"https:\/\/almaza-travel.com\/termeni-si-conditii\/"},"modified":"2025-12-21T17:46:15","modified_gmt":"2025-12-21T17:46:15","slug":"termeni-si-conditii","status":"publish","type":"page","link":"https:\/\/almaza-travel.com\/ro\/termeni-si-conditii\/","title":{"rendered":"Termeni \u0219i condi\u021bii"},"content":{"rendered":"\t\t<div data-elementor-type=\"wp-page\" data-elementor-id=\"7033\" class=\"elementor elementor-7033 elementor-10\">\n\t\t\t\t<div class=\"elementor-element elementor-element-7faef602 e-con-full e-flex e-con e-parent\" data-id=\"7faef602\" data-element_type=\"container\" data-e-type=\"container\">\n\t\t\t\t<div class=\"elementor-element elementor-element-71e9dbc1 elementor-widget elementor-widget-text-editor\" data-id=\"71e9dbc1\" data-element_type=\"widget\" data-e-type=\"widget\" data-widget_type=\"text-editor.default\">\n\t\t\t\t\t\t\t\t\t<p data-path-to-node=\"7\">La <b data-path-to-node=\"7\" data-index-in-node=\"3\">Almaza Travel<\/b> (\u201enoi\u201d, \u201eal nostru\u201d sau \u201enou\u0103\u201d), ne angaj\u0103m s\u0103 v\u0103 protej\u0103m confiden\u021bialitatea. Aceast\u0103 Politic\u0103 de confiden\u021bialitate explic\u0103 modul \u00een care colect\u0103m, utiliz\u0103m \u0219i protej\u0103m informa\u021biile dumneavoastr\u0103 personale atunci c\u00e2nd vizita\u021bi site-ul nostru web <b data-path-to-node=\"7\" data-index-in-node=\"203\">almaza-travel.com<\/b> sau utiliza\u021bi serviciile noastre. <\/p><h4 data-path-to-node=\"8\"><b data-path-to-node=\"8\" data-index-in-node=\"0\">1. Informa\u021biile pe care le colect\u0103m<\/b><\/h4><p data-path-to-node=\"9\">Putem colecta informa\u021bii personale de identificare pentru a v\u0103 facilita rezervarea \u0219i pentru a ne \u00eembun\u0103t\u0103\u021bi serviciile, inclusiv:<\/p><ul data-path-to-node=\"10\"><li><p data-path-to-node=\"10,0,0\"><b data-path-to-node=\"10,0,0\" data-index-in-node=\"0\">Detalii personale:<\/b> Nume, adres\u0103 de e-mail, num\u0103r de telefon.<\/p><\/li><li><p data-path-to-node=\"10,1,0\"><b data-path-to-node=\"10,1,0\" data-index-in-node=\"0\">Informa\u021bii de c\u0103l\u0103torie:<\/b> Numele hotelului, num\u0103rul camerei, loca\u021bia de preluare, datele c\u0103l\u0103toriei \u0219i preferin\u021bele de tur.<\/p><\/li><li><p data-path-to-node=\"10,2,0\"><b data-path-to-node=\"10,2,0\" data-index-in-node=\"0\">Date tehnice:<\/b> Adresa IP, tipul browserului \u0219i informa\u021biile despre dispozitiv colectate automat prin intermediul cookie-urilor.<\/p><\/li><\/ul><h4 data-path-to-node=\"11\"><b data-path-to-node=\"11\" data-index-in-node=\"0\">2. Cum folosim informa\u021biile dumneavoastr\u0103<\/b><\/h4><p data-path-to-node=\"12\">Folosim datele dumneavoastr\u0103 \u00een urm\u0103toarele scopuri:<\/p><ul data-path-to-node=\"13\"><li><p data-path-to-node=\"13,0,0\"><b data-path-to-node=\"13,0,0\" data-index-in-node=\"0\">Procesarea rezerv\u0103rilor:<\/b> Pentru a procesa tranzac\u021biile, a confirma rezerv\u0103rile \u0219i a v\u0103 gestiona rezerv\u0103rile.<\/p><\/li><li><p data-path-to-node=\"13,1,0\"><b data-path-to-node=\"13,1,0\" data-index-in-node=\"0\">Comunicare:<\/b> Pentru a trimite confirm\u0103ri de rezervare, actualiz\u0103ri de itinerar \u0219i mesaje de asisten\u021b\u0103.<\/p><\/li><li><p data-path-to-node=\"13,2,0\"><b data-path-to-node=\"13,2,0\" data-index-in-node=\"0\">\u00cendeplinirea serviciilor:<\/b> Pentru a ne coordona cu echipele noastre opera\u021bionale, \u0219oferii \u0219i ghizii pentru a asigura prestarea serviciilor.<\/p><\/li><li><p data-path-to-node=\"13,3,0\"><b data-path-to-node=\"13,3,0\" data-index-in-node=\"0\">\u00cembun\u0103t\u0103\u021bire:<\/b> Pentru a analiza utilizarea site-ului web \u0219i a ne \u00eembun\u0103t\u0103\u021bi experien\u021ba utilizatorului.<\/p><\/li><\/ul><h4 data-path-to-node=\"14\"><b data-path-to-node=\"14\" data-index-in-node=\"0\">3. Securitatea informa\u021biilor de plat\u0103<\/b><\/h4><p data-path-to-node=\"15\">Pentru serviciile care necesit\u0103 plat\u0103, fie online, fie offline:<\/p><ul data-path-to-node=\"16\"><li><p data-path-to-node=\"16,0,0\">Dac\u0103 pl\u0103ti\u021bi online, tranzac\u021bia dumneavoastr\u0103 este procesat\u0103 printr-o poart\u0103 de plat\u0103 securizat\u0103, ter\u021b\u0103 parte.<\/p><\/li><li><p data-path-to-node=\"16,1,0\"><b data-path-to-node=\"16,1,0\" data-index-in-node=\"0\">Nu stoc\u0103m \u0219i nu salv\u0103m informa\u021biile complete ale cardului dumneavoastr\u0103 de credit<\/b> pe serverele noastre. Toate datele financiare sensibile sunt criptate \u0219i procesate de furnizori de pl\u0103\u021bi autoriza\u021bi. <\/p><\/li><\/ul><h4 data-path-to-node=\"17\"><b data-path-to-node=\"17\" data-index-in-node=\"0\">4. Partajarea informa\u021biilor dumneavoastr\u0103<\/b><\/h4><p data-path-to-node=\"18\">Nu vindem datele dumneavoastr\u0103 personale. Putem partaja detaliile necesare (cum ar fi numele dumneavoastr\u0103 \u0219i loca\u021bia de preluare) cu furnizori de servicii ter\u021bi de \u00eencredere (de exemplu, \u0219oferi de transport, operatori de ambarca\u021biuni, centre de safari) strict \u00een scopul furniz\u0103rii turului sau serviciului pe care l-a\u021bi rezervat. <\/p><h4 data-path-to-node=\"19\"><b data-path-to-node=\"19\" data-index-in-node=\"0\">5. Cookie-uri<\/b><\/h4><p data-path-to-node=\"20\">Site-ul nostru web folose\u0219te cookie-uri pentru a v\u0103 \u00eembun\u0103t\u0103\u021bi experien\u021ba. Pute\u021bi alege s\u0103 dezactiva\u021bi cookie-urile prin set\u0103rile browserului dumneavoastr\u0103, de\u0219i acest lucru poate afecta func\u021bionalitatea site-ului nostru web. <\/p><h4 data-path-to-node=\"21\"><b data-path-to-node=\"21\" data-index-in-node=\"0\">6. Drepturile dumneavoastr\u0103<\/b><\/h4><p data-path-to-node=\"22\">Ave\u021bi dreptul de a solicita acces la datele personale pe care le de\u021binem despre dumneavoastr\u0103 sau de a solicita \u0219tergerea acestora. Pentru a v\u0103 exercita aceste drepturi, v\u0103 rug\u0103m s\u0103 ne contacta\u021bi la <a href=\"mailto:info@almaza-travel.com\">info@almaza-travel.com<\/a>. <\/p>\t\t\t\t\t\t\t\t<\/div>\n\t\t\t\t<\/div>\n\t\t\t\t<\/div>\n\t\t","protected":false},"excerpt":{"rendered":"<p>La Almaza Travel (\u201enoi\u201d, \u201eal nostru\u201d sau \u201enou\u0103\u201d), ne angaj\u0103m s\u0103 v\u0103 protej\u0103m confiden\u021bialitatea. Aceast\u0103 Politic\u0103 de confiden\u021bialitate explic\u0103 modul \u00een care colect\u0103m, utiliz\u0103m \u0219i protej\u0103m informa\u021biile dumneavoastr\u0103 personale atunci c\u00e2nd vizita\u021bi site-ul nostru web almaza-travel.com sau utiliza\u021bi serviciile noastre. 1. Informa\u021biile pe care le colect\u0103m Putem colecta informa\u021bii personale de identificare pentru a v\u0103 [&hellip;]<\/p>\n","protected":false},"author":1,"featured_media":0,"parent":0,"menu_order":0,"comment_status":"closed","ping_status":"closed","template":"","meta":{"footnotes":""},"class_list":["post-7033","page","type-page","status-publish","hentry"],"yoast_head":"<!-- This site is optimized with the Yoast SEO plugin v27.4 - https:\/\/yoast.com\/product\/yoast-seo-wordpress\/ -->\n<title>Termeni \u0219i condi\u021bii &#8211; Almaza Travel<\/title>\n<meta name=\"robots\" content=\"index, follow, max-snippet:-1, max-image-preview:large, max-video-preview:-1\" \/>\n<link rel=\"canonical\" href=\"https:\/\/almaza-travel.com\/ro\/termeni-si-conditii\/\" \/>\n<meta property=\"og:locale\" content=\"ro_RO\" \/>\n<meta property=\"og:type\" content=\"article\" \/>\n<meta property=\"og:title\" content=\"Termeni \u0219i condi\u021bii &#8211; Almaza Travel\" \/>\n<meta property=\"og:description\" content=\"La Almaza Travel (\u201enoi\u201d, \u201eal nostru\u201d sau \u201enou\u0103\u201d), ne angaj\u0103m s\u0103 v\u0103 protej\u0103m confiden\u021bialitatea. Aceast\u0103 Politic\u0103 de confiden\u021bialitate explic\u0103 modul \u00een care colect\u0103m, utiliz\u0103m \u0219i protej\u0103m informa\u021biile dumneavoastr\u0103 personale atunci c\u00e2nd vizita\u021bi site-ul nostru web almaza-travel.com sau utiliza\u021bi serviciile noastre. 1. Informa\u021biile pe care le colect\u0103m Putem colecta informa\u021bii personale de identificare pentru a v\u0103 [&hellip;]\" \/>\n<meta property=\"og:url\" content=\"https:\/\/almaza-travel.com\/ro\/termeni-si-conditii\/\" \/>\n<meta property=\"og:site_name\" content=\"Almaza Travel\" \/>\n<meta property=\"article:modified_time\" content=\"2025-12-21T17:46:15+00:00\" \/>\n<meta name=\"twitter:card\" content=\"summary_large_image\" \/>\n<meta name=\"twitter:label1\" content=\"Timp estimat pentru citire\" \/>\n\t<meta name=\"twitter:data1\" content=\"2 minute\" \/>\n<script type=\"application\/ld+json\" class=\"yoast-schema-graph\">{\"@context\":\"https:\\\/\\\/schema.org\",\"@graph\":[{\"@type\":\"WebPage\",\"@id\":\"https:\\\/\\\/almaza-travel.com\\\/ro\\\/termeni-si-conditii\\\/\",\"url\":\"https:\\\/\\\/almaza-travel.com\\\/ro\\\/termeni-si-conditii\\\/\",\"name\":\"Termeni \u0219i condi\u021bii &#8211; Almaza Travel\",\"isPartOf\":{\"@id\":\"https:\\\/\\\/almaza-travel.com\\\/#website\"},\"datePublished\":\"2025-10-25T11:06:16+00:00\",\"dateModified\":\"2025-12-21T17:46:15+00:00\",\"breadcrumb\":{\"@id\":\"https:\\\/\\\/almaza-travel.com\\\/ro\\\/termeni-si-conditii\\\/#breadcrumb\"},\"inLanguage\":\"ro-RO\",\"potentialAction\":[{\"@type\":\"ReadAction\",\"target\":[\"https:\\\/\\\/almaza-travel.com\\\/ro\\\/termeni-si-conditii\\\/\"]}]},{\"@type\":\"BreadcrumbList\",\"@id\":\"https:\\\/\\\/almaza-travel.com\\\/ro\\\/termeni-si-conditii\\\/#breadcrumb\",\"itemListElement\":[{\"@type\":\"ListItem\",\"position\":1,\"name\":\"Acas\u0103\",\"item\":\"https:\\\/\\\/almaza-travel.com\\\/ro\\\/\"},{\"@type\":\"ListItem\",\"position\":2,\"name\":\"Termeni \u0219i condi\u021bii\"}]},{\"@type\":\"WebSite\",\"@id\":\"https:\\\/\\\/almaza-travel.com\\\/#website\",\"url\":\"https:\\\/\\\/almaza-travel.com\\\/\",\"name\":\"Almaza Travel\",\"description\":\"book your trip online\",\"publisher\":{\"@id\":\"https:\\\/\\\/almaza-travel.com\\\/#organization\"},\"potentialAction\":[{\"@type\":\"SearchAction\",\"target\":{\"@type\":\"EntryPoint\",\"urlTemplate\":\"https:\\\/\\\/almaza-travel.com\\\/?s={search_term_string}\"},\"query-input\":{\"@type\":\"PropertyValueSpecification\",\"valueRequired\":true,\"valueName\":\"search_term_string\"}}],\"inLanguage\":\"ro-RO\"},{\"@type\":\"Organization\",\"@id\":\"https:\\\/\\\/almaza-travel.com\\\/#organization\",\"name\":\"Almaza Travel\",\"url\":\"https:\\\/\\\/almaza-travel.com\\\/\",\"logo\":{\"@type\":\"ImageObject\",\"inLanguage\":\"ro-RO\",\"@id\":\"https:\\\/\\\/almaza-travel.com\\\/#\\\/schema\\\/logo\\\/image\\\/\",\"url\":\"https:\\\/\\\/almaza-travel.com\\\/wp-content\\\/uploads\\\/2024\\\/07\\\/cropped-373943de-ac21-4403-8254-f0b2932401cb.png\",\"contentUrl\":\"https:\\\/\\\/almaza-travel.com\\\/wp-content\\\/uploads\\\/2024\\\/07\\\/cropped-373943de-ac21-4403-8254-f0b2932401cb.png\",\"width\":968,\"height\":359,\"caption\":\"Almaza Travel\"},\"image\":{\"@id\":\"https:\\\/\\\/almaza-travel.com\\\/#\\\/schema\\\/logo\\\/image\\\/\"}}]}<\/script>\n<!-- \/ Yoast SEO plugin. -->","yoast_head_json":{"title":"Termeni \u0219i condi\u021bii &#8211; Almaza Travel","robots":{"index":"index","follow":"follow","max-snippet":"max-snippet:-1","max-image-preview":"max-image-preview:large","max-video-preview":"max-video-preview:-1"},"canonical":"https:\/\/almaza-travel.com\/ro\/termeni-si-conditii\/","og_locale":"ro_RO","og_type":"article","og_title":"Termeni \u0219i condi\u021bii &#8211; Almaza Travel","og_description":"La Almaza Travel (\u201enoi\u201d, \u201eal nostru\u201d sau \u201enou\u0103\u201d), ne angaj\u0103m s\u0103 v\u0103 protej\u0103m confiden\u021bialitatea. Aceast\u0103 Politic\u0103 de confiden\u021bialitate explic\u0103 modul \u00een care colect\u0103m, utiliz\u0103m \u0219i protej\u0103m informa\u021biile dumneavoastr\u0103 personale atunci c\u00e2nd vizita\u021bi site-ul nostru web almaza-travel.com sau utiliza\u021bi serviciile noastre. 1. Informa\u021biile pe care le colect\u0103m Putem colecta informa\u021bii personale de identificare pentru a v\u0103 [&hellip;]","og_url":"https:\/\/almaza-travel.com\/ro\/termeni-si-conditii\/","og_site_name":"Almaza Travel","article_modified_time":"2025-12-21T17:46:15+00:00","twitter_card":"summary_large_image","twitter_misc":{"Timp estimat pentru citire":"2 minute"},"schema":{"@context":"https:\/\/schema.org","@graph":[{"@type":"WebPage","@id":"https:\/\/almaza-travel.com\/ro\/termeni-si-conditii\/","url":"https:\/\/almaza-travel.com\/ro\/termeni-si-conditii\/","name":"Termeni \u0219i condi\u021bii &#8211; Almaza Travel","isPartOf":{"@id":"https:\/\/almaza-travel.com\/#website"},"datePublished":"2025-10-25T11:06:16+00:00","dateModified":"2025-12-21T17:46:15+00:00","breadcrumb":{"@id":"https:\/\/almaza-travel.com\/ro\/termeni-si-conditii\/#breadcrumb"},"inLanguage":"ro-RO","potentialAction":[{"@type":"ReadAction","target":["https:\/\/almaza-travel.com\/ro\/termeni-si-conditii\/"]}]},{"@type":"BreadcrumbList","@id":"https:\/\/almaza-travel.com\/ro\/termeni-si-conditii\/#breadcrumb","itemListElement":[{"@type":"ListItem","position":1,"name":"Acas\u0103","item":"https:\/\/almaza-travel.com\/ro\/"},{"@type":"ListItem","position":2,"name":"Termeni \u0219i condi\u021bii"}]},{"@type":"WebSite","@id":"https:\/\/almaza-travel.com\/#website","url":"https:\/\/almaza-travel.com\/","name":"Almaza Travel","description":"book your trip online","publisher":{"@id":"https:\/\/almaza-travel.com\/#organization"},"potentialAction":[{"@type":"SearchAction","target":{"@type":"EntryPoint","urlTemplate":"https:\/\/almaza-travel.com\/?s={search_term_string}"},"query-input":{"@type":"PropertyValueSpecification","valueRequired":true,"valueName":"search_term_string"}}],"inLanguage":"ro-RO"},{"@type":"Organization","@id":"https:\/\/almaza-travel.com\/#organization","name":"Almaza Travel","url":"https:\/\/almaza-travel.com\/","logo":{"@type":"ImageObject","inLanguage":"ro-RO","@id":"https:\/\/almaza-travel.com\/#\/schema\/logo\/image\/","url":"https:\/\/almaza-travel.com\/wp-content\/uploads\/2024\/07\/cropped-373943de-ac21-4403-8254-f0b2932401cb.png","contentUrl":"https:\/\/almaza-travel.com\/wp-content\/uploads\/2024\/07\/cropped-373943de-ac21-4403-8254-f0b2932401cb.png","width":968,"height":359,"caption":"Almaza Travel"},"image":{"@id":"https:\/\/almaza-travel.com\/#\/schema\/logo\/image\/"}}]}},"_hostinger_reach_plugin_has_subscription_block":false,"_hostinger_reach_plugin_is_elementor":false,"_links":{"self":[{"href":"https:\/\/almaza-travel.com\/ro\/wp-json\/wp\/v2\/pages\/7033","targetHints":{"allow":["GET"]}}],"collection":[{"href":"https:\/\/almaza-travel.com\/ro\/wp-json\/wp\/v2\/pages"}],"about":[{"href":"https:\/\/almaza-travel.com\/ro\/wp-json\/wp\/v2\/types\/page"}],"author":[{"embeddable":true,"href":"https:\/\/almaza-travel.com\/ro\/wp-json\/wp\/v2\/users\/1"}],"replies":[{"embeddable":true,"href":"https:\/\/almaza-travel.com\/ro\/wp-json\/wp\/v2\/comments?post=7033"}],"version-history":[{"count":2,"href":"https:\/\/almaza-travel.com\/ro\/wp-json\/wp\/v2\/pages\/7033\/revisions"}],"predecessor-version":[{"id":8249,"href":"https:\/\/almaza-travel.com\/ro\/wp-json\/wp\/v2\/pages\/7033\/revisions\/8249"}],"wp:attachment":[{"href":"https:\/\/almaza-travel.com\/ro\/wp-json\/wp\/v2\/media?parent=7033"}],"curies":[{"name":"wp","href":"https:\/\/api.w.org\/{rel}","templated":true}]}}