{"id":8280,"date":"2025-12-22T11:18:33","date_gmt":"2025-12-22T11:18:33","guid":{"rendered":"https:\/\/almaza-travel.com\/o-nas\/"},"modified":"2026-01-16T09:43:44","modified_gmt":"2026-01-16T09:43:44","slug":"o-nas","status":"publish","type":"page","link":"https:\/\/almaza-travel.com\/pl\/o-nas\/","title":{"rendered":"O nas"},"content":{"rendered":"\t\t<div data-elementor-type=\"wp-page\" data-elementor-id=\"8280\" class=\"elementor elementor-8280 elementor-8275\">\n\t\t\t\t<div class=\"elementor-element elementor-element-72463d8 e-con-full e-flex e-con e-parent\" data-id=\"72463d8\" data-element_type=\"container\" data-e-type=\"container\">\n\t\t<div class=\"elementor-element elementor-element-661befb e-con-full e-flex e-con e-child\" data-id=\"661befb\" data-element_type=\"container\" data-e-type=\"container\">\n\t\t\t\t<div class=\"elementor-element elementor-element-78736b3 elementor-widget elementor-widget-heading\" data-id=\"78736b3\" data-element_type=\"widget\" data-e-type=\"widget\" data-widget_type=\"heading.default\">\n\t\t\t\t\t<h1 class=\"elementor-heading-title elementor-size-default\">Witaj w Almaza Travel<\/h1>\t\t\t\t<\/div>\n\t\t\t\t<div class=\"elementor-element elementor-element-e0e6d6b elementor-widget elementor-widget-text-editor\" data-id=\"e0e6d6b\" data-element_type=\"widget\" data-e-type=\"widget\" data-widget_type=\"text-editor.default\">\n\t\t\t\t\t\t\t\t\t<h5><span style=\"font-weight: 400;\">Tw\u00f3j zaufany partner w niezapomnianych przygodach wzd\u0142u\u017c pi\u0119knego wybrze\u017ca Morza Czerwonego w Egipcie!<\/span><\/h5>\t\t\t\t\t\t\t\t<\/div>\n\t\t\t\t<div class=\"elementor-element elementor-element-aa1f949 elementor-widget elementor-widget-text-editor\" data-id=\"aa1f949\" data-element_type=\"widget\" data-e-type=\"widget\" data-widget_type=\"text-editor.default\">\n\t\t\t\t\t\t\t\t\t<p><span style=\"font-weight: 400;\">W Almaza Travel specjalizujemy si\u0119 w organizowaniu wysokiej jako\u015bci, przyst\u0119pnych cenowo wycieczek i jednodniowych wyjazd\u00f3w z <\/span><a href=\"https:\/\/almaza-travel.com\/hurghada-excursions\/\"><span style=\"font-weight: 400;\">Hurghady <\/span><\/a><span style=\"font-weight: 400;\"> i <\/span><a href=\"https:\/\/almaza-travel.com\/marsa-alam-excursions\/\"><span style=\"font-weight: 400;\">Marsa Alam <\/span><\/a> <span style=\"font-weight: 400;\">. Dzi\u0119ki wieloletniemu do\u015bwiadczeniu w bran\u017cy turystycznej, nasz pe\u0142en pasji zesp\u00f3\u0142 jest oddany tworzeniu niezapomnianych prze\u017cy\u0107, kt\u00f3re prezentuj\u0105 naturalne pi\u0119kno, bogat\u0105 kultur\u0119 i ekscytuj\u0105ce atrakcje tego niesamowitego regionu.<\/span><\/p><p><span style=\"font-weight: 400;\">Niezale\u017cnie od tego, czy szukasz emocjonuj\u0105cych wycieczek snorkelingowych i nurkowych w krystalicznie czystych wodach, ekscytuj\u0105cych safari na pustyni na quadach lub jeepach, relaksuj\u0105cych rejs\u00f3w na rajskie wyspy jak Giftun czy Orange Bay, czy te\u017c kulturowych podr\u00f3\u017cy do staro\u017cytnych cud\u00f3w w Luksorze i Kairze, oferujemy szeroki wyb\u00f3r spersonalizowanych wycieczek dostosowanych do Twoich preferencji. Nasze us\u0142ugi obejmuj\u0105 prywatne i grupowe wycieczki, zapewniaj\u0105c komfort, bezpiecze\u0144stwo i personalizacj\u0119 dla rodzin, par i poszukiwaczy przyg\u00f3d. <\/span><\/p>\t\t\t\t\t\t\t\t<\/div>\n\t\t\t\t<\/div>\n\t\t<div class=\"elementor-element elementor-element-4a341cb e-con-full e-flex e-con e-child\" data-id=\"4a341cb\" data-element_type=\"container\" data-e-type=\"container\">\n\t\t\t\t<div class=\"elementor-element elementor-element-e33a73d elementor-widget elementor-widget-image\" data-id=\"e33a73d\" data-element_type=\"widget\" data-e-type=\"widget\" data-widget_type=\"image.default\">\n\t\t\t\t\t\t\t\t\t\t\t\t\t\t\t<img fetchpriority=\"high\" decoding=\"async\" width=\"768\" height=\"769\" src=\"https:\/\/almaza-travel.com\/wp-content\/uploads\/2025\/12\/Image_202512251612.webp\" class=\"attachment-full size-full wp-image-8536\" alt=\"\" srcset=\"https:\/\/almaza-travel.com\/wp-content\/uploads\/2025\/12\/Image_202512251612.webp 768w, https:\/\/almaza-travel.com\/wp-content\/uploads\/2025\/12\/Image_202512251612-300x300.webp 300w, https:\/\/almaza-travel.com\/wp-content\/uploads\/2025\/12\/Image_202512251612-150x150.webp 150w, https:\/\/almaza-travel.com\/wp-content\/uploads\/2025\/12\/Image_202512251612-500x500.webp 500w\" sizes=\"(max-width: 768px) 100vw, 768px\" \/>\t\t\t\t\t\t\t\t\t\t\t\t\t\t\t<\/div>\n\t\t\t\t<\/div>\n\t\t\t\t<\/div>\n\t\t<div class=\"elementor-element elementor-element-23ad712 e-con-full e-flex e-con e-parent\" data-id=\"23ad712\" data-element_type=\"container\" data-e-type=\"container\">\n\t\t<div class=\"elementor-element elementor-element-77fac91 e-con-full e-flex e-con e-child\" data-id=\"77fac91\" data-element_type=\"container\" data-e-type=\"container\">\n\t\t\t\t<div class=\"elementor-element elementor-element-11ad608 elementor-widget elementor-widget-heading\" data-id=\"11ad608\" data-element_type=\"widget\" data-e-type=\"widget\" data-widget_type=\"heading.default\">\n\t\t\t\t\t<h3 class=\"elementor-heading-title elementor-size-default\">Jeste\u015bmy dumni z<\/h3>\t\t\t\t<\/div>\n\t\t<div class=\"elementor-element elementor-element-7de2a50 e-con-full e-flex e-con e-child\" data-id=\"7de2a50\" data-element_type=\"container\" data-e-type=\"container\">\n\t\t<div class=\"elementor-element elementor-element-a6c8e90 e-con-full e-flex e-con e-child\" data-id=\"a6c8e90\" data-element_type=\"container\" data-e-type=\"container\">\n\t\t\t\t<div class=\"elementor-element elementor-element-d91dce8 elementor-view-default elementor-position-block-start elementor-mobile-position-block-start elementor-widget elementor-widget-icon-box\" data-id=\"d91dce8\" data-element_type=\"widget\" data-e-type=\"widget\" data-widget_type=\"icon-box.default\">\n\t\t\t\t\t\t\t<div class=\"elementor-icon-box-wrapper\">\n\n\t\t\t\t\t\t<div class=\"elementor-icon-box-icon\">\n\t\t\t\t<span  class=\"elementor-icon\">\n\t\t\t\t<svg aria-hidden=\"true\" class=\"e-font-icon-svg e-fas-bus\" viewBox=\"0 0 512 512\" xmlns=\"http:\/\/www.w3.org\/2000\/svg\"><path d=\"M488 128h-8V80c0-44.8-99.2-80-224-80S32 35.2 32 80v48h-8c-13.25 0-24 10.74-24 24v80c0 13.25 10.75 24 24 24h8v160c0 17.67 14.33 32 32 32v32c0 17.67 14.33 32 32 32h32c17.67 0 32-14.33 32-32v-32h192v32c0 17.67 14.33 32 32 32h32c17.67 0 32-14.33 32-32v-32h6.4c16 0 25.6-12.8 25.6-25.6V256h8c13.25 0 24-10.75 24-24v-80c0-13.26-10.75-24-24-24zM112 400c-17.67 0-32-14.33-32-32s14.33-32 32-32 32 14.33 32 32-14.33 32-32 32zm16-112c-17.67 0-32-14.33-32-32V128c0-17.67 14.33-32 32-32h256c17.67 0 32 14.33 32 32v128c0 17.67-14.33 32-32 32H128zm272 112c-17.67 0-32-14.33-32-32s14.33-32 32-32 32 14.33 32 32-14.33 32-32 32z\"><\/path><\/svg>\t\t\t\t<\/span>\n\t\t\t<\/div>\n\t\t\t\n\t\t\t\t\t\t<div class=\"elementor-icon-box-content\">\n\n\t\t\t\t\t\t\t\t\t<h5 class=\"elementor-icon-box-title\">\n\t\t\t\t\t\t<span  >\n\t\t\t\t\t\t\tElastycznych rezerwacji\t\t\t\t\t\t<\/span>\n\t\t\t\t\t<\/h5>\n\t\t\t\t\n\t\t\t\t\t\t\t\t\t<p class=\"elementor-icon-box-description\">\n\t\t\t\t\t\ti doskona\u0142ej obs\u0142ugi klienta\t\t\t\t\t<\/p>\n\t\t\t\t\n\t\t\t<\/div>\n\t\t\t\n\t\t<\/div>\n\t\t\t\t\t\t<\/div>\n\t\t\t\t<\/div>\n\t\t<div class=\"elementor-element elementor-element-cb67a62 e-con-full e-flex e-con e-child\" data-id=\"cb67a62\" data-element_type=\"container\" data-e-type=\"container\">\n\t\t\t\t<div class=\"elementor-element elementor-element-236f7db elementor-view-default elementor-position-block-start elementor-mobile-position-block-start elementor-widget elementor-widget-icon-box\" data-id=\"236f7db\" data-element_type=\"widget\" data-e-type=\"widget\" data-widget_type=\"icon-box.default\">\n\t\t\t\t\t\t\t<div class=\"elementor-icon-box-wrapper\">\n\n\t\t\t\t\t\t<div class=\"elementor-icon-box-icon\">\n\t\t\t\t<span  class=\"elementor-icon\">\n\t\t\t\t<svg aria-hidden=\"true\" class=\"e-font-icon-svg e-fas-bus\" viewBox=\"0 0 512 512\" xmlns=\"http:\/\/www.w3.org\/2000\/svg\"><path d=\"M488 128h-8V80c0-44.8-99.2-80-224-80S32 35.2 32 80v48h-8c-13.25 0-24 10.74-24 24v80c0 13.25 10.75 24 24 24h8v160c0 17.67 14.33 32 32 32v32c0 17.67 14.33 32 32 32h32c17.67 0 32-14.33 32-32v-32h192v32c0 17.67 14.33 32 32 32h32c17.67 0 32-14.33 32-32v-32h6.4c16 0 25.6-12.8 25.6-25.6V256h8c13.25 0 24-10.75 24-24v-80c0-13.26-10.75-24-24-24zM112 400c-17.67 0-32-14.33-32-32s14.33-32 32-32 32 14.33 32 32-14.33 32-32 32zm16-112c-17.67 0-32-14.33-32-32V128c0-17.67 14.33-32 32-32h256c17.67 0 32 14.33 32 32v128c0 17.67-14.33 32-32 32H128zm272 112c-17.67 0-32-14.33-32-32s14.33-32 32-32 32 14.33 32 32-14.33 32-32 32z\"><\/path><\/svg>\t\t\t\t<\/span>\n\t\t\t<\/div>\n\t\t\t\n\t\t\t\t\t\t<div class=\"elementor-icon-box-content\">\n\n\t\t\t\t\t\t\t\t\t<h5 class=\"elementor-icon-box-title\">\n\t\t\t\t\t\t<span  >\n\t\t\t\t\t\t\tBezpiecznych i niezawodnych transfer\u00f3w \t\t\t\t\t\t<\/span>\n\t\t\t\t\t<\/h5>\n\t\t\t\t\n\t\t\t\t\t\t\t\t\t<p class=\"elementor-icon-box-description\">\n\t\t\t\t\t\tz Twojego hotelu\t\t\t\t\t<\/p>\n\t\t\t\t\n\t\t\t<\/div>\n\t\t\t\n\t\t<\/div>\n\t\t\t\t\t\t<\/div>\n\t\t\t\t<\/div>\n\t\t<div class=\"elementor-element elementor-element-e9d636b e-con-full e-flex e-con e-child\" data-id=\"e9d636b\" data-element_type=\"container\" data-e-type=\"container\">\n\t\t\t\t<div class=\"elementor-element elementor-element-d8e2a56 elementor-view-default elementor-position-block-start elementor-mobile-position-block-start elementor-widget elementor-widget-icon-box\" data-id=\"d8e2a56\" data-element_type=\"widget\" data-e-type=\"widget\" data-widget_type=\"icon-box.default\">\n\t\t\t\t\t\t\t<div class=\"elementor-icon-box-wrapper\">\n\n\t\t\t\t\t\t<div class=\"elementor-icon-box-icon\">\n\t\t\t\t<span  class=\"elementor-icon\">\n\t\t\t\t<i aria-hidden=\"true\" class=\"havezic-icon- havezic-icon-money-bill\"><\/i>\t\t\t\t<\/span>\n\t\t\t<\/div>\n\t\t\t\n\t\t\t\t\t\t<div class=\"elementor-icon-box-content\">\n\n\t\t\t\t\t\t\t\t\t<h5 class=\"elementor-icon-box-title\">\n\t\t\t\t\t\t<span  >\n\t\t\t\t\t\t\tKonkurencyjnych cen\t\t\t\t\t\t<\/span>\n\t\t\t\t\t<\/h5>\n\t\t\t\t\n\t\t\t\t\t\t\t\t\t<p class=\"elementor-icon-box-description\">\n\t\t\t\t\t\tbez kompromis\u00f3w w kwestii jako\u015bci\t\t\t\t\t<\/p>\n\t\t\t\t\n\t\t\t<\/div>\n\t\t\t\n\t\t<\/div>\n\t\t\t\t\t\t<\/div>\n\t\t\t\t<\/div>\n\t\t<div class=\"elementor-element elementor-element-7aa6502 e-con-full e-flex e-con e-child\" data-id=\"7aa6502\" data-element_type=\"container\" data-e-type=\"container\">\n\t\t\t\t<div class=\"elementor-element elementor-element-8f66dcc elementor-view-default elementor-position-block-start elementor-mobile-position-block-start elementor-widget elementor-widget-icon-box\" data-id=\"8f66dcc\" data-element_type=\"widget\" data-e-type=\"widget\" data-widget_type=\"icon-box.default\">\n\t\t\t\t\t\t\t<div class=\"elementor-icon-box-wrapper\">\n\n\t\t\t\t\t\t<div class=\"elementor-icon-box-icon\">\n\t\t\t\t<span  class=\"elementor-icon\">\n\t\t\t\t<svg aria-hidden=\"true\" class=\"e-font-icon-svg e-fas-user-tie\" viewBox=\"0 0 448 512\" xmlns=\"http:\/\/www.w3.org\/2000\/svg\"><path d=\"M224 256c70.7 0 128-57.3 128-128S294.7 0 224 0 96 57.3 96 128s57.3 128 128 128zm95.8 32.6L272 480l-32-136 32-56h-96l32 56-32 136-47.8-191.4C56.9 292 0 350.3 0 422.4V464c0 26.5 21.5 48 48 48h352c26.5 0 48-21.5 48-48v-41.6c0-72.1-56.9-130.4-128.2-133.8z\"><\/path><\/svg>\t\t\t\t<\/span>\n\t\t\t<\/div>\n\t\t\t\n\t\t\t\t\t\t<div class=\"elementor-icon-box-content\">\n\n\t\t\t\t\t\t\t\t\t<h5 class=\"elementor-icon-box-title\">\n\t\t\t\t\t\t<span  >\n\t\t\t\t\t\t\tProfesjonalnych, angloj\u0119zycznych przewodnik\u00f3w\t\t\t\t\t\t<\/span>\n\t\t\t\t\t<\/h5>\n\t\t\t\t\n\t\t\t\t\t\t\t\t\t<p class=\"elementor-icon-box-description\">\n\t\t\t\t\t\ti nowoczesnych, klimatyzowanych pojazd\u00f3w\t\t\t\t\t<\/p>\n\t\t\t\t\n\t\t\t<\/div>\n\t\t\t\n\t\t<\/div>\n\t\t\t\t\t\t<\/div>\n\t\t\t\t<\/div>\n\t\t\t\t<\/div>\n\t\t\t\t<\/div>\n\t\t\t\t<\/div>\n\t\t<div class=\"elementor-element elementor-element-ce085e6 e-con-full e-flex e-con e-parent\" data-id=\"ce085e6\" data-element_type=\"container\" data-e-type=\"container\">\n\t\t<div class=\"elementor-element elementor-element-e2e5d62 e-con-full e-flex e-con e-child\" data-id=\"e2e5d62\" data-element_type=\"container\" data-e-type=\"container\">\n\t\t\t\t<div class=\"elementor-element elementor-element-4d6132c elementor-widget elementor-widget-image\" data-id=\"4d6132c\" data-element_type=\"widget\" data-e-type=\"widget\" data-widget_type=\"image.default\">\n\t\t\t\t\t\t\t\t\t\t\t\t\t\t\t<img decoding=\"async\" width=\"1024\" height=\"497\" src=\"https:\/\/almaza-travel.com\/wp-content\/uploads\/2025\/12\/unnamed.webp\" class=\"attachment-full size-full wp-image-8531\" alt=\"\" srcset=\"https:\/\/almaza-travel.com\/wp-content\/uploads\/2025\/12\/unnamed.webp 1024w, https:\/\/almaza-travel.com\/wp-content\/uploads\/2025\/12\/unnamed-300x146.webp 300w, https:\/\/almaza-travel.com\/wp-content\/uploads\/2025\/12\/unnamed-768x373.webp 768w\" sizes=\"(max-width: 1024px) 100vw, 1024px\" \/>\t\t\t\t\t\t\t\t\t\t\t\t\t\t\t<\/div>\n\t\t\t\t<\/div>\n\t\t<div class=\"elementor-element elementor-element-0af7d7f e-con-full e-flex e-con e-child\" data-id=\"0af7d7f\" data-element_type=\"container\" data-e-type=\"container\">\n\t\t\t\t<div class=\"elementor-element elementor-element-5bc7613 elementor-widget elementor-widget-heading\" data-id=\"5bc7613\" data-element_type=\"widget\" data-e-type=\"widget\" data-widget_type=\"heading.default\">\n\t\t\t\t\t<h1 class=\"elementor-heading-title elementor-size-default\">Nasza misja<\/h1>\t\t\t\t<\/div>\n\t\t\t\t<div class=\"elementor-element elementor-element-6ffa310 elementor-widget elementor-widget-text-editor\" data-id=\"6ffa310\" data-element_type=\"widget\" data-e-type=\"widget\" data-widget_type=\"text-editor.default\">\n\t\t\t\t\t\t\t\t\t<p><span style=\"font-weight: 400;\">to pom\u00f3c Ci odkry\u0107 magi\u0119 Morza Czerwonego \u2013 od p\u0142ywania z delfinami i eksploracji t\u0119tni\u0105cych \u017cyciem raf koralowych po obserwacj\u0119 gwiazd na pustyni pod bezkresnym niebem. W Almaza Travel ka\u017cda wycieczka jest zaprojektowana tak, aby przekroczy\u0107 Twoje oczekiwania i stworzy\u0107 wspomnienia na ca\u0142e \u017cycie. <br><\/span><span style=\"font-weight: 400;\">Do\u0142\u0105cz do nas i pozw\u00f3l Almaza Travel zamieni\u0107 Twoje egipskie wakacje w niezwyk\u0142\u0105 przygod\u0119!<\/span><\/p>\t\t\t\t\t\t\t\t<\/div>\n\t\t\t\t<div class=\"elementor-element elementor-element-e90ca7a elementor-widget elementor-widget-button\" data-id=\"e90ca7a\" data-element_type=\"widget\" data-e-type=\"widget\" data-widget_type=\"button.default\">\n\t\t\t\t\t\t\t\t\t\t<a class=\"elementor-button elementor-button-link elementor-size-sm\" href=\"https:\/\/almaza-travel.com\/contact-us\/\">\n\t\t\t\t\t\t<span class=\"elementor-button-content-wrapper\">\n\t\t\t\t\t\t\t\t\t<span class=\"elementor-button-text\">Skontaktuj si\u0119 z nami ju\u017c dzi\u015b, aby zarezerwowa\u0107 swoj\u0105 nast\u0119pn\u0105 wycieczk\u0119<\/span>\n\t\t\t\t\t<\/span>\n\t\t\t\t\t<\/a>\n\t\t\t\t\t\t\t\t<\/div>\n\t\t\t\t<div class=\"elementor-element elementor-element-364ae19 elementor-widget elementor-widget-heading\" data-id=\"364ae19\" data-element_type=\"widget\" data-e-type=\"widget\" data-widget_type=\"heading.default\">\n\t\t\t\t\t<h3 class=\"elementor-heading-title elementor-size-default\">Czekamy na Ciebie z niecierpliwo\u015bci\u0105!<\/h3>\t\t\t\t<\/div>\n\t\t\t\t<\/div>\n\t\t\t\t<\/div>\n\t\t\t\t<\/div>\n\t\t","protected":false},"excerpt":{"rendered":"<p>Witaj w Almaza Travel Tw\u00f3j zaufany partner w niezapomnianych przygodach wzd\u0142u\u017c pi\u0119knego wybrze\u017ca Morza Czerwonego w Egipcie! W Almaza Travel specjalizujemy si\u0119 w organizowaniu wysokiej jako\u015bci, przyst\u0119pnych cenowo wycieczek i jednodniowych wyjazd\u00f3w z Hurghady i Marsa Alam . Dzi\u0119ki wieloletniemu do\u015bwiadczeniu w bran\u017cy turystycznej, nasz pe\u0142en pasji zesp\u00f3\u0142 jest oddany tworzeniu niezapomnianych prze\u017cy\u0107, kt\u00f3re prezentuj\u0105 [&hellip;]<\/p>\n","protected":false},"author":1,"featured_media":0,"parent":0,"menu_order":0,"comment_status":"closed","ping_status":"closed","template":"","meta":{"footnotes":""},"class_list":["post-8280","page","type-page","status-publish","hentry"],"yoast_head":"<!-- This site is optimized with the Yoast SEO plugin v27.4 - https:\/\/yoast.com\/product\/yoast-seo-wordpress\/ -->\n<title>O nas &#8211; Almaza Travel<\/title>\n<meta name=\"robots\" content=\"index, follow, max-snippet:-1, max-image-preview:large, max-video-preview:-1\" \/>\n<link rel=\"canonical\" href=\"https:\/\/almaza-travel.com\/pl\/o-nas\/\" \/>\n<meta property=\"og:locale\" content=\"pl_PL\" \/>\n<meta property=\"og:type\" content=\"article\" \/>\n<meta property=\"og:title\" content=\"O nas &#8211; Almaza Travel\" \/>\n<meta property=\"og:description\" content=\"Witaj w Almaza Travel Tw\u00f3j zaufany partner w niezapomnianych przygodach wzd\u0142u\u017c pi\u0119knego wybrze\u017ca Morza Czerwonego w Egipcie! W Almaza Travel specjalizujemy si\u0119 w organizowaniu wysokiej jako\u015bci, przyst\u0119pnych cenowo wycieczek i jednodniowych wyjazd\u00f3w z Hurghady i Marsa Alam . Dzi\u0119ki wieloletniemu do\u015bwiadczeniu w bran\u017cy turystycznej, nasz pe\u0142en pasji zesp\u00f3\u0142 jest oddany tworzeniu niezapomnianych prze\u017cy\u0107, kt\u00f3re prezentuj\u0105 [&hellip;]\" \/>\n<meta property=\"og:url\" content=\"https:\/\/almaza-travel.com\/pl\/o-nas\/\" \/>\n<meta property=\"og:site_name\" content=\"Almaza Travel\" \/>\n<meta property=\"article:modified_time\" content=\"2026-01-16T09:43:44+00:00\" \/>\n<meta property=\"og:image\" content=\"http:\/\/almaza-travel.com\/wp-content\/uploads\/2025\/12\/Image_202512251612.webp\" \/>\n<meta name=\"twitter:card\" content=\"summary_large_image\" \/>\n<meta name=\"twitter:label1\" content=\"Szacowany czas czytania\" \/>\n\t<meta name=\"twitter:data1\" content=\"1 minuta\" \/>\n<script type=\"application\/ld+json\" class=\"yoast-schema-graph\">{\"@context\":\"https:\\\/\\\/schema.org\",\"@graph\":[{\"@type\":\"WebPage\",\"@id\":\"https:\\\/\\\/almaza-travel.com\\\/pl\\\/o-nas\\\/\",\"url\":\"https:\\\/\\\/almaza-travel.com\\\/pl\\\/o-nas\\\/\",\"name\":\"O nas &#8211; Almaza Travel\",\"isPartOf\":{\"@id\":\"https:\\\/\\\/almaza-travel.com\\\/#website\"},\"primaryImageOfPage\":{\"@id\":\"https:\\\/\\\/almaza-travel.com\\\/pl\\\/o-nas\\\/#primaryimage\"},\"image\":{\"@id\":\"https:\\\/\\\/almaza-travel.com\\\/pl\\\/o-nas\\\/#primaryimage\"},\"thumbnailUrl\":\"http:\\\/\\\/almaza-travel.com\\\/wp-content\\\/uploads\\\/2025\\\/12\\\/Image_202512251612.webp\",\"datePublished\":\"2025-12-22T11:18:33+00:00\",\"dateModified\":\"2026-01-16T09:43:44+00:00\",\"breadcrumb\":{\"@id\":\"https:\\\/\\\/almaza-travel.com\\\/pl\\\/o-nas\\\/#breadcrumb\"},\"inLanguage\":\"pl-PL\",\"potentialAction\":[{\"@type\":\"ReadAction\",\"target\":[\"https:\\\/\\\/almaza-travel.com\\\/pl\\\/o-nas\\\/\"]}]},{\"@type\":\"ImageObject\",\"inLanguage\":\"pl-PL\",\"@id\":\"https:\\\/\\\/almaza-travel.com\\\/pl\\\/o-nas\\\/#primaryimage\",\"url\":\"http:\\\/\\\/almaza-travel.com\\\/wp-content\\\/uploads\\\/2025\\\/12\\\/Image_202512251612.webp\",\"contentUrl\":\"http:\\\/\\\/almaza-travel.com\\\/wp-content\\\/uploads\\\/2025\\\/12\\\/Image_202512251612.webp\"},{\"@type\":\"BreadcrumbList\",\"@id\":\"https:\\\/\\\/almaza-travel.com\\\/pl\\\/o-nas\\\/#breadcrumb\",\"itemListElement\":[{\"@type\":\"ListItem\",\"position\":1,\"name\":\"Strona g\u0142\u00f3wna\",\"item\":\"https:\\\/\\\/almaza-travel.com\\\/pl\\\/\"},{\"@type\":\"ListItem\",\"position\":2,\"name\":\"O nas\"}]},{\"@type\":\"WebSite\",\"@id\":\"https:\\\/\\\/almaza-travel.com\\\/#website\",\"url\":\"https:\\\/\\\/almaza-travel.com\\\/\",\"name\":\"Almaza Travel\",\"description\":\"book your trip online\",\"publisher\":{\"@id\":\"https:\\\/\\\/almaza-travel.com\\\/#organization\"},\"potentialAction\":[{\"@type\":\"SearchAction\",\"target\":{\"@type\":\"EntryPoint\",\"urlTemplate\":\"https:\\\/\\\/almaza-travel.com\\\/?s={search_term_string}\"},\"query-input\":{\"@type\":\"PropertyValueSpecification\",\"valueRequired\":true,\"valueName\":\"search_term_string\"}}],\"inLanguage\":\"pl-PL\"},{\"@type\":\"Organization\",\"@id\":\"https:\\\/\\\/almaza-travel.com\\\/#organization\",\"name\":\"Almaza Travel\",\"url\":\"https:\\\/\\\/almaza-travel.com\\\/\",\"logo\":{\"@type\":\"ImageObject\",\"inLanguage\":\"pl-PL\",\"@id\":\"https:\\\/\\\/almaza-travel.com\\\/#\\\/schema\\\/logo\\\/image\\\/\",\"url\":\"https:\\\/\\\/almaza-travel.com\\\/wp-content\\\/uploads\\\/2024\\\/07\\\/cropped-373943de-ac21-4403-8254-f0b2932401cb.png\",\"contentUrl\":\"https:\\\/\\\/almaza-travel.com\\\/wp-content\\\/uploads\\\/2024\\\/07\\\/cropped-373943de-ac21-4403-8254-f0b2932401cb.png\",\"width\":968,\"height\":359,\"caption\":\"Almaza Travel\"},\"image\":{\"@id\":\"https:\\\/\\\/almaza-travel.com\\\/#\\\/schema\\\/logo\\\/image\\\/\"}}]}<\/script>\n<!-- \/ Yoast SEO plugin. -->","yoast_head_json":{"title":"O nas &#8211; Almaza Travel","robots":{"index":"index","follow":"follow","max-snippet":"max-snippet:-1","max-image-preview":"max-image-preview:large","max-video-preview":"max-video-preview:-1"},"canonical":"https:\/\/almaza-travel.com\/pl\/o-nas\/","og_locale":"pl_PL","og_type":"article","og_title":"O nas &#8211; Almaza Travel","og_description":"Witaj w Almaza Travel Tw\u00f3j zaufany partner w niezapomnianych przygodach wzd\u0142u\u017c pi\u0119knego wybrze\u017ca Morza Czerwonego w Egipcie! W Almaza Travel specjalizujemy si\u0119 w organizowaniu wysokiej jako\u015bci, przyst\u0119pnych cenowo wycieczek i jednodniowych wyjazd\u00f3w z Hurghady i Marsa Alam . Dzi\u0119ki wieloletniemu do\u015bwiadczeniu w bran\u017cy turystycznej, nasz pe\u0142en pasji zesp\u00f3\u0142 jest oddany tworzeniu niezapomnianych prze\u017cy\u0107, kt\u00f3re prezentuj\u0105 [&hellip;]","og_url":"https:\/\/almaza-travel.com\/pl\/o-nas\/","og_site_name":"Almaza Travel","article_modified_time":"2026-01-16T09:43:44+00:00","og_image":[{"url":"http:\/\/almaza-travel.com\/wp-content\/uploads\/2025\/12\/Image_202512251612.webp","type":"","width":"","height":""}],"twitter_card":"summary_large_image","twitter_misc":{"Szacowany czas czytania":"1 minuta"},"schema":{"@context":"https:\/\/schema.org","@graph":[{"@type":"WebPage","@id":"https:\/\/almaza-travel.com\/pl\/o-nas\/","url":"https:\/\/almaza-travel.com\/pl\/o-nas\/","name":"O nas &#8211; Almaza Travel","isPartOf":{"@id":"https:\/\/almaza-travel.com\/#website"},"primaryImageOfPage":{"@id":"https:\/\/almaza-travel.com\/pl\/o-nas\/#primaryimage"},"image":{"@id":"https:\/\/almaza-travel.com\/pl\/o-nas\/#primaryimage"},"thumbnailUrl":"http:\/\/almaza-travel.com\/wp-content\/uploads\/2025\/12\/Image_202512251612.webp","datePublished":"2025-12-22T11:18:33+00:00","dateModified":"2026-01-16T09:43:44+00:00","breadcrumb":{"@id":"https:\/\/almaza-travel.com\/pl\/o-nas\/#breadcrumb"},"inLanguage":"pl-PL","potentialAction":[{"@type":"ReadAction","target":["https:\/\/almaza-travel.com\/pl\/o-nas\/"]}]},{"@type":"ImageObject","inLanguage":"pl-PL","@id":"https:\/\/almaza-travel.com\/pl\/o-nas\/#primaryimage","url":"http:\/\/almaza-travel.com\/wp-content\/uploads\/2025\/12\/Image_202512251612.webp","contentUrl":"http:\/\/almaza-travel.com\/wp-content\/uploads\/2025\/12\/Image_202512251612.webp"},{"@type":"BreadcrumbList","@id":"https:\/\/almaza-travel.com\/pl\/o-nas\/#breadcrumb","itemListElement":[{"@type":"ListItem","position":1,"name":"Strona g\u0142\u00f3wna","item":"https:\/\/almaza-travel.com\/pl\/"},{"@type":"ListItem","position":2,"name":"O nas"}]},{"@type":"WebSite","@id":"https:\/\/almaza-travel.com\/#website","url":"https:\/\/almaza-travel.com\/","name":"Almaza Travel","description":"book your trip online","publisher":{"@id":"https:\/\/almaza-travel.com\/#organization"},"potentialAction":[{"@type":"SearchAction","target":{"@type":"EntryPoint","urlTemplate":"https:\/\/almaza-travel.com\/?s={search_term_string}"},"query-input":{"@type":"PropertyValueSpecification","valueRequired":true,"valueName":"search_term_string"}}],"inLanguage":"pl-PL"},{"@type":"Organization","@id":"https:\/\/almaza-travel.com\/#organization","name":"Almaza Travel","url":"https:\/\/almaza-travel.com\/","logo":{"@type":"ImageObject","inLanguage":"pl-PL","@id":"https:\/\/almaza-travel.com\/#\/schema\/logo\/image\/","url":"https:\/\/almaza-travel.com\/wp-content\/uploads\/2024\/07\/cropped-373943de-ac21-4403-8254-f0b2932401cb.png","contentUrl":"https:\/\/almaza-travel.com\/wp-content\/uploads\/2024\/07\/cropped-373943de-ac21-4403-8254-f0b2932401cb.png","width":968,"height":359,"caption":"Almaza Travel"},"image":{"@id":"https:\/\/almaza-travel.com\/#\/schema\/logo\/image\/"}}]}},"_hostinger_reach_plugin_has_subscription_block":false,"_hostinger_reach_plugin_is_elementor":false,"_links":{"self":[{"href":"https:\/\/almaza-travel.com\/pl\/wp-json\/wp\/v2\/pages\/8280","targetHints":{"allow":["GET"]}}],"collection":[{"href":"https:\/\/almaza-travel.com\/pl\/wp-json\/wp\/v2\/pages"}],"about":[{"href":"https:\/\/almaza-travel.com\/pl\/wp-json\/wp\/v2\/types\/page"}],"author":[{"embeddable":true,"href":"https:\/\/almaza-travel.com\/pl\/wp-json\/wp\/v2\/users\/1"}],"replies":[{"embeddable":true,"href":"https:\/\/almaza-travel.com\/pl\/wp-json\/wp\/v2\/comments?post=8280"}],"version-history":[{"count":4,"href":"https:\/\/almaza-travel.com\/pl\/wp-json\/wp\/v2\/pages\/8280\/revisions"}],"predecessor-version":[{"id":9817,"href":"https:\/\/almaza-travel.com\/pl\/wp-json\/wp\/v2\/pages\/8280\/revisions\/9817"}],"wp:attachment":[{"href":"https:\/\/almaza-travel.com\/pl\/wp-json\/wp\/v2\/media?parent=8280"}],"curies":[{"name":"wp","href":"https:\/\/api.w.org\/{rel}","templated":true}]}}