{"id":7738,"date":"2025-10-25T11:04:15","date_gmt":"2025-10-25T11:04:15","guid":{"rendered":"https:\/\/almaza-travel.com\/?page_id=7738"},"modified":"2025-12-21T17:46:14","modified_gmt":"2025-12-21T17:46:14","slug":"polityka-prywatnosci","status":"publish","type":"page","link":"https:\/\/almaza-travel.com\/pl\/polityka-prywatnosci\/","title":{"rendered":"Polityka prywatno\u015bci"},"content":{"rendered":"\t\t<div data-elementor-type=\"wp-page\" data-elementor-id=\"7738\" class=\"elementor elementor-7738 elementor-3\">\n\t\t\t\t<div class=\"elementor-element elementor-element-2a1eb250 e-flex e-con-boxed e-con e-parent\" data-id=\"2a1eb250\" data-element_type=\"container\" data-e-type=\"container\">\n\t\t\t\t\t<div class=\"e-con-inner\">\n\t\t\t\t<div class=\"elementor-element elementor-element-57446242 elementor-widget elementor-widget-text-editor\" data-id=\"57446242\" data-element_type=\"widget\" data-e-type=\"widget\" data-widget_type=\"text-editor.default\">\n\t\t\t\t\t\t\t\t\t\n<p data-path-to-node=\"28\">Witamy w <b data-path-to-node=\"28\" data-index-in-node=\"11\">Almaza Travel<\/b>. Przegl\u0105daj\u0105c t\u0119 stron\u0119 internetow\u0105 i rezerwuj\u0105c us\u0142ugi przez <b data-path-to-node=\"28\" data-index-in-node=\"80\">almaza-travel.com<\/b>, zgadzasz si\u0119 przestrzega\u0107 nast\u0119puj\u0105cych Warunk\u00f3w i Zasad. <\/p>\n<h4 data-path-to-node=\"29\"><b data-path-to-node=\"29\" data-index-in-node=\"0\">1. Rezerwacja i Potwierdzenie<\/b><\/h4>\n<ul data-path-to-node=\"30\">\n<li>\n<p data-path-to-node=\"30,0,0\"><b data-path-to-node=\"30,0,0\" data-index-in-node=\"0\">Rezerwacje:<\/b> Wszystkie rezerwacje dokonane przez nasz\u0105 stron\u0119 internetow\u0105 zale\u017c\u0105 od dost\u0119pno\u015bci.<\/p>\n<\/li>\n<li>\n<p data-path-to-node=\"30,1,0\"><b data-path-to-node=\"30,1,0\" data-index-in-node=\"0\">Potwierdzenie:<\/b> Rezerwacja jest uwa\u017cana za potwierdzon\u0105 tylko wtedy, gdy otrzymasz wa\u017cne powiadomienie o potwierdzeniu (przez e-mail lub WhatsApp) lub voucher rezerwacji.<\/p>\n<\/li>\n<li>\n<p data-path-to-node=\"30,2,0\"><b data-path-to-node=\"30,2,0\" data-index-in-node=\"0\">Dok\u0142adno\u015b\u0107:<\/b> Jeste\u015b odpowiedzialny za podanie dok\u0142adnych informacji podczas procesu rezerwacji, w tym danych kontaktowych i miejsc odbioru. Nie ponosimy odpowiedzialno\u015bci za niepowodzenia us\u0142ug spowodowane nieprawid\u0142owymi informacjami podanymi przez klienta. <\/p>\n<\/li>\n<\/ul>\n<h4 data-path-to-node=\"31\"><b data-path-to-node=\"31\" data-index-in-node=\"0\">2. Warunki P\u0142atno\u015bci<\/b><\/h4>\n<ul data-path-to-node=\"32\">\n<li>\n<p data-path-to-node=\"32,0,0\"><b data-path-to-node=\"32,0,0\" data-index-in-node=\"0\">Metody:<\/b> P\u0142atno\u015b\u0107 za us\u0142ugi musi by\u0107 dokonana za pomoc\u0105 metod akceptowanych w momencie rezerwacji (kt\u00f3re mog\u0105 obejmowa\u0107 Got\u00f3wk\u0119 przy Przyje\u017adzie, Kart\u0119 Kredytow\u0105 lub Przelew Online).<\/p>\n<\/li>\n<li>\n<p data-path-to-node=\"32,1,0\"><b data-path-to-node=\"32,1,0\" data-index-in-node=\"0\">Waluta:<\/b> Transakcje s\u0105 przetwarzane w walutach wy\u015bwietlanych lub akceptowanych przez naszych przedstawicieli.<\/p>\n<\/li>\n<li>\n<p data-path-to-node=\"32,2,0\"><b data-path-to-node=\"32,2,0\" data-index-in-node=\"0\">Zmiany Cen:<\/b> Ceny wymienione na stronie internetowej mog\u0105 ulec zmianie bez wcze\u015bniejszego powiadomienia, ale potwierdzone rezerwacje b\u0119d\u0105 honorowane po zarezerwowanej stawce.<\/p>\n<\/li>\n<\/ul>\n<h4 data-path-to-node=\"33\"><b data-path-to-node=\"33\" data-index-in-node=\"0\">3. Polityka Anulowania i Zwrot\u00f3w<\/b><\/h4>\n<ul data-path-to-node=\"34\">\n<li>\n<p data-path-to-node=\"34,0,0\"><b data-path-to-node=\"34,0,0\" data-index-in-node=\"0\">Anulowanie przez Klienta:<\/b> Mo\u017cesz anulowa\u0107 swoj\u0105 rezerwacj\u0119, kontaktuj\u0105c si\u0119 z naszym zespo\u0142em wsparcia.<\/p>\n<\/li>\n<li>\n<p data-path-to-node=\"34,1,0\"><b data-path-to-node=\"34,1,0\" data-index-in-node=\"0\">Okresy Anulowania:<\/b><\/p>\n<ul data-path-to-node=\"34,1,1\">\n<li>\n<p data-path-to-node=\"34,1,1,0,0\">Bezp\u0142atne anulowanie jest generalnie dost\u0119pne do <b data-path-to-node=\"34,1,1,0,0\" data-index-in-node=\"47\">24 godzin<\/b> przed zaplanowanym czasem wyjazdu.<\/p>\n<\/li>\n<li>\n<p data-path-to-node=\"34,1,1,1,0\">Anulowania dokonane w ci\u0105gu 24 godzin od rozpocz\u0119cia wyjazdu mog\u0105 podlega\u0107 op\u0142acie za anulowanie.<\/p>\n<\/li>\n<\/ul>\n<\/li>\n<li>\n<p data-path-to-node=\"34,2,0\"><b data-path-to-node=\"34,2,0\" data-index-in-node=\"0\">Zwroty:<\/b> W przypadku rezerwacji przedp\u0142aconych, zwroty b\u0119d\u0105 przetwarzane na oryginaln\u0105 metod\u0119 p\u0142atno\u015bci. W przypadku rezerwacji &#8222;Zap\u0142a\u0107 P\u00f3\u017aniej&#8221;, \u017cadne op\u0142aty nie b\u0119d\u0105 naliczane, je\u015bli anulowanie nast\u0105pi w okresie bezp\u0142atnym. <\/p>\n<\/li>\n<\/ul>\n<h4 data-path-to-node=\"35\"><b data-path-to-node=\"35\" data-index-in-node=\"0\">4. Zmiany Wyjazd\u00f3w i Nieprzewidziane Okoliczno\u015bci<\/b><\/h4>\n<ul data-path-to-node=\"36\">\n<li>\n<p data-path-to-node=\"36,0,0\"><b data-path-to-node=\"36,0,0\" data-index-in-node=\"0\">Modyfikacje:<\/b> Almaza Travel zastrzega sobie prawo do zmiany plan\u00f3w podr\u00f3\u017cy, zmiany tras lub anulowania wycieczek z powodu zdarze\u0144 si\u0142y wy\u017cszej (np. ekstremalne warunki pogodowe, ograniczenia rz\u0105dowe lub problemy mechaniczne).<\/p>\n<\/li>\n<li>\n<p data-path-to-node=\"36,1,0\"><b data-path-to-node=\"36,1,0\" data-index-in-node=\"0\">Anulowania przez Dostawc\u0119:<\/b> Je\u015bli musimy anulowa\u0107 wycieczk\u0119, zostanie Ci zaproponowany alternatywny termin lub pe\u0142ny zwrot zap\u0142aconej kwoty.<\/p>\n<\/li>\n<\/ul>\n<h4 data-path-to-node=\"37\"><b data-path-to-node=\"37\" data-index-in-node=\"0\">5. Zdrowie i Bezpiecze\u0144stwo<\/b><\/h4>\n<ul data-path-to-node=\"38\">\n<li>\n<p data-path-to-node=\"38,0,0\"><b data-path-to-node=\"38,0,0\" data-index-in-node=\"0\">Uczestnictwo:<\/b> To odpowiedzialno\u015b\u0107 klienta, \u017ceby upewni\u0107 si\u0119, \u017ce jest medycznie i fizycznie przygotowany do uczestnictwa w wybranych aktywno\u015bciach (np. nurkowanie, safari).<\/p>\n<\/li>\n<li>\n<p data-path-to-node=\"38,1,0\"><b data-path-to-node=\"38,1,0\" data-index-in-node=\"0\">Przestrzeganie:<\/b> Klienci musz\u0105 przez ca\u0142y czas przestrzega\u0107 instrukcji bezpiecze\u0144stwa podanych przez przewodnik\u00f3w i kierowc\u00f3w. Almaza Travel nie ponosi odpowiedzialno\u015bci za wypadki lub obra\u017cenia wynikaj\u0105ce z nieprzestrzegania przez klienta protoko\u0142\u00f3w bezpiecze\u0144stwa. <\/p>\n<\/li>\n<\/ul>\n<h4 data-path-to-node=\"39\"><b data-path-to-node=\"39\" data-index-in-node=\"0\">6. Ograniczenie Odpowiedzialno\u015bci<\/b><\/h4>\n<p data-path-to-node=\"40\">Almaza Travel dzia\u0142a jako agent \u0142\u0105cz\u0105cy podr\u00f3\u017cnych z zewn\u0119trznymi dostawcami us\u0142ug. Chocia\u017c starannie wybieramy naszych partner\u00f3w, nie przyjmujemy odpowiedzialno\u015bci za straty, szkody lub obra\u017cenia spowodowane dzia\u0142aniami lub zaniedbaniami zewn\u0119trznych operator\u00f3w, z wyj\u0105tkiem przypadk\u00f3w wymaganych przez prawo. <\/p>\n<h4 data-path-to-node=\"41\"><b data-path-to-node=\"41\" data-index-in-node=\"0\">7. Prawo W\u0142a\u015bciwe<\/b><\/h4>\n<p data-path-to-node=\"42\">Niniejsze warunki b\u0119d\u0105 regulowane i interpretowane zgodnie z prawem <b data-path-to-node=\"42\" data-index-in-node=\"82\">Arabskiej Republiki Egiptu<\/b>. Wszelkie spory b\u0119d\u0105 podlega\u0107 wy\u0142\u0105cznej jurysdykcji s\u0105d\u00f3w egipskich. <\/p>\t\t\t\t\t\t\t\t<\/div>\n\t\t\t\t\t<\/div>\n\t\t\t\t<\/div>\n\t\t\t\t<\/div>\n\t\t","protected":false},"excerpt":{"rendered":"<p>Witamy w Almaza Travel. Przegl\u0105daj\u0105c t\u0119 stron\u0119 internetow\u0105 i rezerwuj\u0105c us\u0142ugi przez almaza-travel.com, zgadzasz si\u0119 przestrzega\u0107 nast\u0119puj\u0105cych Warunk\u00f3w i Zasad. 1. Rezerwacja i Potwierdzenie Rezerwacje: Wszystkie rezerwacje dokonane przez nasz\u0105 stron\u0119 internetow\u0105 zale\u017c\u0105 od dost\u0119pno\u015bci. Potwierdzenie: Rezerwacja jest uwa\u017cana za potwierdzon\u0105 tylko wtedy, gdy otrzymasz wa\u017cne powiadomienie o potwierdzeniu (przez e-mail lub WhatsApp) lub voucher [&hellip;]<\/p>\n","protected":false},"author":1,"featured_media":0,"parent":0,"menu_order":0,"comment_status":"closed","ping_status":"open","template":"","meta":{"footnotes":""},"class_list":["post-7738","page","type-page","status-publish","hentry"],"yoast_head":"<!-- This site is optimized with the Yoast SEO plugin v27.4 - https:\/\/yoast.com\/product\/yoast-seo-wordpress\/ -->\n<title>Polityka prywatno\u015bci &#8211; Almaza Travel<\/title>\n<meta name=\"robots\" content=\"index, follow, max-snippet:-1, max-image-preview:large, max-video-preview:-1\" \/>\n<link rel=\"canonical\" href=\"https:\/\/almaza-travel.com\/pl\/polityka-prywatnosci\/\" \/>\n<meta property=\"og:locale\" content=\"pl_PL\" \/>\n<meta property=\"og:type\" content=\"article\" \/>\n<meta property=\"og:title\" content=\"Polityka prywatno\u015bci &#8211; Almaza Travel\" \/>\n<meta property=\"og:description\" content=\"Witamy w Almaza Travel. Przegl\u0105daj\u0105c t\u0119 stron\u0119 internetow\u0105 i rezerwuj\u0105c us\u0142ugi przez almaza-travel.com, zgadzasz si\u0119 przestrzega\u0107 nast\u0119puj\u0105cych Warunk\u00f3w i Zasad. 1. Rezerwacja i Potwierdzenie Rezerwacje: Wszystkie rezerwacje dokonane przez nasz\u0105 stron\u0119 internetow\u0105 zale\u017c\u0105 od dost\u0119pno\u015bci. Potwierdzenie: Rezerwacja jest uwa\u017cana za potwierdzon\u0105 tylko wtedy, gdy otrzymasz wa\u017cne powiadomienie o potwierdzeniu (przez e-mail lub WhatsApp) lub voucher [&hellip;]\" \/>\n<meta property=\"og:url\" content=\"https:\/\/almaza-travel.com\/pl\/polityka-prywatnosci\/\" \/>\n<meta property=\"og:site_name\" content=\"Almaza Travel\" \/>\n<meta property=\"article:modified_time\" content=\"2025-12-21T17:46:14+00:00\" \/>\n<meta name=\"twitter:card\" content=\"summary_large_image\" \/>\n<meta name=\"twitter:label1\" content=\"Szacowany czas czytania\" \/>\n\t<meta name=\"twitter:data1\" content=\"2 minut\" \/>\n<script type=\"application\/ld+json\" class=\"yoast-schema-graph\">{\"@context\":\"https:\\\/\\\/schema.org\",\"@graph\":[{\"@type\":\"WebPage\",\"@id\":\"https:\\\/\\\/almaza-travel.com\\\/pl\\\/polityka-prywatnosci\\\/\",\"url\":\"https:\\\/\\\/almaza-travel.com\\\/pl\\\/polityka-prywatnosci\\\/\",\"name\":\"Polityka prywatno\u015bci &#8211; Almaza Travel\",\"isPartOf\":{\"@id\":\"https:\\\/\\\/almaza-travel.com\\\/#website\"},\"datePublished\":\"2025-10-25T11:04:15+00:00\",\"dateModified\":\"2025-12-21T17:46:14+00:00\",\"breadcrumb\":{\"@id\":\"https:\\\/\\\/almaza-travel.com\\\/pl\\\/polityka-prywatnosci\\\/#breadcrumb\"},\"inLanguage\":\"pl-PL\",\"potentialAction\":[{\"@type\":\"ReadAction\",\"target\":[\"https:\\\/\\\/almaza-travel.com\\\/pl\\\/polityka-prywatnosci\\\/\"]}]},{\"@type\":\"BreadcrumbList\",\"@id\":\"https:\\\/\\\/almaza-travel.com\\\/pl\\\/polityka-prywatnosci\\\/#breadcrumb\",\"itemListElement\":[{\"@type\":\"ListItem\",\"position\":1,\"name\":\"Strona g\u0142\u00f3wna\",\"item\":\"https:\\\/\\\/almaza-travel.com\\\/pl\\\/\"},{\"@type\":\"ListItem\",\"position\":2,\"name\":\"Polityka prywatno\u015bci\"}]},{\"@type\":\"WebSite\",\"@id\":\"https:\\\/\\\/almaza-travel.com\\\/#website\",\"url\":\"https:\\\/\\\/almaza-travel.com\\\/\",\"name\":\"Almaza Travel\",\"description\":\"book your trip online\",\"publisher\":{\"@id\":\"https:\\\/\\\/almaza-travel.com\\\/#organization\"},\"potentialAction\":[{\"@type\":\"SearchAction\",\"target\":{\"@type\":\"EntryPoint\",\"urlTemplate\":\"https:\\\/\\\/almaza-travel.com\\\/?s={search_term_string}\"},\"query-input\":{\"@type\":\"PropertyValueSpecification\",\"valueRequired\":true,\"valueName\":\"search_term_string\"}}],\"inLanguage\":\"pl-PL\"},{\"@type\":\"Organization\",\"@id\":\"https:\\\/\\\/almaza-travel.com\\\/#organization\",\"name\":\"Almaza Travel\",\"url\":\"https:\\\/\\\/almaza-travel.com\\\/\",\"logo\":{\"@type\":\"ImageObject\",\"inLanguage\":\"pl-PL\",\"@id\":\"https:\\\/\\\/almaza-travel.com\\\/#\\\/schema\\\/logo\\\/image\\\/\",\"url\":\"https:\\\/\\\/almaza-travel.com\\\/wp-content\\\/uploads\\\/2024\\\/07\\\/cropped-373943de-ac21-4403-8254-f0b2932401cb.png\",\"contentUrl\":\"https:\\\/\\\/almaza-travel.com\\\/wp-content\\\/uploads\\\/2024\\\/07\\\/cropped-373943de-ac21-4403-8254-f0b2932401cb.png\",\"width\":968,\"height\":359,\"caption\":\"Almaza Travel\"},\"image\":{\"@id\":\"https:\\\/\\\/almaza-travel.com\\\/#\\\/schema\\\/logo\\\/image\\\/\"}}]}<\/script>\n<!-- \/ Yoast SEO plugin. -->","yoast_head_json":{"title":"Polityka prywatno\u015bci &#8211; Almaza Travel","robots":{"index":"index","follow":"follow","max-snippet":"max-snippet:-1","max-image-preview":"max-image-preview:large","max-video-preview":"max-video-preview:-1"},"canonical":"https:\/\/almaza-travel.com\/pl\/polityka-prywatnosci\/","og_locale":"pl_PL","og_type":"article","og_title":"Polityka prywatno\u015bci &#8211; Almaza Travel","og_description":"Witamy w Almaza Travel. Przegl\u0105daj\u0105c t\u0119 stron\u0119 internetow\u0105 i rezerwuj\u0105c us\u0142ugi przez almaza-travel.com, zgadzasz si\u0119 przestrzega\u0107 nast\u0119puj\u0105cych Warunk\u00f3w i Zasad. 1. Rezerwacja i Potwierdzenie Rezerwacje: Wszystkie rezerwacje dokonane przez nasz\u0105 stron\u0119 internetow\u0105 zale\u017c\u0105 od dost\u0119pno\u015bci. Potwierdzenie: Rezerwacja jest uwa\u017cana za potwierdzon\u0105 tylko wtedy, gdy otrzymasz wa\u017cne powiadomienie o potwierdzeniu (przez e-mail lub WhatsApp) lub voucher [&hellip;]","og_url":"https:\/\/almaza-travel.com\/pl\/polityka-prywatnosci\/","og_site_name":"Almaza Travel","article_modified_time":"2025-12-21T17:46:14+00:00","twitter_card":"summary_large_image","twitter_misc":{"Szacowany czas czytania":"2 minut"},"schema":{"@context":"https:\/\/schema.org","@graph":[{"@type":"WebPage","@id":"https:\/\/almaza-travel.com\/pl\/polityka-prywatnosci\/","url":"https:\/\/almaza-travel.com\/pl\/polityka-prywatnosci\/","name":"Polityka prywatno\u015bci &#8211; Almaza Travel","isPartOf":{"@id":"https:\/\/almaza-travel.com\/#website"},"datePublished":"2025-10-25T11:04:15+00:00","dateModified":"2025-12-21T17:46:14+00:00","breadcrumb":{"@id":"https:\/\/almaza-travel.com\/pl\/polityka-prywatnosci\/#breadcrumb"},"inLanguage":"pl-PL","potentialAction":[{"@type":"ReadAction","target":["https:\/\/almaza-travel.com\/pl\/polityka-prywatnosci\/"]}]},{"@type":"BreadcrumbList","@id":"https:\/\/almaza-travel.com\/pl\/polityka-prywatnosci\/#breadcrumb","itemListElement":[{"@type":"ListItem","position":1,"name":"Strona g\u0142\u00f3wna","item":"https:\/\/almaza-travel.com\/pl\/"},{"@type":"ListItem","position":2,"name":"Polityka prywatno\u015bci"}]},{"@type":"WebSite","@id":"https:\/\/almaza-travel.com\/#website","url":"https:\/\/almaza-travel.com\/","name":"Almaza Travel","description":"book your trip online","publisher":{"@id":"https:\/\/almaza-travel.com\/#organization"},"potentialAction":[{"@type":"SearchAction","target":{"@type":"EntryPoint","urlTemplate":"https:\/\/almaza-travel.com\/?s={search_term_string}"},"query-input":{"@type":"PropertyValueSpecification","valueRequired":true,"valueName":"search_term_string"}}],"inLanguage":"pl-PL"},{"@type":"Organization","@id":"https:\/\/almaza-travel.com\/#organization","name":"Almaza Travel","url":"https:\/\/almaza-travel.com\/","logo":{"@type":"ImageObject","inLanguage":"pl-PL","@id":"https:\/\/almaza-travel.com\/#\/schema\/logo\/image\/","url":"https:\/\/almaza-travel.com\/wp-content\/uploads\/2024\/07\/cropped-373943de-ac21-4403-8254-f0b2932401cb.png","contentUrl":"https:\/\/almaza-travel.com\/wp-content\/uploads\/2024\/07\/cropped-373943de-ac21-4403-8254-f0b2932401cb.png","width":968,"height":359,"caption":"Almaza Travel"},"image":{"@id":"https:\/\/almaza-travel.com\/#\/schema\/logo\/image\/"}}]}},"_hostinger_reach_plugin_has_subscription_block":false,"_hostinger_reach_plugin_is_elementor":false,"_links":{"self":[{"href":"https:\/\/almaza-travel.com\/pl\/wp-json\/wp\/v2\/pages\/7738","targetHints":{"allow":["GET"]}}],"collection":[{"href":"https:\/\/almaza-travel.com\/pl\/wp-json\/wp\/v2\/pages"}],"about":[{"href":"https:\/\/almaza-travel.com\/pl\/wp-json\/wp\/v2\/types\/page"}],"author":[{"embeddable":true,"href":"https:\/\/almaza-travel.com\/pl\/wp-json\/wp\/v2\/users\/1"}],"replies":[{"embeddable":true,"href":"https:\/\/almaza-travel.com\/pl\/wp-json\/wp\/v2\/comments?post=7738"}],"version-history":[{"count":3,"href":"https:\/\/almaza-travel.com\/pl\/wp-json\/wp\/v2\/pages\/7738\/revisions"}],"predecessor-version":[{"id":8250,"href":"https:\/\/almaza-travel.com\/pl\/wp-json\/wp\/v2\/pages\/7738\/revisions\/8250"}],"wp:attachment":[{"href":"https:\/\/almaza-travel.com\/pl\/wp-json\/wp\/v2\/media?parent=7738"}],"curies":[{"name":"wp","href":"https:\/\/api.w.org\/{rel}","templated":true}]}}