{"id":7034,"date":"2025-10-25T11:06:16","date_gmt":"2025-10-25T11:06:16","guid":{"rendered":"https:\/\/almaza-travel.com\/warunki-korzystania\/"},"modified":"2025-12-21T17:46:15","modified_gmt":"2025-12-21T17:46:15","slug":"warunki-korzystania","status":"publish","type":"page","link":"https:\/\/almaza-travel.com\/pl\/warunki-korzystania\/","title":{"rendered":"Warunki korzystania"},"content":{"rendered":"\t\t<div data-elementor-type=\"wp-page\" data-elementor-id=\"7034\" class=\"elementor elementor-7034 elementor-10\">\n\t\t\t\t<div class=\"elementor-element elementor-element-7faef602 e-con-full e-flex e-con e-parent\" data-id=\"7faef602\" data-element_type=\"container\" data-e-type=\"container\">\n\t\t\t\t<div class=\"elementor-element elementor-element-71e9dbc1 elementor-widget elementor-widget-text-editor\" data-id=\"71e9dbc1\" data-element_type=\"widget\" data-e-type=\"widget\" data-widget_type=\"text-editor.default\">\n\t\t\t\t\t\t\t\t\t<p data-path-to-node=\"7\">W <b data-path-to-node=\"7\" data-index-in-node=\"3\">Almaza Travel<\/b> (&#8222;my&#8221;, &#8222;nasz&#8221; lub &#8222;nas&#8221;) jeste\u015bmy zobowi\u0105zani do ochrony Twojej prywatno\u015bci. Ta Polityka Prywatno\u015bci wyja\u015bnia, w jaki spos\u00f3b zbieramy, wykorzystujemy i chronimy Twoje dane osobowe, gdy odwiedzasz nasz\u0105 stron\u0119 internetow\u0105 <b data-path-to-node=\"7\" data-index-in-node=\"203\">almaza-travel.com<\/b> lub korzystasz z naszych us\u0142ug. <\/p><h4 data-path-to-node=\"8\"><b data-path-to-node=\"8\" data-index-in-node=\"0\">1. Informacje, kt\u00f3re gromadzimy<\/b><\/h4><p data-path-to-node=\"9\">Mo\u017cemy gromadzi\u0107 dane identyfikacyjne w celu u\u0142atwienia dokonywania rezerwacji i poprawy naszych us\u0142ug, w tym:<\/p><ul data-path-to-node=\"10\"><li><p data-path-to-node=\"10,0,0\"><b data-path-to-node=\"10,0,0\" data-index-in-node=\"0\">Dane osobowe:<\/b> Imi\u0119 i nazwisko, adres e-mail, numer telefonu.<\/p><\/li><li><p data-path-to-node=\"10,1,0\"><b data-path-to-node=\"10,1,0\" data-index-in-node=\"0\">Informacje o podr\u00f3\u017cy:<\/b> Nazwa hotelu, numer pokoju, miejsce odbioru, daty podr\u00f3\u017cy i preferencje dotycz\u0105ce wycieczek.<\/p><\/li><li><p data-path-to-node=\"10,2,0\"><b data-path-to-node=\"10,2,0\" data-index-in-node=\"0\">Dane techniczne:<\/b> Adres IP, typ przegl\u0105darki i informacje o urz\u0105dzeniu zbierane automatycznie za pomoc\u0105 plik\u00f3w cookie.<\/p><\/li><\/ul><h4 data-path-to-node=\"11\"><b data-path-to-node=\"11\" data-index-in-node=\"0\">2. Jak wykorzystujemy Twoje informacje<\/b><\/h4><p data-path-to-node=\"12\">Wykorzystujemy Twoje dane w nast\u0119puj\u0105cych celach:<\/p><ul data-path-to-node=\"13\"><li><p data-path-to-node=\"13,0,0\"><b data-path-to-node=\"13,0,0\" data-index-in-node=\"0\">Przetwarzanie rezerwacji:<\/b> Do realizacji transakcji, potwierdzania rezerwacji i zarz\u0105dzania Twoimi rezerwacjami.<\/p><\/li><li><p data-path-to-node=\"13,1,0\"><b data-path-to-node=\"13,1,0\" data-index-in-node=\"0\">Komunikacja:<\/b> Do wysy\u0142ania potwierdze\u0144 rezerwacji, aktualizacji plan\u00f3w podr\u00f3\u017cy i wiadomo\u015bci pomocniczych.<\/p><\/li><li><p data-path-to-node=\"13,2,0\"><b data-path-to-node=\"13,2,0\" data-index-in-node=\"0\">Realizacja us\u0142ug:<\/b> Do koordynacji dzia\u0142a\u0144 z naszymi zespo\u0142ami operacyjnymi, kierowcami i przewodnikami w celu zapewnienia realizacji us\u0142ug.<\/p><\/li><li><p data-path-to-node=\"13,3,0\"><b data-path-to-node=\"13,3,0\" data-index-in-node=\"0\">Doskonalenie:<\/b> Do analizy korzystania ze strony i poprawy jako\u015bci obs\u0142ugi u\u017cytkownika.<\/p><\/li><\/ul><h4 data-path-to-node=\"14\"><b data-path-to-node=\"14\" data-index-in-node=\"0\">3. Bezpiecze\u0144stwo informacji p\u0142atniczych<\/b><\/h4><p data-path-to-node=\"15\">W przypadku us\u0142ug wymagaj\u0105cych p\u0142atno\u015bci, zar\u00f3wno online, jak i offline:<\/p><ul data-path-to-node=\"16\"><li><p data-path-to-node=\"16,0,0\">Je\u015bli p\u0142acisz online, Twoja transakcja jest przetwarzana przez bezpieczn\u0105 bramk\u0119 p\u0142atnicz\u0105 zewn\u0119trznego dostawcy.<\/p><\/li><li><p data-path-to-node=\"16,1,0\"><b data-path-to-node=\"16,1,0\" data-index-in-node=\"0\">Nie przechowujemy ani nie zapisujemy pe\u0142nych danych Twojej karty kredytowej<\/b> na naszych serwerach. Wszystkie wra\u017cliwe dane finansowe s\u0105 szyfrowane i przetwarzane przez autoryzowanych dostawc\u00f3w us\u0142ug p\u0142atniczych. <\/p><\/li><\/ul><h4 data-path-to-node=\"17\"><b data-path-to-node=\"17\" data-index-in-node=\"0\">4. Udost\u0119pnianie Twoich informacji<\/b><\/h4><p data-path-to-node=\"18\">Nie sprzedajemy Twoich danych osobowych. Mo\u017cemy udost\u0119pnia\u0107 niezb\u0119dne informacje (takie jak Twoje imi\u0119 i nazwisko oraz miejsce odbioru) zaufanym zewn\u0119trznym dostawcom us\u0142ug (np. kierowcom, operatorom \u0142odzi, centrom safari) wy\u0142\u0105cznie w celu realizacji zarezerwowanej przez Ciebie wycieczki lub us\u0142ugi. <\/p><h4 data-path-to-node=\"19\"><b data-path-to-node=\"19\" data-index-in-node=\"0\">5. Pliki cookie<\/b><\/h4><p data-path-to-node=\"20\">Nasza strona internetowa wykorzystuje pliki cookie, aby poprawi\u0107 jako\u015b\u0107 Twojego do\u015bwiadczenia. Mo\u017cesz wy\u0142\u0105czy\u0107 pliki cookie w ustawieniach przegl\u0105darki, jednak mo\u017ce to wp\u0142yn\u0105\u0107 na funkcjonalno\u015b\u0107 naszej strony. <\/p><h4 data-path-to-node=\"21\"><b data-path-to-node=\"21\" data-index-in-node=\"0\">6. Twoje prawa<\/b><\/h4><p data-path-to-node=\"22\">Masz prawo za\u017c\u0105da\u0107 dost\u0119pu do danych osobowych, kt\u00f3re przechowujemy na Tw\u00f3j temat, lub poprosi\u0107 o ich usuni\u0119cie. Aby skorzysta\u0107 z tych praw, skontaktuj si\u0119 z nami pod adresem <a href=\"mailto:info@almaza-travel.com\">info@almaza-travel.com<\/a>. <\/p>\t\t\t\t\t\t\t\t<\/div>\n\t\t\t\t<\/div>\n\t\t\t\t<\/div>\n\t\t","protected":false},"excerpt":{"rendered":"<p>W Almaza Travel (&#8222;my&#8221;, &#8222;nasz&#8221; lub &#8222;nas&#8221;) jeste\u015bmy zobowi\u0105zani do ochrony Twojej prywatno\u015bci. Ta Polityka Prywatno\u015bci wyja\u015bnia, w jaki spos\u00f3b zbieramy, wykorzystujemy i chronimy Twoje dane osobowe, gdy odwiedzasz nasz\u0105 stron\u0119 internetow\u0105 almaza-travel.com lub korzystasz z naszych us\u0142ug. 1. Informacje, kt\u00f3re gromadzimy Mo\u017cemy gromadzi\u0107 dane identyfikacyjne w celu u\u0142atwienia dokonywania rezerwacji i poprawy naszych us\u0142ug, [&hellip;]<\/p>\n","protected":false},"author":1,"featured_media":0,"parent":0,"menu_order":0,"comment_status":"closed","ping_status":"closed","template":"","meta":{"footnotes":""},"class_list":["post-7034","page","type-page","status-publish","hentry"],"yoast_head":"<!-- This site is optimized with the Yoast SEO plugin v27.4 - https:\/\/yoast.com\/product\/yoast-seo-wordpress\/ -->\n<title>Warunki korzystania &#8211; Almaza Travel<\/title>\n<meta name=\"robots\" content=\"index, follow, max-snippet:-1, max-image-preview:large, max-video-preview:-1\" \/>\n<link rel=\"canonical\" href=\"https:\/\/almaza-travel.com\/pl\/warunki-korzystania\/\" \/>\n<meta property=\"og:locale\" content=\"pl_PL\" \/>\n<meta property=\"og:type\" content=\"article\" \/>\n<meta property=\"og:title\" content=\"Warunki korzystania &#8211; Almaza Travel\" \/>\n<meta property=\"og:description\" content=\"W Almaza Travel (&#8222;my&#8221;, &#8222;nasz&#8221; lub &#8222;nas&#8221;) jeste\u015bmy zobowi\u0105zani do ochrony Twojej prywatno\u015bci. Ta Polityka Prywatno\u015bci wyja\u015bnia, w jaki spos\u00f3b zbieramy, wykorzystujemy i chronimy Twoje dane osobowe, gdy odwiedzasz nasz\u0105 stron\u0119 internetow\u0105 almaza-travel.com lub korzystasz z naszych us\u0142ug. 1. Informacje, kt\u00f3re gromadzimy Mo\u017cemy gromadzi\u0107 dane identyfikacyjne w celu u\u0142atwienia dokonywania rezerwacji i poprawy naszych us\u0142ug, [&hellip;]\" \/>\n<meta property=\"og:url\" content=\"https:\/\/almaza-travel.com\/pl\/warunki-korzystania\/\" \/>\n<meta property=\"og:site_name\" content=\"Almaza Travel\" \/>\n<meta property=\"article:modified_time\" content=\"2025-12-21T17:46:15+00:00\" \/>\n<meta name=\"twitter:card\" content=\"summary_large_image\" \/>\n<meta name=\"twitter:label1\" content=\"Szacowany czas czytania\" \/>\n\t<meta name=\"twitter:data1\" content=\"2 minut\" \/>\n<script type=\"application\/ld+json\" class=\"yoast-schema-graph\">{\"@context\":\"https:\\\/\\\/schema.org\",\"@graph\":[{\"@type\":\"WebPage\",\"@id\":\"https:\\\/\\\/almaza-travel.com\\\/pl\\\/warunki-korzystania\\\/\",\"url\":\"https:\\\/\\\/almaza-travel.com\\\/pl\\\/warunki-korzystania\\\/\",\"name\":\"Warunki korzystania &#8211; Almaza Travel\",\"isPartOf\":{\"@id\":\"https:\\\/\\\/almaza-travel.com\\\/#website\"},\"datePublished\":\"2025-10-25T11:06:16+00:00\",\"dateModified\":\"2025-12-21T17:46:15+00:00\",\"breadcrumb\":{\"@id\":\"https:\\\/\\\/almaza-travel.com\\\/pl\\\/warunki-korzystania\\\/#breadcrumb\"},\"inLanguage\":\"pl-PL\",\"potentialAction\":[{\"@type\":\"ReadAction\",\"target\":[\"https:\\\/\\\/almaza-travel.com\\\/pl\\\/warunki-korzystania\\\/\"]}]},{\"@type\":\"BreadcrumbList\",\"@id\":\"https:\\\/\\\/almaza-travel.com\\\/pl\\\/warunki-korzystania\\\/#breadcrumb\",\"itemListElement\":[{\"@type\":\"ListItem\",\"position\":1,\"name\":\"Strona g\u0142\u00f3wna\",\"item\":\"https:\\\/\\\/almaza-travel.com\\\/pl\\\/\"},{\"@type\":\"ListItem\",\"position\":2,\"name\":\"Warunki korzystania\"}]},{\"@type\":\"WebSite\",\"@id\":\"https:\\\/\\\/almaza-travel.com\\\/#website\",\"url\":\"https:\\\/\\\/almaza-travel.com\\\/\",\"name\":\"Almaza Travel\",\"description\":\"book your trip online\",\"publisher\":{\"@id\":\"https:\\\/\\\/almaza-travel.com\\\/#organization\"},\"potentialAction\":[{\"@type\":\"SearchAction\",\"target\":{\"@type\":\"EntryPoint\",\"urlTemplate\":\"https:\\\/\\\/almaza-travel.com\\\/?s={search_term_string}\"},\"query-input\":{\"@type\":\"PropertyValueSpecification\",\"valueRequired\":true,\"valueName\":\"search_term_string\"}}],\"inLanguage\":\"pl-PL\"},{\"@type\":\"Organization\",\"@id\":\"https:\\\/\\\/almaza-travel.com\\\/#organization\",\"name\":\"Almaza Travel\",\"url\":\"https:\\\/\\\/almaza-travel.com\\\/\",\"logo\":{\"@type\":\"ImageObject\",\"inLanguage\":\"pl-PL\",\"@id\":\"https:\\\/\\\/almaza-travel.com\\\/#\\\/schema\\\/logo\\\/image\\\/\",\"url\":\"https:\\\/\\\/almaza-travel.com\\\/wp-content\\\/uploads\\\/2024\\\/07\\\/cropped-373943de-ac21-4403-8254-f0b2932401cb.png\",\"contentUrl\":\"https:\\\/\\\/almaza-travel.com\\\/wp-content\\\/uploads\\\/2024\\\/07\\\/cropped-373943de-ac21-4403-8254-f0b2932401cb.png\",\"width\":968,\"height\":359,\"caption\":\"Almaza Travel\"},\"image\":{\"@id\":\"https:\\\/\\\/almaza-travel.com\\\/#\\\/schema\\\/logo\\\/image\\\/\"}}]}<\/script>\n<!-- \/ Yoast SEO plugin. -->","yoast_head_json":{"title":"Warunki korzystania &#8211; Almaza Travel","robots":{"index":"index","follow":"follow","max-snippet":"max-snippet:-1","max-image-preview":"max-image-preview:large","max-video-preview":"max-video-preview:-1"},"canonical":"https:\/\/almaza-travel.com\/pl\/warunki-korzystania\/","og_locale":"pl_PL","og_type":"article","og_title":"Warunki korzystania &#8211; Almaza Travel","og_description":"W Almaza Travel (&#8222;my&#8221;, &#8222;nasz&#8221; lub &#8222;nas&#8221;) jeste\u015bmy zobowi\u0105zani do ochrony Twojej prywatno\u015bci. Ta Polityka Prywatno\u015bci wyja\u015bnia, w jaki spos\u00f3b zbieramy, wykorzystujemy i chronimy Twoje dane osobowe, gdy odwiedzasz nasz\u0105 stron\u0119 internetow\u0105 almaza-travel.com lub korzystasz z naszych us\u0142ug. 1. Informacje, kt\u00f3re gromadzimy Mo\u017cemy gromadzi\u0107 dane identyfikacyjne w celu u\u0142atwienia dokonywania rezerwacji i poprawy naszych us\u0142ug, [&hellip;]","og_url":"https:\/\/almaza-travel.com\/pl\/warunki-korzystania\/","og_site_name":"Almaza Travel","article_modified_time":"2025-12-21T17:46:15+00:00","twitter_card":"summary_large_image","twitter_misc":{"Szacowany czas czytania":"2 minut"},"schema":{"@context":"https:\/\/schema.org","@graph":[{"@type":"WebPage","@id":"https:\/\/almaza-travel.com\/pl\/warunki-korzystania\/","url":"https:\/\/almaza-travel.com\/pl\/warunki-korzystania\/","name":"Warunki korzystania &#8211; Almaza Travel","isPartOf":{"@id":"https:\/\/almaza-travel.com\/#website"},"datePublished":"2025-10-25T11:06:16+00:00","dateModified":"2025-12-21T17:46:15+00:00","breadcrumb":{"@id":"https:\/\/almaza-travel.com\/pl\/warunki-korzystania\/#breadcrumb"},"inLanguage":"pl-PL","potentialAction":[{"@type":"ReadAction","target":["https:\/\/almaza-travel.com\/pl\/warunki-korzystania\/"]}]},{"@type":"BreadcrumbList","@id":"https:\/\/almaza-travel.com\/pl\/warunki-korzystania\/#breadcrumb","itemListElement":[{"@type":"ListItem","position":1,"name":"Strona g\u0142\u00f3wna","item":"https:\/\/almaza-travel.com\/pl\/"},{"@type":"ListItem","position":2,"name":"Warunki korzystania"}]},{"@type":"WebSite","@id":"https:\/\/almaza-travel.com\/#website","url":"https:\/\/almaza-travel.com\/","name":"Almaza Travel","description":"book your trip online","publisher":{"@id":"https:\/\/almaza-travel.com\/#organization"},"potentialAction":[{"@type":"SearchAction","target":{"@type":"EntryPoint","urlTemplate":"https:\/\/almaza-travel.com\/?s={search_term_string}"},"query-input":{"@type":"PropertyValueSpecification","valueRequired":true,"valueName":"search_term_string"}}],"inLanguage":"pl-PL"},{"@type":"Organization","@id":"https:\/\/almaza-travel.com\/#organization","name":"Almaza Travel","url":"https:\/\/almaza-travel.com\/","logo":{"@type":"ImageObject","inLanguage":"pl-PL","@id":"https:\/\/almaza-travel.com\/#\/schema\/logo\/image\/","url":"https:\/\/almaza-travel.com\/wp-content\/uploads\/2024\/07\/cropped-373943de-ac21-4403-8254-f0b2932401cb.png","contentUrl":"https:\/\/almaza-travel.com\/wp-content\/uploads\/2024\/07\/cropped-373943de-ac21-4403-8254-f0b2932401cb.png","width":968,"height":359,"caption":"Almaza Travel"},"image":{"@id":"https:\/\/almaza-travel.com\/#\/schema\/logo\/image\/"}}]}},"_hostinger_reach_plugin_has_subscription_block":false,"_hostinger_reach_plugin_is_elementor":false,"_links":{"self":[{"href":"https:\/\/almaza-travel.com\/pl\/wp-json\/wp\/v2\/pages\/7034","targetHints":{"allow":["GET"]}}],"collection":[{"href":"https:\/\/almaza-travel.com\/pl\/wp-json\/wp\/v2\/pages"}],"about":[{"href":"https:\/\/almaza-travel.com\/pl\/wp-json\/wp\/v2\/types\/page"}],"author":[{"embeddable":true,"href":"https:\/\/almaza-travel.com\/pl\/wp-json\/wp\/v2\/users\/1"}],"replies":[{"embeddable":true,"href":"https:\/\/almaza-travel.com\/pl\/wp-json\/wp\/v2\/comments?post=7034"}],"version-history":[{"count":2,"href":"https:\/\/almaza-travel.com\/pl\/wp-json\/wp\/v2\/pages\/7034\/revisions"}],"predecessor-version":[{"id":8252,"href":"https:\/\/almaza-travel.com\/pl\/wp-json\/wp\/v2\/pages\/7034\/revisions\/8252"}],"wp:attachment":[{"href":"https:\/\/almaza-travel.com\/pl\/wp-json\/wp\/v2\/media?parent=7034"}],"curies":[{"name":"wp","href":"https:\/\/api.w.org\/{rel}","templated":true}]}}