{"id":7018,"date":"2024-07-26T07:02:42","date_gmt":"2024-07-26T07:02:42","guid":{"rendered":"https:\/\/almaza-travel.com\/blog\/"},"modified":"2025-12-22T11:23:58","modified_gmt":"2025-12-22T11:23:58","slug":"blog","status":"publish","type":"page","link":"https:\/\/almaza-travel.com\/pl\/blog\/","title":{"rendered":"Blog"},"content":{"rendered":"\t\t<div data-elementor-type=\"wp-page\" data-elementor-id=\"7018\" class=\"elementor elementor-7018 elementor-665\">\n\t\t\t\t<div class=\"elementor-element elementor-element-7908746 e-con-full e-flex e-con e-parent\" data-id=\"7908746\" data-element_type=\"container\" data-e-type=\"container\">\n\t\t<div class=\"elementor-element elementor-element-6f5027b e-con-full e-flex e-con e-child\" data-id=\"6f5027b\" data-element_type=\"container\" data-e-type=\"container\">\n\t\t\t\t<div class=\"elementor-element elementor-element-52d582e elementor-widget elementor-widget-havezic-post-grid\" data-id=\"52d582e\" data-element_type=\"widget\" data-e-type=\"widget\" data-widget_type=\"havezic-post-grid.default\">\n\t\t\t\t<div class=\"elementor-widget-container\">\n\t\t\t\t\t        <div class=\"elementor-post-grid\">\n            <div class=\"elementor-post-wrapper elementor-post-style-1\">\n                <div class=\"d-grid\">\n                                                                    <div class=\"grid-item\">\n                                <div class=\"post-inner blog-grid\">\n        <div class=\"post-content\">\n        <div class=\"entry-header\">\n            <div class=\"entry-meta\">\n                 <div class=\"categories-link\"><span class=\"screen-reader-text\">Kategorie<\/span><a href=\"https:\/\/almaza-travel.com\/pl\/category\/wycieczki-hurghada\/\" rel=\"category tag\">wycieczki hurghada<\/a><\/div> <div class=\"posted-on\"><a href=\"https:\/\/almaza-travel.com\/pl\/grand-aquarium-w-hurghadzie\/\" rel=\"bookmark\"><time class=\"entry-date published\" datetime=\"2026-02-18T07:37:49+00:00\">2026-02-18<\/time><time class=\"updated\" datetime=\"2026-12-17T07:37:49+00:00\">2026-12-17<\/time><\/a><\/div> <div class=\"post-author\"><span class=\"text-author\">Przez  <\/span><a href=\"https:\/\/almaza-travel.com\/pl\/author\/momansour258gmail-com\/\" class=\"url fn\" rel=\"author\">momansour258@gmail.com<\/a><\/div>            <\/div>\n            <h3 class=\"sigma entry-title\"><a href=\"https:\/\/almaza-travel.com\/pl\/grand-aquarium-w-hurghadzie\/\" rel=\"bookmark\">Grand Aquarium w Hurghadzie<\/a><\/h3>        <\/div>\n        <div class=\"entry-content\">\n            <div class=\"entry-excerpt\"><p>10 powod\u00f3w, dla kt\u00f3rych Grand Aquarium w Hurghadzie musi znale\u017a\u0107 si\u0119 na Twojej li\u015bcie \u017cycze\u0144 w Egipcie &nbsp; Spotkaj si\u0119 oko w oko z drapie\u017cnikami morskimi, pozostaj\u0105c suchym. Almaza Travel oferuje dost\u0119p VIP do tej ekskluzywnej wizyty w Grand Aquarium w Hurghadzie, \u015bwiatowej klasy obiekcie, kt\u00f3ry \u0142\u0105czy ogromny obszar morski, bujny las tropikalny i otwarte [&hellip;]<\/p>\n<\/div>\n            <div class=\"more-link-wrap\"><a class=\"more-link\" href=\"https:\/\/almaza-travel.com\/pl\/grand-aquarium-w-hurghadzie\/\"> <span class=\"elementor-button-icon left\"><i class=\"havezic-icon-arrow-small-right\"><\/i><\/span>Czytaj wi\u0119cej<span class=\"elementor-button-icon right\"><i class=\"havezic-icon-arrow-small-right\"><\/i><\/span><\/a><\/div>        <\/div>\n    <\/div>\n<\/div>                            <\/div>\n                                                <div class=\"grid-item\">\n                                <div class=\"post-inner blog-grid\">\n        <div class=\"post-content\">\n        <div class=\"entry-header\">\n            <div class=\"entry-meta\">\n                 <div class=\"categories-link\"><span class=\"screen-reader-text\">Kategorie<\/span><a href=\"https:\/\/almaza-travel.com\/pl\/category\/aktualnosci\/\" rel=\"category tag\">aktualno\u015bci<\/a><\/div> <div class=\"posted-on\"><a href=\"https:\/\/almaza-travel.com\/pl\/najlepsze-wycieczki-po-kairze\/\" rel=\"bookmark\"><time class=\"entry-date published\" datetime=\"2026-02-17T00:40:29+00:00\">2026-02-17<\/time><time class=\"updated\" datetime=\"2026-02-17T20:05:54+00:00\">2026-02-17<\/time><\/a><\/div> <div class=\"post-author\"><span class=\"text-author\">Przez  <\/span><a href=\"https:\/\/almaza-travel.com\/pl\/author\/momansour258gmail-com\/\" class=\"url fn\" rel=\"author\">momansour258@gmail.com<\/a><\/div>            <\/div>\n            <h3 class=\"sigma entry-title\"><a href=\"https:\/\/almaza-travel.com\/pl\/najlepsze-wycieczki-po-kairze\/\" rel=\"bookmark\">Dlaczego Kair jest najlepszym kierunkiem podr\u00f3\u017cy w 2026 roku<\/a><\/h3>        <\/div>\n        <div class=\"entry-content\">\n            <div class=\"entry-excerpt\"><p>Przygotujcie si\u0119; to nie jest zwyk\u0142y rok. Kair oficjalnie stanie si\u0119 najwa\u017cniejszym celem turystycznym na \u015bwiecie w 2026 roku. Podczas gdy reszta \u015bwiata goni\u0142a za przemijaj\u0105cymi trendami, nasza staro\u017cytna stolica w ciszy przygotowywa\u0142a scen\u0119 godn\u0105 swojej wspania\u0142o\u015bci. Dzi\u015b mo\u017cemy \u015bmia\u0142o o\u015bwiadczy\u0107, \u017ce Kair to co\u015b wi\u0119cej ni\u017c tylko przystanek; to zmieniaj\u0105ce \u017cycie do\u015bwiadczenie, kt\u00f3re dope\u0142nia [&hellip;]<\/p>\n<\/div>\n            <div class=\"more-link-wrap\"><a class=\"more-link\" href=\"https:\/\/almaza-travel.com\/pl\/najlepsze-wycieczki-po-kairze\/\"> <span class=\"elementor-button-icon left\"><i class=\"havezic-icon-arrow-small-right\"><\/i><\/span>Czytaj wi\u0119cej<span class=\"elementor-button-icon right\"><i class=\"havezic-icon-arrow-small-right\"><\/i><\/span><\/a><\/div>        <\/div>\n    <\/div>\n<\/div>                            <\/div>\n                                                <div class=\"grid-item\">\n                                <div class=\"post-inner blog-grid\">\n        <div class=\"post-content\">\n        <div class=\"entry-header\">\n            <div class=\"entry-meta\">\n                 <div class=\"categories-link\"><span class=\"screen-reader-text\">Kategorie<\/span><a href=\"https:\/\/almaza-travel.com\/pl\/category\/wycieczka-do-marsa-alam\/\" rel=\"category tag\">wycieczka do Marsa Alam<\/a><\/div> <div class=\"posted-on\"><a href=\"https:\/\/almaza-travel.com\/pl\/jezioro-nayzak-marsa-alam\/\" rel=\"bookmark\"><time class=\"entry-date published\" datetime=\"2026-02-15T21:28:36+00:00\">2026-02-15<\/time><time class=\"updated\" datetime=\"2026-02-15T21:59:05+00:00\">2026-02-15<\/time><\/a><\/div> <div class=\"post-author\"><span class=\"text-author\">Przez  <\/span><a href=\"https:\/\/almaza-travel.com\/pl\/author\/momansour258gmail-com\/\" class=\"url fn\" rel=\"author\">momansour258@gmail.com<\/a><\/div>            <\/div>\n            <h3 class=\"sigma entry-title\"><a href=\"https:\/\/almaza-travel.com\/pl\/jezioro-nayzak-marsa-alam\/\" rel=\"bookmark\">Jezioro Nayzak Marsa Alam<\/a><\/h3>        <\/div>\n        <div class=\"entry-content\">\n            <div class=\"entry-excerpt\"><p>Wszystko, co musisz wiedzie\u0107 przed wizyt\u0105 nad jeziorem Nayzak: najlepiej strze\u017cony sekret Egiptu Co przyci\u0105ga podr\u00f3\u017cnych do Egiptu? Czy to wieczny Nil, staro\u017cytne \u015bwi\u0105tynie Luksoru, czy ponadczasowe piramidy? By\u0107 mo\u017ce prawdziwa magia kryje si\u0119 poza tymi ikonami, wci\u0105\u017c nieodkrytych obszarach, gdzie czekaj\u0105 na odkrycie sekrety natury. Jezioro Nayzak Marsa Alam, po\u0142o\u017cone na odleg\u0142ym po\u0142udniowym wybrze\u017cu [&hellip;]<\/p>\n<\/div>\n            <div class=\"more-link-wrap\"><a class=\"more-link\" href=\"https:\/\/almaza-travel.com\/pl\/jezioro-nayzak-marsa-alam\/\"> <span class=\"elementor-button-icon left\"><i class=\"havezic-icon-arrow-small-right\"><\/i><\/span>Czytaj wi\u0119cej<span class=\"elementor-button-icon right\"><i class=\"havezic-icon-arrow-small-right\"><\/i><\/span><\/a><\/div>        <\/div>\n    <\/div>\n<\/div>                            <\/div>\n                                                <div class=\"grid-item\">\n                                <div class=\"post-inner blog-grid\">\n        <div class=\"post-content\">\n        <div class=\"entry-header\">\n            <div class=\"entry-meta\">\n                 <div class=\"categories-link\"><span class=\"screen-reader-text\">Kategorie<\/span><a href=\"https:\/\/almaza-travel.com\/pl\/category\/wycieczki-hurghada\/\" rel=\"category tag\">wycieczki hurghada<\/a><\/div> <div class=\"posted-on\"><a href=\"https:\/\/almaza-travel.com\/pl\/pokaz-alf-leila-wa-leila\/\" rel=\"bookmark\"><time class=\"entry-date published\" datetime=\"2026-02-15T07:49:55+00:00\">2026-02-15<\/time><time class=\"updated\" datetime=\"2026-02-15T22:38:46+00:00\">2026-02-15<\/time><\/a><\/div> <div class=\"post-author\"><span class=\"text-author\">Przez  <\/span><a href=\"https:\/\/almaza-travel.com\/pl\/author\/momansour258gmail-com\/\" class=\"url fn\" rel=\"author\">momansour258@gmail.com<\/a><\/div>            <\/div>\n            <h3 class=\"sigma entry-title\"><a href=\"https:\/\/almaza-travel.com\/pl\/pokaz-alf-leila-wa-leila\/\" rel=\"bookmark\">Pokaz Alf Leila Wa Leila<\/a><\/h3>        <\/div>\n        <div class=\"entry-content\">\n            <div class=\"entry-excerpt\"><p>Jak do\u015bwiadczy\u0107 prawdziwej magii staro\u017cytnego folkloru na pokazie Alf Leila Wa Leila &nbsp; Wyobra\u017a sobie czysty urok wyj\u015bcia poza granice tera\u017aniejszo\u015bci i sp\u0119dzenia nocy po\u015br\u00f3d nieko\u0144cz\u0105cych si\u0119 opowie\u015bci o su\u0142tanach i pustynnych wojownikach! Pokaz Alf Leila Wa Leila to znacznie wi\u0119cej ni\u017c jednorazowy wyst\u0119p artystyczny; to szansa, by cofn\u0105\u0107 si\u0119 w czasie i ponownie prze\u017cy\u0107 [&hellip;]<\/p>\n<\/div>\n            <div class=\"more-link-wrap\"><a class=\"more-link\" href=\"https:\/\/almaza-travel.com\/pl\/pokaz-alf-leila-wa-leila\/\"> <span class=\"elementor-button-icon left\"><i class=\"havezic-icon-arrow-small-right\"><\/i><\/span>Czytaj wi\u0119cej<span class=\"elementor-button-icon right\"><i class=\"havezic-icon-arrow-small-right\"><\/i><\/span><\/a><\/div>        <\/div>\n    <\/div>\n<\/div>                            <\/div>\n                                                <div class=\"grid-item\">\n                                <div class=\"post-inner blog-grid\">\n        <div class=\"post-content\">\n        <div class=\"entry-header\">\n            <div class=\"entry-meta\">\n                 <div class=\"categories-link\"><span class=\"screen-reader-text\">Kategorie<\/span><a href=\"https:\/\/almaza-travel.com\/pl\/category\/wycieczki-hurghada\/\" rel=\"category tag\">wycieczki hurghada<\/a><\/div> <div class=\"posted-on\"><a href=\"https:\/\/almaza-travel.com\/pl\/mini-egypt-park-hurghada\/\" rel=\"bookmark\"><time class=\"entry-date published\" datetime=\"2026-02-15T07:48:57+00:00\">2026-02-15<\/time><time class=\"updated\" datetime=\"2026-02-15T23:13:26+00:00\">2026-02-15<\/time><\/a><\/div> <div class=\"post-author\"><span class=\"text-author\">Przez  <\/span><a href=\"https:\/\/almaza-travel.com\/pl\/author\/momansour258gmail-com\/\" class=\"url fn\" rel=\"author\">momansour258@gmail.com<\/a><\/div>            <\/div>\n            <h3 class=\"sigma entry-title\"><a href=\"https:\/\/almaza-travel.com\/pl\/mini-egypt-park-hurghada\/\" rel=\"bookmark\">Mini Egypt Park Hurghada: Kompletny przewodnik dla zwiedzaj\u0105cych od Almaza Travel<\/a><\/h3>        <\/div>\n        <div class=\"entry-content\">\n            <div class=\"entry-excerpt\"><p>Czy kiedykolwiek wyobra\u017ca\u0142e\u015b sobie przemierzenie ca\u0142ego Egiptu i odkrycie jego ponadczasowych skarb\u00f3w architektury w zaledwie kilka godzin?! Mini Egypt Park Hurghada sprawia, \u017ce to marzenie staje si\u0119 rzeczywisto\u015bci\u0105. Almaza Travel s\u0142u\u017cy jako idealna brama do odkrywania cud\u00f3w \u015bwiata poprzez wyj\u0105tkow\u0105 wizj\u0119. Zapraszamy Ci\u0119 na niezwyk\u0142\u0105 podr\u00f3\u017c do serca Mini Egypt Park, po\u0142o\u017conego w promiennym mie\u015bcie [&hellip;]<\/p>\n<\/div>\n            <div class=\"more-link-wrap\"><a class=\"more-link\" href=\"https:\/\/almaza-travel.com\/pl\/mini-egypt-park-hurghada\/\"> <span class=\"elementor-button-icon left\"><i class=\"havezic-icon-arrow-small-right\"><\/i><\/span>Czytaj wi\u0119cej<span class=\"elementor-button-icon right\"><i class=\"havezic-icon-arrow-small-right\"><\/i><\/span><\/a><\/div>        <\/div>\n    <\/div>\n<\/div>                            <\/div>\n                                                <div class=\"grid-item\">\n                                <div class=\"post-inner blog-grid\">\n        <div class=\"post-content\">\n        <div class=\"entry-header\">\n            <div class=\"entry-meta\">\n                 <div class=\"categories-link\"><span class=\"screen-reader-text\">Kategorie<\/span><a href=\"https:\/\/almaza-travel.com\/pl\/category\/wycieczki-hurghada\/\" rel=\"category tag\">wycieczki hurghada<\/a><\/div> <div class=\"posted-on\"><a href=\"https:\/\/almaza-travel.com\/pl\/zdjecia-z-przejazdzki-na-wielbladzie-w-hurghadzie\/\" rel=\"bookmark\"><time class=\"entry-date published\" datetime=\"2026-02-14T09:10:20+00:00\">2026-02-14<\/time><time class=\"updated\" datetime=\"2026-02-14T10:06:52+00:00\">2026-02-14<\/time><\/a><\/div> <div class=\"post-author\"><span class=\"text-author\">Przez  <\/span><a href=\"https:\/\/almaza-travel.com\/pl\/author\/momansour258gmail-com\/\" class=\"url fn\" rel=\"author\">momansour258@gmail.com<\/a><\/div>            <\/div>\n            <h3 class=\"sigma entry-title\"><a href=\"https:\/\/almaza-travel.com\/pl\/zdjecia-z-przejazdzki-na-wielbladzie-w-hurghadzie\/\" rel=\"bookmark\">Najlepsze miejsca na zdj\u0119cia z przeja\u017cd\u017cki na wielb\u0142\u0105dzie w Hurghadzie<\/a><\/h3>        <\/div>\n        <div class=\"entry-content\">\n            <div class=\"entry-excerpt\"><p>Kompletny przewodnik po doskonaleniu fotografii podczas przeja\u017cd\u017cek na wielb\u0142\u0105dach w Hurghadzie z Almaza Travel Czy pomy\u015bla\u0142e\u015b o odkryciu w sobie Lawrence&#8217;a z Arabii, spaceruj\u0105c po z\u0142otych wydmach, podczas gdy s\u0142o\u0144ce maluje niebo w niewyobra\u017calnych odcieniach pomara\u0144czy i fioletu? Wi\u0119c zapnij pasy (a mo\u017ce raczej: chwy\u0107 za rogi siod\u0142a), bo Hurghada na Ciebie czeka. Almaza Travel [&hellip;]<\/p>\n<\/div>\n            <div class=\"more-link-wrap\"><a class=\"more-link\" href=\"https:\/\/almaza-travel.com\/pl\/zdjecia-z-przejazdzki-na-wielbladzie-w-hurghadzie\/\"> <span class=\"elementor-button-icon left\"><i class=\"havezic-icon-arrow-small-right\"><\/i><\/span>Czytaj wi\u0119cej<span class=\"elementor-button-icon right\"><i class=\"havezic-icon-arrow-small-right\"><\/i><\/span><\/a><\/div>        <\/div>\n    <\/div>\n<\/div>                            <\/div>\n                                                        <\/div>\n            <\/div>\n                                    <div class=\"pagination\">\n            <nav class=\"elementor-pagination\" role=\"navigation\"\n                 aria-label=\"Pagination\">\n                <span aria-current=\"page\" class=\"page-numbers current\"><span class=\"elementor-screen-only\">Page<\/span>1<\/span>\n<a class=\"page-numbers\" href=\"https:\/\/almaza-travel.com\/pl\/wp-json\/wp\/v2\/pages\/7018\/page\/2\/\"><span class=\"elementor-screen-only\">Page<\/span>2<\/a>\n<a class=\"page-numbers\" href=\"https:\/\/almaza-travel.com\/pl\/wp-json\/wp\/v2\/pages\/7018\/page\/3\/\"><span class=\"elementor-screen-only\">Page<\/span>3<\/a>\n<a class=\"page-numbers\" href=\"https:\/\/almaza-travel.com\/pl\/wp-json\/wp\/v2\/pages\/7018\/page\/4\/\"><span class=\"elementor-screen-only\">Page<\/span>4<\/a>\n<a class=\"page-numbers\" href=\"https:\/\/almaza-travel.com\/pl\/wp-json\/wp\/v2\/pages\/7018\/page\/5\/\"><span class=\"elementor-screen-only\">Page<\/span>5<\/a>            <\/nav>\n        <\/div>\n                            <\/div>\n                        \t\t\t\t<\/div>\n\t\t\t\t<\/div>\n\t\t\t\t<\/div>\n\t\t\t\t<\/div>\n\t\t\t\t<\/div>\n\t\t","protected":false},"excerpt":{"rendered":"<p>Categoriesnews December 22, 2025December 22, 2025 By momansour258@gmail.com Hello post Read More<\/p>\n","protected":false},"author":1,"featured_media":0,"parent":0,"menu_order":0,"comment_status":"closed","ping_status":"closed","template":"","meta":{"footnotes":""},"class_list":["post-7018","page","type-page","status-publish","hentry"],"yoast_head":"<!-- This site is optimized with the Yoast SEO plugin v27.4 - https:\/\/yoast.com\/product\/yoast-seo-wordpress\/ -->\n<title>Blog &#8211; Almaza Travel<\/title>\n<meta name=\"robots\" content=\"index, follow, max-snippet:-1, max-image-preview:large, max-video-preview:-1\" \/>\n<link rel=\"canonical\" href=\"https:\/\/almaza-travel.com\/blog\/\" \/>\n<meta property=\"og:locale\" content=\"pl_PL\" \/>\n<meta property=\"og:type\" content=\"article\" \/>\n<meta property=\"og:title\" content=\"Blog &#8211; Almaza Travel\" \/>\n<meta property=\"og:description\" content=\"Categoriesnews December 22, 2025December 22, 2025 By momansour258@gmail.com Hello post Read More\" \/>\n<meta property=\"og:url\" content=\"https:\/\/almaza-travel.com\/blog\/\" \/>\n<meta property=\"og:site_name\" content=\"Almaza Travel\" \/>\n<meta property=\"article:modified_time\" content=\"2025-12-22T11:23:58+00:00\" \/>\n<meta property=\"og:image\" content=\"http:\/\/almaza-travel.com\/wp-content\/uploads\/2024\/07\/offer2-img1.jpg\" \/>\n<meta name=\"twitter:card\" content=\"summary_large_image\" \/>\n<script type=\"application\/ld+json\" class=\"yoast-schema-graph\">{\"@context\":\"https:\\\/\\\/schema.org\",\"@graph\":[{\"@type\":\"WebPage\",\"@id\":\"https:\\\/\\\/almaza-travel.com\\\/blog\\\/\",\"url\":\"https:\\\/\\\/almaza-travel.com\\\/blog\\\/\",\"name\":\"Blog &#8211; Almaza Travel\",\"isPartOf\":{\"@id\":\"https:\\\/\\\/almaza-travel.com\\\/#website\"},\"primaryImageOfPage\":{\"@id\":\"https:\\\/\\\/almaza-travel.com\\\/blog\\\/#primaryimage\"},\"image\":{\"@id\":\"https:\\\/\\\/almaza-travel.com\\\/blog\\\/#primaryimage\"},\"thumbnailUrl\":\"http:\\\/\\\/almaza-travel.com\\\/wp-content\\\/uploads\\\/2024\\\/07\\\/offer2-img1.jpg\",\"datePublished\":\"2024-07-26T07:02:42+00:00\",\"dateModified\":\"2025-12-22T11:23:58+00:00\",\"breadcrumb\":{\"@id\":\"https:\\\/\\\/almaza-travel.com\\\/blog\\\/#breadcrumb\"},\"inLanguage\":\"pl-PL\",\"potentialAction\":[{\"@type\":\"ReadAction\",\"target\":[\"https:\\\/\\\/almaza-travel.com\\\/blog\\\/\"]}]},{\"@type\":\"ImageObject\",\"inLanguage\":\"pl-PL\",\"@id\":\"https:\\\/\\\/almaza-travel.com\\\/blog\\\/#primaryimage\",\"url\":\"http:\\\/\\\/almaza-travel.com\\\/wp-content\\\/uploads\\\/2024\\\/07\\\/offer2-img1.jpg\",\"contentUrl\":\"http:\\\/\\\/almaza-travel.com\\\/wp-content\\\/uploads\\\/2024\\\/07\\\/offer2-img1.jpg\"},{\"@type\":\"BreadcrumbList\",\"@id\":\"https:\\\/\\\/almaza-travel.com\\\/blog\\\/#breadcrumb\",\"itemListElement\":[{\"@type\":\"ListItem\",\"position\":1,\"name\":\"Strona g\u0142\u00f3wna\",\"item\":\"https:\\\/\\\/almaza-travel.com\\\/pl\\\/\"},{\"@type\":\"ListItem\",\"position\":2,\"name\":\"Blog\"}]},{\"@type\":\"WebSite\",\"@id\":\"https:\\\/\\\/almaza-travel.com\\\/#website\",\"url\":\"https:\\\/\\\/almaza-travel.com\\\/\",\"name\":\"Almaza Travel\",\"description\":\"book your trip online\",\"publisher\":{\"@id\":\"https:\\\/\\\/almaza-travel.com\\\/#organization\"},\"potentialAction\":[{\"@type\":\"SearchAction\",\"target\":{\"@type\":\"EntryPoint\",\"urlTemplate\":\"https:\\\/\\\/almaza-travel.com\\\/?s={search_term_string}\"},\"query-input\":{\"@type\":\"PropertyValueSpecification\",\"valueRequired\":true,\"valueName\":\"search_term_string\"}}],\"inLanguage\":\"pl-PL\"},{\"@type\":\"Organization\",\"@id\":\"https:\\\/\\\/almaza-travel.com\\\/#organization\",\"name\":\"Almaza Travel\",\"url\":\"https:\\\/\\\/almaza-travel.com\\\/\",\"logo\":{\"@type\":\"ImageObject\",\"inLanguage\":\"pl-PL\",\"@id\":\"https:\\\/\\\/almaza-travel.com\\\/#\\\/schema\\\/logo\\\/image\\\/\",\"url\":\"https:\\\/\\\/almaza-travel.com\\\/wp-content\\\/uploads\\\/2024\\\/07\\\/cropped-373943de-ac21-4403-8254-f0b2932401cb.png\",\"contentUrl\":\"https:\\\/\\\/almaza-travel.com\\\/wp-content\\\/uploads\\\/2024\\\/07\\\/cropped-373943de-ac21-4403-8254-f0b2932401cb.png\",\"width\":968,\"height\":359,\"caption\":\"Almaza Travel\"},\"image\":{\"@id\":\"https:\\\/\\\/almaza-travel.com\\\/#\\\/schema\\\/logo\\\/image\\\/\"}}]}<\/script>\n<!-- \/ Yoast SEO plugin. -->","yoast_head_json":{"title":"Blog &#8211; Almaza Travel","robots":{"index":"index","follow":"follow","max-snippet":"max-snippet:-1","max-image-preview":"max-image-preview:large","max-video-preview":"max-video-preview:-1"},"canonical":"https:\/\/almaza-travel.com\/blog\/","og_locale":"pl_PL","og_type":"article","og_title":"Blog &#8211; Almaza Travel","og_description":"Categoriesnews December 22, 2025December 22, 2025 By momansour258@gmail.com Hello post Read More","og_url":"https:\/\/almaza-travel.com\/blog\/","og_site_name":"Almaza Travel","article_modified_time":"2025-12-22T11:23:58+00:00","og_image":[{"url":"http:\/\/almaza-travel.com\/wp-content\/uploads\/2024\/07\/offer2-img1.jpg","type":"","width":"","height":""}],"twitter_card":"summary_large_image","schema":{"@context":"https:\/\/schema.org","@graph":[{"@type":"WebPage","@id":"https:\/\/almaza-travel.com\/blog\/","url":"https:\/\/almaza-travel.com\/blog\/","name":"Blog &#8211; Almaza Travel","isPartOf":{"@id":"https:\/\/almaza-travel.com\/#website"},"primaryImageOfPage":{"@id":"https:\/\/almaza-travel.com\/blog\/#primaryimage"},"image":{"@id":"https:\/\/almaza-travel.com\/blog\/#primaryimage"},"thumbnailUrl":"http:\/\/almaza-travel.com\/wp-content\/uploads\/2024\/07\/offer2-img1.jpg","datePublished":"2024-07-26T07:02:42+00:00","dateModified":"2025-12-22T11:23:58+00:00","breadcrumb":{"@id":"https:\/\/almaza-travel.com\/blog\/#breadcrumb"},"inLanguage":"pl-PL","potentialAction":[{"@type":"ReadAction","target":["https:\/\/almaza-travel.com\/blog\/"]}]},{"@type":"ImageObject","inLanguage":"pl-PL","@id":"https:\/\/almaza-travel.com\/blog\/#primaryimage","url":"http:\/\/almaza-travel.com\/wp-content\/uploads\/2024\/07\/offer2-img1.jpg","contentUrl":"http:\/\/almaza-travel.com\/wp-content\/uploads\/2024\/07\/offer2-img1.jpg"},{"@type":"BreadcrumbList","@id":"https:\/\/almaza-travel.com\/blog\/#breadcrumb","itemListElement":[{"@type":"ListItem","position":1,"name":"Strona g\u0142\u00f3wna","item":"https:\/\/almaza-travel.com\/pl\/"},{"@type":"ListItem","position":2,"name":"Blog"}]},{"@type":"WebSite","@id":"https:\/\/almaza-travel.com\/#website","url":"https:\/\/almaza-travel.com\/","name":"Almaza Travel","description":"book your trip online","publisher":{"@id":"https:\/\/almaza-travel.com\/#organization"},"potentialAction":[{"@type":"SearchAction","target":{"@type":"EntryPoint","urlTemplate":"https:\/\/almaza-travel.com\/?s={search_term_string}"},"query-input":{"@type":"PropertyValueSpecification","valueRequired":true,"valueName":"search_term_string"}}],"inLanguage":"pl-PL"},{"@type":"Organization","@id":"https:\/\/almaza-travel.com\/#organization","name":"Almaza Travel","url":"https:\/\/almaza-travel.com\/","logo":{"@type":"ImageObject","inLanguage":"pl-PL","@id":"https:\/\/almaza-travel.com\/#\/schema\/logo\/image\/","url":"https:\/\/almaza-travel.com\/wp-content\/uploads\/2024\/07\/cropped-373943de-ac21-4403-8254-f0b2932401cb.png","contentUrl":"https:\/\/almaza-travel.com\/wp-content\/uploads\/2024\/07\/cropped-373943de-ac21-4403-8254-f0b2932401cb.png","width":968,"height":359,"caption":"Almaza Travel"},"image":{"@id":"https:\/\/almaza-travel.com\/#\/schema\/logo\/image\/"}}]}},"_hostinger_reach_plugin_has_subscription_block":false,"_hostinger_reach_plugin_is_elementor":false,"_links":{"self":[{"href":"https:\/\/almaza-travel.com\/pl\/wp-json\/wp\/v2\/pages\/7018","targetHints":{"allow":["GET"]}}],"collection":[{"href":"https:\/\/almaza-travel.com\/pl\/wp-json\/wp\/v2\/pages"}],"about":[{"href":"https:\/\/almaza-travel.com\/pl\/wp-json\/wp\/v2\/types\/page"}],"author":[{"embeddable":true,"href":"https:\/\/almaza-travel.com\/pl\/wp-json\/wp\/v2\/users\/1"}],"replies":[{"embeddable":true,"href":"https:\/\/almaza-travel.com\/pl\/wp-json\/wp\/v2\/comments?post=7018"}],"version-history":[{"count":1,"href":"https:\/\/almaza-travel.com\/pl\/wp-json\/wp\/v2\/pages\/7018\/revisions"}],"predecessor-version":[{"id":8287,"href":"https:\/\/almaza-travel.com\/pl\/wp-json\/wp\/v2\/pages\/7018\/revisions\/8287"}],"wp:attachment":[{"href":"https:\/\/almaza-travel.com\/pl\/wp-json\/wp\/v2\/media?parent=7018"}],"curies":[{"name":"wp","href":"https:\/\/api.w.org\/{rel}","templated":true}]}}