{"id":7222,"date":"2025-10-25T16:39:57","date_gmt":"2025-10-25T16:39:57","guid":{"rendered":"https:\/\/almaza-travel.com\/excursions-a-marsa-alam\/"},"modified":"2026-02-12T11:20:34","modified_gmt":"2026-02-12T11:20:34","slug":"excursions-a-marsa-alam","status":"publish","type":"page","link":"https:\/\/almaza-travel.com\/fr\/excursions-a-marsa-alam\/","title":{"rendered":"Excursions \u00e0 Marsa Alam"},"content":{"rendered":"\t\t<div data-elementor-type=\"wp-page\" data-elementor-id=\"7222\" class=\"elementor elementor-7222 elementor-6276\">\n\t\t\t\t<div class=\"elementor-element elementor-element-32e5bb0 e-flex e-con-boxed e-con e-parent\" data-id=\"32e5bb0\" data-element_type=\"container\" data-e-type=\"container\">\n\t\t\t\t\t<div class=\"e-con-inner\">\n\t\t\t\t<div class=\"elementor-element elementor-element-db123fd elementor-widget elementor-widget-babe-all-items\" data-id=\"db123fd\" data-element_type=\"widget\" data-e-type=\"widget\" data-widget_type=\"babe-all-items.default\">\n\t\t\t\t<div class=\"elementor-widget-container\">\n\t\t\t\t\t\n            <div class=\"babe_shortcode_block sc_all_items  all-items-1\">\n                <div class=\"babe_shortcode_block_bg_inner\">\n                    <div class=\"babe_shortcode_block_inner d-grid\">\n                        <div class=\"babe_items babe_items_1 grid-item\">\n    <div class=\"babe_all_items_item_inner\">\n        <div class=\"item_img\">\n            <div class=\"items_labels\">\n                                <span class=\"item_info_price_discount\">50% de r\u00e9duction<\/span>            <\/div>\n                    <div class=\"items_action\">\n                        <a href=\"#\" data-images=\"[{&quot;image_id&quot;:9067,&quot;image&quot;:&quot;http:\\\/\\\/almaza-travel.com\\\/wp-content\\\/uploads\\\/2025\\\/10\\\/FB_IMG_1676402796006.jpg&quot;,&quot;description&quot;:&quot;&quot;},{&quot;image_id&quot;:9068,&quot;image&quot;:&quot;http:\\\/\\\/almaza-travel.com\\\/wp-content\\\/uploads\\\/2025\\\/10\\\/FB_IMG_1691485505352.jpg&quot;,&quot;description&quot;:&quot;&quot;},{&quot;image_id&quot;:9065,&quot;image&quot;:&quot;http:\\\/\\\/almaza-travel.com\\\/wp-content\\\/uploads\\\/2025\\\/10\\\/FB_IMG_1676398952000.jpg&quot;,&quot;description&quot;:&quot;&quot;},{&quot;image_id&quot;:9065,&quot;image&quot;:&quot;http:\\\/\\\/almaza-travel.com\\\/wp-content\\\/uploads\\\/2025\\\/10\\\/FB_IMG_1676398952000.jpg&quot;,&quot;description&quot;:&quot;&quot;},{&quot;image_id&quot;:9064,&quot;image&quot;:&quot;http:\\\/\\\/almaza-travel.com\\\/wp-content\\\/uploads\\\/2025\\\/10\\\/FB_IMG_1676398934852.jpg&quot;,&quot;description&quot;:&quot;&quot;},{&quot;image_id&quot;:9063,&quot;image&quot;:&quot;http:\\\/\\\/almaza-travel.com\\\/wp-content\\\/uploads\\\/2025\\\/10\\\/FB_IMG_1674239085576.jpg&quot;,&quot;description&quot;:&quot;&quot;},{&quot;image_id&quot;:9062,&quot;image&quot;:&quot;http:\\\/\\\/almaza-travel.com\\\/wp-content\\\/uploads\\\/2025\\\/10\\\/FB_IMG_1672576245864.jpg&quot;,&quot;description&quot;:&quot;&quot;},{&quot;image_id&quot;:9061,&quot;image&quot;:&quot;http:\\\/\\\/almaza-travel.com\\\/wp-content\\\/uploads\\\/2025\\\/10\\\/FB_IMG_1672576231282.jpg&quot;}]\" class=\"item-gallery item-meta-value\"><i class=\"havezic-icon-image\"><\/i><span class=\"screen-reader-text\">Voir la galerie<\/span><\/a>        <\/div>\n                    <a class=\"item-thumb\" href=\"https:\/\/almaza-travel.com\/fr\/to_book\/le-caire-et-les-pyramides-en-mini-van-au-depart-de-marsa-alam\/\"><img decoding=\"async\" src=\"https:\/\/almaza-travel.com\/wp-content\/uploads\/2025\/10\/FB_IMG_1676402796006.jpg\" alt=\"Le Caire et les pyramides en mini-van au d\u00e9part de Marsa Alam\"><\/a>        <\/div>\n        <div class=\"item_text\">\n            <div class=\"item-meta\">\n                <div class=\"rating\"><span class=\"star-rating\"><span><i class=\"havezic-icon-star\"><\/i><i class=\"havezic-icon-star\"><\/i><i class=\"havezic-icon-star\"><\/i><i class=\"havezic-icon-star\"><\/i><i class=\"havezic-icon-star\"><\/i><\/span><span style=\"width:100%\"><i class=\"havezic-icon-star\"><\/i><i class=\"havezic-icon-star\"><\/i><i class=\"havezic-icon-star\"><\/i><i class=\"havezic-icon-star\"><\/i><i class=\"havezic-icon-star\"><\/i><\/span><\/span><span class=\"rating-vote\">(0)<\/span><\/div>                <div class=\"item-days item-meta-value\"><i class=\"havezic-icon-time-line\"><\/i><span>22 heures<\/span><\/div>            <\/div>\n\n                        <div class=\"item_title\">\n                <a href=\"https:\/\/almaza-travel.com\/fr\/to_book\/le-caire-et-les-pyramides-en-mini-van-au-depart-de-marsa-alam\/\">Le Caire et les pyramides en mini-van au d\u00e9part de Marsa Alam<\/a>\n            <\/div>\n            <div class=\"item_info_price\">\n                <label>\u00e0 partir de<\/label>\n                <span class=\"item_info_price_new\"><span class=\"currency_amount\" data-amount=\"90\"><span class=\"currency_symbol\">&euro;<\/span>90.00<\/span><\/span>\n                <span class=\"item_info_price_old\"><span class=\"currency_amount\" data-amount=\"180\"><span class=\"currency_symbol\">&euro;<\/span>180.00<\/span><\/span>                            <\/div>\n            <div class=\"more-link-wrap\">\n                <a class=\"more-link link-background\" href=\"https:\/\/almaza-travel.com\/fr\/to_book\/le-caire-et-les-pyramides-en-mini-van-au-depart-de-marsa-alam\/\">\n                    <span class=\"elementor-button-icon left\"><i class=\"havezic-icon-arrow-small-right\"><\/i><\/span>\n                    <span class=\"more-text\">Plus d&#039;informations<\/span>\n                    <span class=\"elementor-button-icon right\"><i class=\"havezic-icon-arrow-small-right\"><\/i><\/span>\n                <\/a>\n            <\/div>\n        <\/div>\n    <\/div>\n<\/div><div class=\"babe_items babe_items_1 grid-item\">\n    <div class=\"babe_all_items_item_inner\">\n        <div class=\"item_img\">\n            <div class=\"items_labels\">\n                <span class=\"item_info_popular\">\u00c0 la une<\/span>                <span class=\"item_info_price_discount\">50% de r\u00e9duction<\/span>            <\/div>\n                    <div class=\"items_action\">\n                        <a href=\"#\" data-images=\"[{&quot;image_id&quot;:6779,&quot;image&quot;:&quot;http:\\\/\\\/almaza-travel.com\\\/wp-content\\\/uploads\\\/2025\\\/11\\\/ExploreLuxorandValleyoftheKingsfromMakadiBay_Full-DayTripwithLunch-KlookHongKong-2.jpg&quot;,&quot;description&quot;:&quot;&quot;},{&quot;image_id&quot;:6593,&quot;image&quot;:&quot;http:\\\/\\\/almaza-travel.com\\\/wp-content\\\/uploads\\\/2025\\\/10\\\/ExploreLuxorandValleyoftheKingsfromMakadiBay_Full-DayTripwithLunch-KlookHongKong.jpg&quot;,&quot;description&quot;:&quot;&quot;},{&quot;image_id&quot;:6590,&quot;image&quot;:&quot;http:\\\/\\\/almaza-travel.com\\\/wp-content\\\/uploads\\\/2025\\\/10\\\/9d87fff33f30a316e5d6e8b358d7ff58-1.jpg&quot;,&quot;description&quot;:&quot;&quot;},{&quot;image_id&quot;:6589,&quot;image&quot;:&quot;http:\\\/\\\/almaza-travel.com\\\/wp-content\\\/uploads\\\/2025\\\/10\\\/Tomb_of_Ramses_V_VI_in_Valley_of_the_Kings_on_West_Bank_of_Luxor_Egypt.jpg&quot;,&quot;description&quot;:&quot;&quot;},{&quot;image_id&quot;:6594,&quot;image&quot;:&quot;http:\\\/\\\/almaza-travel.com\\\/wp-content\\\/uploads\\\/2025\\\/10\\\/160841_e35d53df.jpg&quot;,&quot;description&quot;:&quot;&quot;},{&quot;image_id&quot;:6591,&quot;image&quot;:&quot;http:\\\/\\\/almaza-travel.com\\\/wp-content\\\/uploads\\\/2025\\\/10\\\/45210022564_e31791d2c9_b.jpg&quot;}]\" class=\"item-gallery item-meta-value\"><i class=\"havezic-icon-image\"><\/i><span class=\"screen-reader-text\">Voir la galerie<\/span><\/a>        <\/div>\n                    <a class=\"item-thumb\" href=\"https:\/\/almaza-travel.com\/fr\/to_book\/depuis-marsa-alam-louxor-et-la-vallee-des-rois-en-bus\/\"><img decoding=\"async\" src=\"https:\/\/almaza-travel.com\/wp-content\/uploads\/2025\/11\/Valley-of-the-kings-Private-tour-in-Luxor-Thumbnail.jpg\" alt=\"depuis Marsa Alam : Louxor et la Vall\u00e9e des Rois en bus\"><\/a>        <\/div>\n        <div class=\"item_text\">\n            <div class=\"item-meta\">\n                <div class=\"rating\"><span class=\"star-rating\"><span><i class=\"havezic-icon-star\"><\/i><i class=\"havezic-icon-star\"><\/i><i class=\"havezic-icon-star\"><\/i><i class=\"havezic-icon-star\"><\/i><i class=\"havezic-icon-star\"><\/i><\/span><span style=\"width:100%\"><i class=\"havezic-icon-star\"><\/i><i class=\"havezic-icon-star\"><\/i><i class=\"havezic-icon-star\"><\/i><i class=\"havezic-icon-star\"><\/i><i class=\"havezic-icon-star\"><\/i><\/span><\/span><span class=\"rating-vote\">(0)<\/span><\/div>                <div class=\"item-days item-meta-value\"><i class=\"havezic-icon-time-line\"><\/i><span>22 heures<\/span><\/div>            <\/div>\n\n                        <div class=\"item_title\">\n                <a href=\"https:\/\/almaza-travel.com\/fr\/to_book\/depuis-marsa-alam-louxor-et-la-vallee-des-rois-en-bus\/\">depuis Marsa Alam : Louxor et la Vall\u00e9e des Rois en bus<\/a>\n            <\/div>\n            <div class=\"item_info_price\">\n                <label>\u00e0 partir de<\/label>\n                <span class=\"item_info_price_new\"><span class=\"currency_amount\" data-amount=\"83\"><span class=\"currency_symbol\">&euro;<\/span>83.00<\/span><\/span>\n                <span class=\"item_info_price_old\"><span class=\"currency_amount\" data-amount=\"166\"><span class=\"currency_symbol\">&euro;<\/span>166.00<\/span><\/span>                            <\/div>\n            <div class=\"more-link-wrap\">\n                <a class=\"more-link link-background\" href=\"https:\/\/almaza-travel.com\/fr\/to_book\/depuis-marsa-alam-louxor-et-la-vallee-des-rois-en-bus\/\">\n                    <span class=\"elementor-button-icon left\"><i class=\"havezic-icon-arrow-small-right\"><\/i><\/span>\n                    <span class=\"more-text\">Plus d&#039;informations<\/span>\n                    <span class=\"elementor-button-icon right\"><i class=\"havezic-icon-arrow-small-right\"><\/i><\/span>\n                <\/a>\n            <\/div>\n        <\/div>\n    <\/div>\n<\/div>\n                    <\/div>\n                <\/div>\n            <\/div>\n\t\t\t        \t\t\t\t<\/div>\n\t\t\t\t<\/div>\n\t\t\t\t\t<\/div>\n\t\t\t\t<\/div>\n\t\t\t\t<\/div>\n\t\t","protected":false},"excerpt":{"rendered":"<p>50% de r\u00e9duction Voir la galerie (0) 22 heures Le Caire et les pyramides en mini-van au d\u00e9part de Marsa Alam \u00e0 partir de &euro;90.00 &euro;180.00 Plus d&#039;informations \u00c0 la une 50% de r\u00e9duction Voir la galerie (0) 22 heures depuis Marsa Alam : Louxor et la Vall\u00e9e des Rois en bus \u00e0 partir de [&hellip;]<\/p>\n","protected":false},"author":1,"featured_media":0,"parent":0,"menu_order":0,"comment_status":"closed","ping_status":"closed","template":"","meta":{"footnotes":""},"class_list":["post-7222","page","type-page","status-publish","hentry"],"yoast_head":"<!-- This site is optimized with the Yoast SEO plugin v27.4 - https:\/\/yoast.com\/product\/yoast-seo-wordpress\/ -->\n<title>Excursions \u00e0 Marsa Alam &#8211; Almaza Travel<\/title>\n<meta name=\"robots\" content=\"index, follow, max-snippet:-1, max-image-preview:large, max-video-preview:-1\" \/>\n<link rel=\"canonical\" href=\"https:\/\/almaza-travel.com\/fr\/excursions-a-marsa-alam\/\" \/>\n<meta property=\"og:locale\" content=\"fr_FR\" \/>\n<meta property=\"og:type\" content=\"article\" \/>\n<meta property=\"og:title\" content=\"Excursions \u00e0 Marsa Alam &#8211; Almaza Travel\" \/>\n<meta property=\"og:description\" content=\"50% de r\u00e9duction Voir la galerie (0) 22 heures Le Caire et les pyramides en mini-van au d\u00e9part de Marsa Alam \u00e0 partir de &euro;90.00 &euro;180.00 Plus d&#039;informations \u00c0 la une 50% de r\u00e9duction Voir la galerie (0) 22 heures depuis Marsa Alam : Louxor et la Vall\u00e9e des Rois en bus \u00e0 partir de [&hellip;]\" \/>\n<meta property=\"og:url\" content=\"https:\/\/almaza-travel.com\/fr\/excursions-a-marsa-alam\/\" \/>\n<meta property=\"og:site_name\" content=\"Almaza Travel\" \/>\n<meta property=\"article:modified_time\" content=\"2026-02-12T11:20:34+00:00\" \/>\n<meta property=\"og:image\" content=\"http:\/\/almaza-travel.com\/wp-content\/uploads\/2025\/10\/FB_IMG_1676402796006.jpg\" \/>\n<meta name=\"twitter:card\" content=\"summary_large_image\" \/>\n<meta name=\"twitter:label1\" content=\"Dur\u00e9e de lecture estim\u00e9e\" \/>\n\t<meta name=\"twitter:data1\" content=\"1 minute\" \/>\n<script type=\"application\/ld+json\" class=\"yoast-schema-graph\">{\"@context\":\"https:\\\/\\\/schema.org\",\"@graph\":[{\"@type\":\"WebPage\",\"@id\":\"https:\\\/\\\/almaza-travel.com\\\/fr\\\/excursions-a-marsa-alam\\\/\",\"url\":\"https:\\\/\\\/almaza-travel.com\\\/fr\\\/excursions-a-marsa-alam\\\/\",\"name\":\"Excursions \u00e0 Marsa Alam &#8211; Almaza Travel\",\"isPartOf\":{\"@id\":\"https:\\\/\\\/almaza-travel.com\\\/#website\"},\"primaryImageOfPage\":{\"@id\":\"https:\\\/\\\/almaza-travel.com\\\/fr\\\/excursions-a-marsa-alam\\\/#primaryimage\"},\"image\":{\"@id\":\"https:\\\/\\\/almaza-travel.com\\\/fr\\\/excursions-a-marsa-alam\\\/#primaryimage\"},\"thumbnailUrl\":\"http:\\\/\\\/almaza-travel.com\\\/wp-content\\\/uploads\\\/2025\\\/10\\\/FB_IMG_1676402796006.jpg\",\"datePublished\":\"2025-10-25T16:39:57+00:00\",\"dateModified\":\"2026-02-12T11:20:34+00:00\",\"breadcrumb\":{\"@id\":\"https:\\\/\\\/almaza-travel.com\\\/fr\\\/excursions-a-marsa-alam\\\/#breadcrumb\"},\"inLanguage\":\"fr-FR\",\"potentialAction\":[{\"@type\":\"ReadAction\",\"target\":[\"https:\\\/\\\/almaza-travel.com\\\/fr\\\/excursions-a-marsa-alam\\\/\"]}]},{\"@type\":\"ImageObject\",\"inLanguage\":\"fr-FR\",\"@id\":\"https:\\\/\\\/almaza-travel.com\\\/fr\\\/excursions-a-marsa-alam\\\/#primaryimage\",\"url\":\"http:\\\/\\\/almaza-travel.com\\\/wp-content\\\/uploads\\\/2025\\\/10\\\/FB_IMG_1676402796006.jpg\",\"contentUrl\":\"http:\\\/\\\/almaza-travel.com\\\/wp-content\\\/uploads\\\/2025\\\/10\\\/FB_IMG_1676402796006.jpg\"},{\"@type\":\"BreadcrumbList\",\"@id\":\"https:\\\/\\\/almaza-travel.com\\\/fr\\\/excursions-a-marsa-alam\\\/#breadcrumb\",\"itemListElement\":[{\"@type\":\"ListItem\",\"position\":1,\"name\":\"Accueil\",\"item\":\"https:\\\/\\\/almaza-travel.com\\\/fr\\\/\"},{\"@type\":\"ListItem\",\"position\":2,\"name\":\"Excursions \u00e0 Marsa Alam\"}]},{\"@type\":\"WebSite\",\"@id\":\"https:\\\/\\\/almaza-travel.com\\\/#website\",\"url\":\"https:\\\/\\\/almaza-travel.com\\\/\",\"name\":\"Almaza Travel\",\"description\":\"book your trip online\",\"publisher\":{\"@id\":\"https:\\\/\\\/almaza-travel.com\\\/#organization\"},\"potentialAction\":[{\"@type\":\"SearchAction\",\"target\":{\"@type\":\"EntryPoint\",\"urlTemplate\":\"https:\\\/\\\/almaza-travel.com\\\/?s={search_term_string}\"},\"query-input\":{\"@type\":\"PropertyValueSpecification\",\"valueRequired\":true,\"valueName\":\"search_term_string\"}}],\"inLanguage\":\"fr-FR\"},{\"@type\":\"Organization\",\"@id\":\"https:\\\/\\\/almaza-travel.com\\\/#organization\",\"name\":\"Almaza Travel\",\"url\":\"https:\\\/\\\/almaza-travel.com\\\/\",\"logo\":{\"@type\":\"ImageObject\",\"inLanguage\":\"fr-FR\",\"@id\":\"https:\\\/\\\/almaza-travel.com\\\/#\\\/schema\\\/logo\\\/image\\\/\",\"url\":\"https:\\\/\\\/almaza-travel.com\\\/wp-content\\\/uploads\\\/2024\\\/07\\\/cropped-373943de-ac21-4403-8254-f0b2932401cb.png\",\"contentUrl\":\"https:\\\/\\\/almaza-travel.com\\\/wp-content\\\/uploads\\\/2024\\\/07\\\/cropped-373943de-ac21-4403-8254-f0b2932401cb.png\",\"width\":968,\"height\":359,\"caption\":\"Almaza Travel\"},\"image\":{\"@id\":\"https:\\\/\\\/almaza-travel.com\\\/#\\\/schema\\\/logo\\\/image\\\/\"}}]}<\/script>\n<!-- \/ Yoast SEO plugin. -->","yoast_head_json":{"title":"Excursions \u00e0 Marsa Alam &#8211; Almaza Travel","robots":{"index":"index","follow":"follow","max-snippet":"max-snippet:-1","max-image-preview":"max-image-preview:large","max-video-preview":"max-video-preview:-1"},"canonical":"https:\/\/almaza-travel.com\/fr\/excursions-a-marsa-alam\/","og_locale":"fr_FR","og_type":"article","og_title":"Excursions \u00e0 Marsa Alam &#8211; Almaza Travel","og_description":"50% de r\u00e9duction Voir la galerie (0) 22 heures Le Caire et les pyramides en mini-van au d\u00e9part de Marsa Alam \u00e0 partir de &euro;90.00 &euro;180.00 Plus d&#039;informations \u00c0 la une 50% de r\u00e9duction Voir la galerie (0) 22 heures depuis Marsa Alam : Louxor et la Vall\u00e9e des Rois en bus \u00e0 partir de [&hellip;]","og_url":"https:\/\/almaza-travel.com\/fr\/excursions-a-marsa-alam\/","og_site_name":"Almaza Travel","article_modified_time":"2026-02-12T11:20:34+00:00","og_image":[{"url":"http:\/\/almaza-travel.com\/wp-content\/uploads\/2025\/10\/FB_IMG_1676402796006.jpg","type":"","width":"","height":""}],"twitter_card":"summary_large_image","twitter_misc":{"Dur\u00e9e de lecture estim\u00e9e":"1 minute"},"schema":{"@context":"https:\/\/schema.org","@graph":[{"@type":"WebPage","@id":"https:\/\/almaza-travel.com\/fr\/excursions-a-marsa-alam\/","url":"https:\/\/almaza-travel.com\/fr\/excursions-a-marsa-alam\/","name":"Excursions \u00e0 Marsa Alam &#8211; Almaza Travel","isPartOf":{"@id":"https:\/\/almaza-travel.com\/#website"},"primaryImageOfPage":{"@id":"https:\/\/almaza-travel.com\/fr\/excursions-a-marsa-alam\/#primaryimage"},"image":{"@id":"https:\/\/almaza-travel.com\/fr\/excursions-a-marsa-alam\/#primaryimage"},"thumbnailUrl":"http:\/\/almaza-travel.com\/wp-content\/uploads\/2025\/10\/FB_IMG_1676402796006.jpg","datePublished":"2025-10-25T16:39:57+00:00","dateModified":"2026-02-12T11:20:34+00:00","breadcrumb":{"@id":"https:\/\/almaza-travel.com\/fr\/excursions-a-marsa-alam\/#breadcrumb"},"inLanguage":"fr-FR","potentialAction":[{"@type":"ReadAction","target":["https:\/\/almaza-travel.com\/fr\/excursions-a-marsa-alam\/"]}]},{"@type":"ImageObject","inLanguage":"fr-FR","@id":"https:\/\/almaza-travel.com\/fr\/excursions-a-marsa-alam\/#primaryimage","url":"http:\/\/almaza-travel.com\/wp-content\/uploads\/2025\/10\/FB_IMG_1676402796006.jpg","contentUrl":"http:\/\/almaza-travel.com\/wp-content\/uploads\/2025\/10\/FB_IMG_1676402796006.jpg"},{"@type":"BreadcrumbList","@id":"https:\/\/almaza-travel.com\/fr\/excursions-a-marsa-alam\/#breadcrumb","itemListElement":[{"@type":"ListItem","position":1,"name":"Accueil","item":"https:\/\/almaza-travel.com\/fr\/"},{"@type":"ListItem","position":2,"name":"Excursions \u00e0 Marsa Alam"}]},{"@type":"WebSite","@id":"https:\/\/almaza-travel.com\/#website","url":"https:\/\/almaza-travel.com\/","name":"Almaza Travel","description":"book your trip online","publisher":{"@id":"https:\/\/almaza-travel.com\/#organization"},"potentialAction":[{"@type":"SearchAction","target":{"@type":"EntryPoint","urlTemplate":"https:\/\/almaza-travel.com\/?s={search_term_string}"},"query-input":{"@type":"PropertyValueSpecification","valueRequired":true,"valueName":"search_term_string"}}],"inLanguage":"fr-FR"},{"@type":"Organization","@id":"https:\/\/almaza-travel.com\/#organization","name":"Almaza Travel","url":"https:\/\/almaza-travel.com\/","logo":{"@type":"ImageObject","inLanguage":"fr-FR","@id":"https:\/\/almaza-travel.com\/#\/schema\/logo\/image\/","url":"https:\/\/almaza-travel.com\/wp-content\/uploads\/2024\/07\/cropped-373943de-ac21-4403-8254-f0b2932401cb.png","contentUrl":"https:\/\/almaza-travel.com\/wp-content\/uploads\/2024\/07\/cropped-373943de-ac21-4403-8254-f0b2932401cb.png","width":968,"height":359,"caption":"Almaza Travel"},"image":{"@id":"https:\/\/almaza-travel.com\/#\/schema\/logo\/image\/"}}]}},"_hostinger_reach_plugin_has_subscription_block":false,"_hostinger_reach_plugin_is_elementor":false,"_links":{"self":[{"href":"https:\/\/almaza-travel.com\/fr\/wp-json\/wp\/v2\/pages\/7222","targetHints":{"allow":["GET"]}}],"collection":[{"href":"https:\/\/almaza-travel.com\/fr\/wp-json\/wp\/v2\/pages"}],"about":[{"href":"https:\/\/almaza-travel.com\/fr\/wp-json\/wp\/v2\/types\/page"}],"author":[{"embeddable":true,"href":"https:\/\/almaza-travel.com\/fr\/wp-json\/wp\/v2\/users\/1"}],"replies":[{"embeddable":true,"href":"https:\/\/almaza-travel.com\/fr\/wp-json\/wp\/v2\/comments?post=7222"}],"version-history":[{"count":9,"href":"https:\/\/almaza-travel.com\/fr\/wp-json\/wp\/v2\/pages\/7222\/revisions"}],"predecessor-version":[{"id":10499,"href":"https:\/\/almaza-travel.com\/fr\/wp-json\/wp\/v2\/pages\/7222\/revisions\/10499"}],"wp:attachment":[{"href":"https:\/\/almaza-travel.com\/fr\/wp-json\/wp\/v2\/media?parent=7222"}],"curies":[{"name":"wp","href":"https:\/\/api.w.org\/{rel}","templated":true}]}}