{"id":7021,"date":"2024-07-26T07:02:42","date_gmt":"2024-07-26T07:02:42","guid":{"rendered":"https:\/\/almaza-travel.com\/blog\/"},"modified":"2025-12-22T11:23:58","modified_gmt":"2025-12-22T11:23:58","slug":"blog","status":"publish","type":"page","link":"https:\/\/almaza-travel.com\/fr\/blog\/","title":{"rendered":"Blog"},"content":{"rendered":"\t\t<div data-elementor-type=\"wp-page\" data-elementor-id=\"7021\" class=\"elementor elementor-7021 elementor-665\">\n\t\t\t\t<div class=\"elementor-element elementor-element-7908746 e-con-full e-flex e-con e-parent\" data-id=\"7908746\" data-element_type=\"container\" data-e-type=\"container\">\n\t\t<div class=\"elementor-element elementor-element-6f5027b e-con-full e-flex e-con e-child\" data-id=\"6f5027b\" data-element_type=\"container\" data-e-type=\"container\">\n\t\t\t\t<div class=\"elementor-element elementor-element-52d582e elementor-widget elementor-widget-havezic-post-grid\" data-id=\"52d582e\" data-element_type=\"widget\" data-e-type=\"widget\" data-widget_type=\"havezic-post-grid.default\">\n\t\t\t\t<div class=\"elementor-widget-container\">\n\t\t\t\t\t        <div class=\"elementor-post-grid\">\n            <div class=\"elementor-post-wrapper elementor-post-style-1\">\n                <div class=\"d-grid\">\n                                                                    <div class=\"grid-item\">\n                                <div class=\"post-inner blog-grid\">\n        <div class=\"post-content\">\n        <div class=\"entry-header\">\n            <div class=\"entry-meta\">\n                 <div class=\"categories-link\"><span class=\"screen-reader-text\">Cat\u00e9gories<\/span><a href=\"https:\/\/almaza-travel.com\/fr\/category\/excursion-hurghada\/\" rel=\"category tag\">excursion hurghada<\/a><\/div> <div class=\"posted-on\"><a href=\"https:\/\/almaza-travel.com\/fr\/grand-aquarium-dhurghada\/\" rel=\"bookmark\"><time class=\"entry-date published\" datetime=\"2026-02-18T07:37:49+00:00\">18 f\u00e9vrier 2026<\/time><time class=\"updated\" datetime=\"2026-12-17T07:37:49+00:00\">17 d\u00e9cembre 2026<\/time><\/a><\/div> <div class=\"post-author\"><span class=\"text-author\">Par  <\/span><a href=\"https:\/\/almaza-travel.com\/fr\/author\/momansour258gmail-com\/\" class=\"url fn\" rel=\"author\">momansour258@gmail.com<\/a><\/div>            <\/div>\n            <h3 class=\"sigma entry-title\"><a href=\"https:\/\/almaza-travel.com\/fr\/grand-aquarium-dhurghada\/\" rel=\"bookmark\">grand aquarium d\u2019hurghada<\/a><\/h3>        <\/div>\n        <div class=\"entry-content\">\n            <div class=\"entry-excerpt\"><p>10 raisons pour lesquelles le Grand Aquarium d\u2019Hurghada doit figurer sur ta liste de choses \u00e0 faire en \u00c9gypte &nbsp; Approche-toi au plus pr\u00e8s des superpr\u00e9dateurs marins tout en restant au sec. Almaza Travel t\u2019offre un acc\u00e8s VIP pour cette visite exclusive du Grand Aquarium d\u2019Hurghada, une installation de classe mondiale qui combine un immense [&hellip;]<\/p>\n<\/div>\n            <div class=\"more-link-wrap\"><a class=\"more-link\" href=\"https:\/\/almaza-travel.com\/fr\/grand-aquarium-dhurghada\/\"> <span class=\"elementor-button-icon left\"><i class=\"havezic-icon-arrow-small-right\"><\/i><\/span>En savoir plus<span class=\"elementor-button-icon right\"><i class=\"havezic-icon-arrow-small-right\"><\/i><\/span><\/a><\/div>        <\/div>\n    <\/div>\n<\/div>                            <\/div>\n                                                <div class=\"grid-item\">\n                                <div class=\"post-inner blog-grid\">\n        <div class=\"post-content\">\n        <div class=\"entry-header\">\n            <div class=\"entry-meta\">\n                 <div class=\"categories-link\"><span class=\"screen-reader-text\">Cat\u00e9gories<\/span><a href=\"https:\/\/almaza-travel.com\/fr\/category\/actualites\/\" rel=\"category tag\">actualit\u00e9s<\/a><\/div> <div class=\"posted-on\"><a href=\"https:\/\/almaza-travel.com\/fr\/meilleures-excursions-au-caire\/\" rel=\"bookmark\"><time class=\"entry-date published\" datetime=\"2026-02-17T00:40:29+00:00\">17 f\u00e9vrier 2026<\/time><time class=\"updated\" datetime=\"2026-02-17T20:05:56+00:00\">17 f\u00e9vrier 2026<\/time><\/a><\/div> <div class=\"post-author\"><span class=\"text-author\">Par  <\/span><a href=\"https:\/\/almaza-travel.com\/fr\/author\/momansour258gmail-com\/\" class=\"url fn\" rel=\"author\">momansour258@gmail.com<\/a><\/div>            <\/div>\n            <h3 class=\"sigma entry-title\"><a href=\"https:\/\/almaza-travel.com\/fr\/meilleures-excursions-au-caire\/\" rel=\"bookmark\">Pourquoi le Caire est la destination de voyage phare de 2026<\/a><\/h3>        <\/div>\n        <div class=\"entry-content\">\n            <div class=\"entry-excerpt\"><p>Pr\u00e9parez-vous ; ce n&rsquo;est pas une ann\u00e9e ordinaire. Le Caire deviendra officiellement la premi\u00e8re destination touristique mondiale en 2026. Pendant que le reste du monde courait apr\u00e8s les tendances \u00e9ph\u00e9m\u00e8res, notre ancienne capitale pr\u00e9parait discr\u00e8tement une sc\u00e8ne digne de sa grandeur. Aujourd&rsquo;hui, nous pouvons affirmer avec confiance que le Caire est plus qu&rsquo;une simple escale [&hellip;]<\/p>\n<\/div>\n            <div class=\"more-link-wrap\"><a class=\"more-link\" href=\"https:\/\/almaza-travel.com\/fr\/meilleures-excursions-au-caire\/\"> <span class=\"elementor-button-icon left\"><i class=\"havezic-icon-arrow-small-right\"><\/i><\/span>En savoir plus<span class=\"elementor-button-icon right\"><i class=\"havezic-icon-arrow-small-right\"><\/i><\/span><\/a><\/div>        <\/div>\n    <\/div>\n<\/div>                            <\/div>\n                                                <div class=\"grid-item\">\n                                <div class=\"post-inner blog-grid\">\n        <div class=\"post-content\">\n        <div class=\"entry-header\">\n            <div class=\"entry-meta\">\n                 <div class=\"categories-link\"><span class=\"screen-reader-text\">Cat\u00e9gories<\/span><a href=\"https:\/\/almaza-travel.com\/fr\/category\/excursion-marsa-alam\/\" rel=\"category tag\">excursion Marsa Alam<\/a><\/div> <div class=\"posted-on\"><a href=\"https:\/\/almaza-travel.com\/fr\/lac-nayzak-marsa-alam\/\" rel=\"bookmark\"><time class=\"entry-date published\" datetime=\"2026-02-15T21:28:36+00:00\">15 f\u00e9vrier 2026<\/time><time class=\"updated\" datetime=\"2026-02-15T21:59:10+00:00\">15 f\u00e9vrier 2026<\/time><\/a><\/div> <div class=\"post-author\"><span class=\"text-author\">Par  <\/span><a href=\"https:\/\/almaza-travel.com\/fr\/author\/momansour258gmail-com\/\" class=\"url fn\" rel=\"author\">momansour258@gmail.com<\/a><\/div>            <\/div>\n            <h3 class=\"sigma entry-title\"><a href=\"https:\/\/almaza-travel.com\/fr\/lac-nayzak-marsa-alam\/\" rel=\"bookmark\">Lac Nayzak, Marsa Alam<\/a><\/h3>        <\/div>\n        <div class=\"entry-content\">\n            <div class=\"entry-excerpt\"><p>Tout ce qu\u2019il faut savoir avant de visiter le lac Nayzak : le secret le mieux gard\u00e9 d\u2019\u00c9gypte Qu\u2019est-ce qui attire les voyageurs en \u00c9gypte ? Le Nil \u00e9ternel, les temples antiques de Louxor ou les pyramides intemporelles ? Peut-\u00eatre que la vraie magie se cache au-del\u00e0 de ces ic\u00f4nes, dans des zones encore m\u00e9connues [&hellip;]<\/p>\n<\/div>\n            <div class=\"more-link-wrap\"><a class=\"more-link\" href=\"https:\/\/almaza-travel.com\/fr\/lac-nayzak-marsa-alam\/\"> <span class=\"elementor-button-icon left\"><i class=\"havezic-icon-arrow-small-right\"><\/i><\/span>En savoir plus<span class=\"elementor-button-icon right\"><i class=\"havezic-icon-arrow-small-right\"><\/i><\/span><\/a><\/div>        <\/div>\n    <\/div>\n<\/div>                            <\/div>\n                                                <div class=\"grid-item\">\n                                <div class=\"post-inner blog-grid\">\n        <div class=\"post-content\">\n        <div class=\"entry-header\">\n            <div class=\"entry-meta\">\n                 <div class=\"categories-link\"><span class=\"screen-reader-text\">Cat\u00e9gories<\/span><a href=\"https:\/\/almaza-travel.com\/fr\/category\/excursion-hurghada\/\" rel=\"category tag\">excursion hurghada<\/a><\/div> <div class=\"posted-on\"><a href=\"https:\/\/almaza-travel.com\/fr\/spectacle-alf-leila-wa-leila\/\" rel=\"bookmark\"><time class=\"entry-date published\" datetime=\"2026-02-15T07:49:55+00:00\">15 f\u00e9vrier 2026<\/time><time class=\"updated\" datetime=\"2026-02-15T22:38:54+00:00\">15 f\u00e9vrier 2026<\/time><\/a><\/div> <div class=\"post-author\"><span class=\"text-author\">Par  <\/span><a href=\"https:\/\/almaza-travel.com\/fr\/author\/momansour258gmail-com\/\" class=\"url fn\" rel=\"author\">momansour258@gmail.com<\/a><\/div>            <\/div>\n            <h3 class=\"sigma entry-title\"><a href=\"https:\/\/almaza-travel.com\/fr\/spectacle-alf-leila-wa-leila\/\" rel=\"bookmark\">Spectacle Alf Leila Wa Leila<\/a><\/h3>        <\/div>\n        <div class=\"entry-content\">\n            <div class=\"entry-excerpt\"><p>Comment vivre la vraie magie du folklore ancien au spectacle Alf Leila Wa Leila &nbsp; Imagine le charme absolu de sortir des limites du pr\u00e9sent et de passer la nuit au milieu d\u2019innombrables r\u00e9cits de sultans et de guerriers du d\u00e9sert ! Le spectacle Alf Leila Wa Leila est bien plus qu\u2019une simple performance artistique [&hellip;]<\/p>\n<\/div>\n            <div class=\"more-link-wrap\"><a class=\"more-link\" href=\"https:\/\/almaza-travel.com\/fr\/spectacle-alf-leila-wa-leila\/\"> <span class=\"elementor-button-icon left\"><i class=\"havezic-icon-arrow-small-right\"><\/i><\/span>En savoir plus<span class=\"elementor-button-icon right\"><i class=\"havezic-icon-arrow-small-right\"><\/i><\/span><\/a><\/div>        <\/div>\n    <\/div>\n<\/div>                            <\/div>\n                                                <div class=\"grid-item\">\n                                <div class=\"post-inner blog-grid\">\n        <div class=\"post-content\">\n        <div class=\"entry-header\">\n            <div class=\"entry-meta\">\n                 <div class=\"categories-link\"><span class=\"screen-reader-text\">Cat\u00e9gories<\/span><a href=\"https:\/\/almaza-travel.com\/fr\/category\/excursion-hurghada\/\" rel=\"category tag\">excursion hurghada<\/a><\/div> <div class=\"posted-on\"><a href=\"https:\/\/almaza-travel.com\/fr\/mini-egypt-park-hurghada\/\" rel=\"bookmark\"><time class=\"entry-date published\" datetime=\"2026-02-15T07:48:57+00:00\">15 f\u00e9vrier 2026<\/time><time class=\"updated\" datetime=\"2026-02-15T23:13:14+00:00\">15 f\u00e9vrier 2026<\/time><\/a><\/div> <div class=\"post-author\"><span class=\"text-author\">Par  <\/span><a href=\"https:\/\/almaza-travel.com\/fr\/author\/momansour258gmail-com\/\" class=\"url fn\" rel=\"author\">momansour258@gmail.com<\/a><\/div>            <\/div>\n            <h3 class=\"sigma entry-title\"><a href=\"https:\/\/almaza-travel.com\/fr\/mini-egypt-park-hurghada\/\" rel=\"bookmark\">Mini Egypt Park Hurghada : le guide ultime du visiteur par Almaza Travel<\/a><\/h3>        <\/div>\n        <div class=\"entry-content\">\n            <div class=\"entry-excerpt\"><p>As-tu d\u00e9j\u00e0 imagin\u00e9 parcourir toute l\u2019\u00c9gypte et d\u00e9couvrir ses tr\u00e9sors architecturaux intemporels en seulement quelques heures ?! Mini Egypt Park Hurghada transforme ce r\u00eave en r\u00e9alit\u00e9. Almaza Travel est ton passage id\u00e9al pour explorer les merveilles du monde \u00e0 travers une vision distingu\u00e9e. Nous t\u2019invitons \u00e0 un s\u00e9jour exceptionnel au c\u0153ur de Mini Egypt Park, [&hellip;]<\/p>\n<\/div>\n            <div class=\"more-link-wrap\"><a class=\"more-link\" href=\"https:\/\/almaza-travel.com\/fr\/mini-egypt-park-hurghada\/\"> <span class=\"elementor-button-icon left\"><i class=\"havezic-icon-arrow-small-right\"><\/i><\/span>En savoir plus<span class=\"elementor-button-icon right\"><i class=\"havezic-icon-arrow-small-right\"><\/i><\/span><\/a><\/div>        <\/div>\n    <\/div>\n<\/div>                            <\/div>\n                                                <div class=\"grid-item\">\n                                <div class=\"post-inner blog-grid\">\n        <div class=\"post-content\">\n        <div class=\"entry-header\">\n            <div class=\"entry-meta\">\n                 <div class=\"categories-link\"><span class=\"screen-reader-text\">Cat\u00e9gories<\/span><a href=\"https:\/\/almaza-travel.com\/fr\/category\/excursion-hurghada\/\" rel=\"category tag\">excursion hurghada<\/a><\/div> <div class=\"posted-on\"><a href=\"https:\/\/almaza-travel.com\/fr\/photos-de-balade-a-dos-de-chameau-a-hurghada\/\" rel=\"bookmark\"><time class=\"entry-date published\" datetime=\"2026-02-14T09:10:20+00:00\">14 f\u00e9vrier 2026<\/time><time class=\"updated\" datetime=\"2026-02-14T09:57:24+00:00\">14 f\u00e9vrier 2026<\/time><\/a><\/div> <div class=\"post-author\"><span class=\"text-author\">Par  <\/span><a href=\"https:\/\/almaza-travel.com\/fr\/author\/momansour258gmail-com\/\" class=\"url fn\" rel=\"author\">momansour258@gmail.com<\/a><\/div>            <\/div>\n            <h3 class=\"sigma entry-title\"><a href=\"https:\/\/almaza-travel.com\/fr\/photos-de-balade-a-dos-de-chameau-a-hurghada\/\" rel=\"bookmark\">Meilleurs spots photo pour une balade \u00e0 dos de chameau \u00e0 Hurghada<\/a><\/h3>        <\/div>\n        <div class=\"entry-content\">\n            <div class=\"entry-excerpt\"><p>Le guide ultime pour ma\u00eetriser la photographie de trek \u00e0 dos de chameau \u00e0 Hurghada avec Almaza Travel As-tu d\u00e9j\u00e0 pens\u00e9 \u00e0 r\u00e9v\u00e9ler le Lawrence d&rsquo;Arabie qui sommeille en toi en marchant sur les dunes dor\u00e9es, tandis que le soleil peint le ciel de teintes d&rsquo;orange et de violet inconcevables ? Alors, accroche-toi (ou plut\u00f4t, [&hellip;]<\/p>\n<\/div>\n            <div class=\"more-link-wrap\"><a class=\"more-link\" href=\"https:\/\/almaza-travel.com\/fr\/photos-de-balade-a-dos-de-chameau-a-hurghada\/\"> <span class=\"elementor-button-icon left\"><i class=\"havezic-icon-arrow-small-right\"><\/i><\/span>En savoir plus<span class=\"elementor-button-icon right\"><i class=\"havezic-icon-arrow-small-right\"><\/i><\/span><\/a><\/div>        <\/div>\n    <\/div>\n<\/div>                            <\/div>\n                                                        <\/div>\n            <\/div>\n                                    <div class=\"pagination\">\n            <nav class=\"elementor-pagination\" role=\"navigation\"\n                 aria-label=\"Pagination\">\n                <span aria-current=\"page\" class=\"page-numbers current\"><span class=\"elementor-screen-only\">Page<\/span>1<\/span>\n<a class=\"page-numbers\" href=\"https:\/\/almaza-travel.com\/fr\/wp-json\/wp\/v2\/pages\/7021\/page\/2\/\"><span class=\"elementor-screen-only\">Page<\/span>2<\/a>\n<a class=\"page-numbers\" href=\"https:\/\/almaza-travel.com\/fr\/wp-json\/wp\/v2\/pages\/7021\/page\/3\/\"><span class=\"elementor-screen-only\">Page<\/span>3<\/a>\n<a class=\"page-numbers\" href=\"https:\/\/almaza-travel.com\/fr\/wp-json\/wp\/v2\/pages\/7021\/page\/4\/\"><span class=\"elementor-screen-only\">Page<\/span>4<\/a>\n<a class=\"page-numbers\" href=\"https:\/\/almaza-travel.com\/fr\/wp-json\/wp\/v2\/pages\/7021\/page\/5\/\"><span class=\"elementor-screen-only\">Page<\/span>5<\/a>            <\/nav>\n        <\/div>\n                            <\/div>\n                        \t\t\t\t<\/div>\n\t\t\t\t<\/div>\n\t\t\t\t<\/div>\n\t\t\t\t<\/div>\n\t\t\t\t<\/div>\n\t\t","protected":false},"excerpt":{"rendered":"<p>Categoriesnews December 22, 2025December 22, 2025 By momansour258@gmail.com Hello post Read More<\/p>\n","protected":false},"author":1,"featured_media":0,"parent":0,"menu_order":0,"comment_status":"closed","ping_status":"closed","template":"","meta":{"footnotes":""},"class_list":["post-7021","page","type-page","status-publish","hentry"],"yoast_head":"<!-- This site is optimized with the Yoast SEO plugin v27.4 - https:\/\/yoast.com\/product\/yoast-seo-wordpress\/ -->\n<title>Blog &#8211; Almaza Travel<\/title>\n<meta name=\"robots\" content=\"index, follow, max-snippet:-1, max-image-preview:large, max-video-preview:-1\" \/>\n<link rel=\"canonical\" href=\"https:\/\/almaza-travel.com\/blog\/\" \/>\n<meta property=\"og:locale\" content=\"fr_FR\" \/>\n<meta property=\"og:type\" content=\"article\" \/>\n<meta property=\"og:title\" content=\"Blog &#8211; Almaza Travel\" \/>\n<meta property=\"og:description\" content=\"Categoriesnews December 22, 2025December 22, 2025 By momansour258@gmail.com Hello post Read More\" \/>\n<meta property=\"og:url\" content=\"https:\/\/almaza-travel.com\/blog\/\" \/>\n<meta property=\"og:site_name\" content=\"Almaza Travel\" \/>\n<meta property=\"article:modified_time\" content=\"2025-12-22T11:23:58+00:00\" \/>\n<meta property=\"og:image\" content=\"http:\/\/almaza-travel.com\/wp-content\/uploads\/2024\/07\/offer2-img1.jpg\" \/>\n<meta name=\"twitter:card\" content=\"summary_large_image\" \/>\n<script type=\"application\/ld+json\" class=\"yoast-schema-graph\">{\"@context\":\"https:\\\/\\\/schema.org\",\"@graph\":[{\"@type\":\"WebPage\",\"@id\":\"https:\\\/\\\/almaza-travel.com\\\/blog\\\/\",\"url\":\"https:\\\/\\\/almaza-travel.com\\\/blog\\\/\",\"name\":\"Blog &#8211; Almaza Travel\",\"isPartOf\":{\"@id\":\"https:\\\/\\\/almaza-travel.com\\\/#website\"},\"primaryImageOfPage\":{\"@id\":\"https:\\\/\\\/almaza-travel.com\\\/blog\\\/#primaryimage\"},\"image\":{\"@id\":\"https:\\\/\\\/almaza-travel.com\\\/blog\\\/#primaryimage\"},\"thumbnailUrl\":\"http:\\\/\\\/almaza-travel.com\\\/wp-content\\\/uploads\\\/2024\\\/07\\\/offer2-img1.jpg\",\"datePublished\":\"2024-07-26T07:02:42+00:00\",\"dateModified\":\"2025-12-22T11:23:58+00:00\",\"breadcrumb\":{\"@id\":\"https:\\\/\\\/almaza-travel.com\\\/blog\\\/#breadcrumb\"},\"inLanguage\":\"fr-FR\",\"potentialAction\":[{\"@type\":\"ReadAction\",\"target\":[\"https:\\\/\\\/almaza-travel.com\\\/blog\\\/\"]}]},{\"@type\":\"ImageObject\",\"inLanguage\":\"fr-FR\",\"@id\":\"https:\\\/\\\/almaza-travel.com\\\/blog\\\/#primaryimage\",\"url\":\"http:\\\/\\\/almaza-travel.com\\\/wp-content\\\/uploads\\\/2024\\\/07\\\/offer2-img1.jpg\",\"contentUrl\":\"http:\\\/\\\/almaza-travel.com\\\/wp-content\\\/uploads\\\/2024\\\/07\\\/offer2-img1.jpg\"},{\"@type\":\"BreadcrumbList\",\"@id\":\"https:\\\/\\\/almaza-travel.com\\\/blog\\\/#breadcrumb\",\"itemListElement\":[{\"@type\":\"ListItem\",\"position\":1,\"name\":\"Accueil\",\"item\":\"https:\\\/\\\/almaza-travel.com\\\/fr\\\/\"},{\"@type\":\"ListItem\",\"position\":2,\"name\":\"Blog\"}]},{\"@type\":\"WebSite\",\"@id\":\"https:\\\/\\\/almaza-travel.com\\\/#website\",\"url\":\"https:\\\/\\\/almaza-travel.com\\\/\",\"name\":\"Almaza Travel\",\"description\":\"book your trip online\",\"publisher\":{\"@id\":\"https:\\\/\\\/almaza-travel.com\\\/#organization\"},\"potentialAction\":[{\"@type\":\"SearchAction\",\"target\":{\"@type\":\"EntryPoint\",\"urlTemplate\":\"https:\\\/\\\/almaza-travel.com\\\/?s={search_term_string}\"},\"query-input\":{\"@type\":\"PropertyValueSpecification\",\"valueRequired\":true,\"valueName\":\"search_term_string\"}}],\"inLanguage\":\"fr-FR\"},{\"@type\":\"Organization\",\"@id\":\"https:\\\/\\\/almaza-travel.com\\\/#organization\",\"name\":\"Almaza Travel\",\"url\":\"https:\\\/\\\/almaza-travel.com\\\/\",\"logo\":{\"@type\":\"ImageObject\",\"inLanguage\":\"fr-FR\",\"@id\":\"https:\\\/\\\/almaza-travel.com\\\/#\\\/schema\\\/logo\\\/image\\\/\",\"url\":\"https:\\\/\\\/almaza-travel.com\\\/wp-content\\\/uploads\\\/2024\\\/07\\\/cropped-373943de-ac21-4403-8254-f0b2932401cb.png\",\"contentUrl\":\"https:\\\/\\\/almaza-travel.com\\\/wp-content\\\/uploads\\\/2024\\\/07\\\/cropped-373943de-ac21-4403-8254-f0b2932401cb.png\",\"width\":968,\"height\":359,\"caption\":\"Almaza Travel\"},\"image\":{\"@id\":\"https:\\\/\\\/almaza-travel.com\\\/#\\\/schema\\\/logo\\\/image\\\/\"}}]}<\/script>\n<!-- \/ Yoast SEO plugin. -->","yoast_head_json":{"title":"Blog &#8211; Almaza Travel","robots":{"index":"index","follow":"follow","max-snippet":"max-snippet:-1","max-image-preview":"max-image-preview:large","max-video-preview":"max-video-preview:-1"},"canonical":"https:\/\/almaza-travel.com\/blog\/","og_locale":"fr_FR","og_type":"article","og_title":"Blog &#8211; Almaza Travel","og_description":"Categoriesnews December 22, 2025December 22, 2025 By momansour258@gmail.com Hello post Read More","og_url":"https:\/\/almaza-travel.com\/blog\/","og_site_name":"Almaza Travel","article_modified_time":"2025-12-22T11:23:58+00:00","og_image":[{"url":"http:\/\/almaza-travel.com\/wp-content\/uploads\/2024\/07\/offer2-img1.jpg","type":"","width":"","height":""}],"twitter_card":"summary_large_image","schema":{"@context":"https:\/\/schema.org","@graph":[{"@type":"WebPage","@id":"https:\/\/almaza-travel.com\/blog\/","url":"https:\/\/almaza-travel.com\/blog\/","name":"Blog &#8211; Almaza Travel","isPartOf":{"@id":"https:\/\/almaza-travel.com\/#website"},"primaryImageOfPage":{"@id":"https:\/\/almaza-travel.com\/blog\/#primaryimage"},"image":{"@id":"https:\/\/almaza-travel.com\/blog\/#primaryimage"},"thumbnailUrl":"http:\/\/almaza-travel.com\/wp-content\/uploads\/2024\/07\/offer2-img1.jpg","datePublished":"2024-07-26T07:02:42+00:00","dateModified":"2025-12-22T11:23:58+00:00","breadcrumb":{"@id":"https:\/\/almaza-travel.com\/blog\/#breadcrumb"},"inLanguage":"fr-FR","potentialAction":[{"@type":"ReadAction","target":["https:\/\/almaza-travel.com\/blog\/"]}]},{"@type":"ImageObject","inLanguage":"fr-FR","@id":"https:\/\/almaza-travel.com\/blog\/#primaryimage","url":"http:\/\/almaza-travel.com\/wp-content\/uploads\/2024\/07\/offer2-img1.jpg","contentUrl":"http:\/\/almaza-travel.com\/wp-content\/uploads\/2024\/07\/offer2-img1.jpg"},{"@type":"BreadcrumbList","@id":"https:\/\/almaza-travel.com\/blog\/#breadcrumb","itemListElement":[{"@type":"ListItem","position":1,"name":"Accueil","item":"https:\/\/almaza-travel.com\/fr\/"},{"@type":"ListItem","position":2,"name":"Blog"}]},{"@type":"WebSite","@id":"https:\/\/almaza-travel.com\/#website","url":"https:\/\/almaza-travel.com\/","name":"Almaza Travel","description":"book your trip online","publisher":{"@id":"https:\/\/almaza-travel.com\/#organization"},"potentialAction":[{"@type":"SearchAction","target":{"@type":"EntryPoint","urlTemplate":"https:\/\/almaza-travel.com\/?s={search_term_string}"},"query-input":{"@type":"PropertyValueSpecification","valueRequired":true,"valueName":"search_term_string"}}],"inLanguage":"fr-FR"},{"@type":"Organization","@id":"https:\/\/almaza-travel.com\/#organization","name":"Almaza Travel","url":"https:\/\/almaza-travel.com\/","logo":{"@type":"ImageObject","inLanguage":"fr-FR","@id":"https:\/\/almaza-travel.com\/#\/schema\/logo\/image\/","url":"https:\/\/almaza-travel.com\/wp-content\/uploads\/2024\/07\/cropped-373943de-ac21-4403-8254-f0b2932401cb.png","contentUrl":"https:\/\/almaza-travel.com\/wp-content\/uploads\/2024\/07\/cropped-373943de-ac21-4403-8254-f0b2932401cb.png","width":968,"height":359,"caption":"Almaza Travel"},"image":{"@id":"https:\/\/almaza-travel.com\/#\/schema\/logo\/image\/"}}]}},"_hostinger_reach_plugin_has_subscription_block":false,"_hostinger_reach_plugin_is_elementor":false,"_links":{"self":[{"href":"https:\/\/almaza-travel.com\/fr\/wp-json\/wp\/v2\/pages\/7021","targetHints":{"allow":["GET"]}}],"collection":[{"href":"https:\/\/almaza-travel.com\/fr\/wp-json\/wp\/v2\/pages"}],"about":[{"href":"https:\/\/almaza-travel.com\/fr\/wp-json\/wp\/v2\/types\/page"}],"author":[{"embeddable":true,"href":"https:\/\/almaza-travel.com\/fr\/wp-json\/wp\/v2\/users\/1"}],"replies":[{"embeddable":true,"href":"https:\/\/almaza-travel.com\/fr\/wp-json\/wp\/v2\/comments?post=7021"}],"version-history":[{"count":1,"href":"https:\/\/almaza-travel.com\/fr\/wp-json\/wp\/v2\/pages\/7021\/revisions"}],"predecessor-version":[{"id":8286,"href":"https:\/\/almaza-travel.com\/fr\/wp-json\/wp\/v2\/pages\/7021\/revisions\/8286"}],"wp:attachment":[{"href":"https:\/\/almaza-travel.com\/fr\/wp-json\/wp\/v2\/media?parent=7021"}],"curies":[{"name":"wp","href":"https:\/\/api.w.org\/{rel}","templated":true}]}}