{"id":7732,"date":"2025-10-25T11:04:15","date_gmt":"2025-10-25T11:04:15","guid":{"rendered":"https:\/\/almaza-travel.com\/?page_id=7732"},"modified":"2025-12-21T17:46:15","modified_gmt":"2025-12-21T17:46:15","slug":"datenschutzerklarung","status":"publish","type":"page","link":"https:\/\/almaza-travel.com\/de\/datenschutzerklarung\/","title":{"rendered":"Datenschutzerkl\u00e4rung"},"content":{"rendered":"\t\t<div data-elementor-type=\"wp-page\" data-elementor-id=\"7732\" class=\"elementor elementor-7732 elementor-3\">\n\t\t\t\t<div class=\"elementor-element elementor-element-2a1eb250 e-flex e-con-boxed e-con e-parent\" data-id=\"2a1eb250\" data-element_type=\"container\" data-e-type=\"container\">\n\t\t\t\t\t<div class=\"e-con-inner\">\n\t\t\t\t<div class=\"elementor-element elementor-element-57446242 elementor-widget elementor-widget-text-editor\" data-id=\"57446242\" data-element_type=\"widget\" data-e-type=\"widget\" data-widget_type=\"text-editor.default\">\n\t\t\t\t\t\t\t\t\t\n<p data-path-to-node=\"28\">Willkommen bei <b data-path-to-node=\"28\" data-index-in-node=\"11\">Almaza Travel<\/b>. Durch das Browsen auf dieser Website und die Buchung von Dienstleistungen \u00fcber <b data-path-to-node=\"28\" data-index-in-node=\"80\">almaza-travel.com<\/b> erkl\u00e4ren Sie sich damit einverstanden, die folgenden Allgemeinen Gesch\u00e4ftsbedingungen einzuhalten und an diese gebunden zu sein. <\/p>\n<h4 data-path-to-node=\"29\"><b data-path-to-node=\"29\" data-index-in-node=\"0\">1. Buchung &amp; Best\u00e4tigung<\/b><\/h4>\n<ul data-path-to-node=\"30\">\n<li>\n<p data-path-to-node=\"30,0,0\"><b data-path-to-node=\"30,0,0\" data-index-in-node=\"0\">Reservierungen:<\/b> Alle Buchungen, die \u00fcber unsere Website get\u00e4tigt werden, sind abh\u00e4ngig von der Verf\u00fcgbarkeit.<\/p>\n<\/li>\n<li>\n<p data-path-to-node=\"30,1,0\"><b data-path-to-node=\"30,1,0\" data-index-in-node=\"0\">Best\u00e4tigung:<\/b> Eine Buchung gilt erst dann als best\u00e4tigt, wenn Sie eine g\u00fcltige Best\u00e4tigungsbenachrichtigung (per E-Mail oder WhatsApp) oder einen Buchungsbeleg erhalten.<\/p>\n<\/li>\n<li>\n<p data-path-to-node=\"30,2,0\"><b data-path-to-node=\"30,2,0\" data-index-in-node=\"0\">Genauigkeit:<\/b> Sie sind daf\u00fcr verantwortlich, w\u00e4hrend des Buchungsprozesses genaue Informationen anzugeben, einschlie\u00dflich Kontaktdaten und Abholorte. Wir sind nicht verantwortlich f\u00fcr Serviceausf\u00e4lle, die durch falsche Informationen des Kunden verursacht werden. <\/p>\n<\/li>\n<\/ul>\n<h4 data-path-to-node=\"31\"><b data-path-to-node=\"31\" data-index-in-node=\"0\">2. Zahlungsbedingungen<\/b><\/h4>\n<ul data-path-to-node=\"32\">\n<li>\n<p data-path-to-node=\"32,0,0\"><b data-path-to-node=\"32,0,0\" data-index-in-node=\"0\">Methoden:<\/b> Die Zahlung f\u00fcr Dienstleistungen muss \u00fcber die zum Zeitpunkt der Buchung akzeptierten Methoden erfolgen (einschlie\u00dflich Barzahlung bei Ankunft, Kreditkarte oder Online-\u00dcberweisung).<\/p>\n<\/li>\n<li>\n<p data-path-to-node=\"32,1,0\"><b data-path-to-node=\"32,1,0\" data-index-in-node=\"0\">W\u00e4hrung:<\/b> Transaktionen werden in den W\u00e4hrungen verarbeitet, die von unseren Vertretern angezeigt oder akzeptiert werden.<\/p>\n<\/li>\n<li>\n<p data-path-to-node=\"32,2,0\"><b data-path-to-node=\"32,2,0\" data-index-in-node=\"0\">Preis\u00e4nderungen:<\/b> Die auf der Website aufgef\u00fchrten Preise k\u00f6nnen ohne vorherige Ank\u00fcndigung ge\u00e4ndert werden, best\u00e4tigte Buchungen werden jedoch zum gebuchten Preis ber\u00fccksichtigt.<\/p>\n<\/li>\n<\/ul>\n<h4 data-path-to-node=\"33\"><b data-path-to-node=\"33\" data-index-in-node=\"0\">3. Stornierungs- &amp; R\u00fcckerstattungsrichtlinien<\/b><\/h4>\n<ul data-path-to-node=\"34\">\n<li>\n<p data-path-to-node=\"34,0,0\"><b data-path-to-node=\"34,0,0\" data-index-in-node=\"0\">Kundenstornierung:<\/b> Sie k\u00f6nnen Ihre Buchung stornieren, indem Sie sich an unser Support-Team wenden.<\/p>\n<\/li>\n<li>\n<p data-path-to-node=\"34,1,0\"><b data-path-to-node=\"34,1,0\" data-index-in-node=\"0\">Stornierungsfristen:<\/b><\/p>\n<ul data-path-to-node=\"34,1,1\">\n<li>\n<p data-path-to-node=\"34,1,1,0,0\">Eine kostenlose Stornierung ist in der Regel bis zu <b data-path-to-node=\"34,1,1,0,0\" data-index-in-node=\"47\">24 Stunden<\/b> vor der geplanten Reisezeit m\u00f6glich.<\/p>\n<\/li>\n<li>\n<p data-path-to-node=\"34,1,1,1,0\">F\u00fcr Stornierungen, die innerhalb von 24 Stunden vor Reisebeginn erfolgen, kann eine Stornierungsgeb\u00fchr anfallen.<\/p>\n<\/li>\n<\/ul>\n<\/li>\n<li>\n<p data-path-to-node=\"34,2,0\"><b data-path-to-node=\"34,2,0\" data-index-in-node=\"0\">R\u00fcckerstattungen:<\/b> Bei im Voraus bezahlten Buchungen werden R\u00fcckerstattungen auf die urspr\u00fcngliche Zahlungsmethode zur\u00fcckgebucht. Bei \u201eSp\u00e4ter bezahlen\u201c-Buchungen werden keine Geb\u00fchren erhoben, wenn die Stornierung innerhalb des kostenlosen Zeitraums erfolgt. <\/p>\n<\/li>\n<\/ul>\n<h4 data-path-to-node=\"35\"><b data-path-to-node=\"35\" data-index-in-node=\"0\">4. Reise\u00e4nderungen &amp; Unvorhergesehene Umst\u00e4nde<\/b><\/h4>\n<ul data-path-to-node=\"36\">\n<li>\n<p data-path-to-node=\"36,0,0\"><b data-path-to-node=\"36,0,0\" data-index-in-node=\"0\">\u00c4nderungen:<\/b> Almaza Travel beh\u00e4lt sich das Recht vor, Reiserouten zu \u00e4ndern, Routen zu \u00e4ndern oder Touren aufgrund von Ereignissen h\u00f6herer Gewalt (z. B. extremes Wetter, staatliche Beschr\u00e4nkungen oder mechanische Probleme) zu stornieren.<\/p>\n<\/li>\n<li>\n<p data-path-to-node=\"36,1,0\"><b data-path-to-node=\"36,1,0\" data-index-in-node=\"0\">Stornierungen durch den Anbieter:<\/b> Wenn wir eine Tour stornieren m\u00fcssen, wird Ihnen ein alternativer Termin oder eine vollst\u00e4ndige R\u00fcckerstattung des gezahlten Betrags angeboten.<\/p>\n<\/li>\n<\/ul>\n<h4 data-path-to-node=\"37\"><b data-path-to-node=\"37\" data-index-in-node=\"0\">5. Gesundheit &amp; Sicherheit<\/b><\/h4>\n<ul data-path-to-node=\"38\">\n<li>\n<p data-path-to-node=\"38,0,0\"><b data-path-to-node=\"38,0,0\" data-index-in-node=\"0\">Teilnahme:<\/b> Es liegt in der Verantwortung des Kunden, sicherzustellen, dass er medizinisch und k\u00f6rperlich fit ist, um an den gew\u00e4hlten Aktivit\u00e4ten teilzunehmen (z. B. Tauchen, Safari).<\/p>\n<\/li>\n<li>\n<p data-path-to-node=\"38,1,0\"><b data-path-to-node=\"38,1,0\" data-index-in-node=\"0\">Einhaltung:<\/b> Kunden m\u00fcssen die Sicherheitsanweisungen der Reiseleiter und Fahrer jederzeit befolgen. Almaza Travel haftet nicht f\u00fcr Unf\u00e4lle oder Verletzungen, die dadurch entstehen, dass ein Kunde die Sicherheitsprotokolle nicht einh\u00e4lt. <\/p>\n<\/li>\n<\/ul>\n<h4 data-path-to-node=\"39\"><b data-path-to-node=\"39\" data-index-in-node=\"0\">6. Haftungsbeschr\u00e4nkung<\/b><\/h4>\n<p data-path-to-node=\"40\">Almaza Travel fungiert als Vermittler, der Reisende mit Drittanbietern von Dienstleistungen verbindet. Obwohl wir unsere Partner sorgf\u00e4ltig ausw\u00e4hlen, \u00fcbernehmen wir keine Haftung f\u00fcr Verluste, Sch\u00e4den oder Verletzungen, die durch Handlungen oder Unterlassungen von Drittanbietern verursacht werden, es sei denn, dies ist gesetzlich vorgeschrieben. <\/p>\n<h4 data-path-to-node=\"41\"><b data-path-to-node=\"41\" data-index-in-node=\"0\">7. Geltendes Recht<\/b><\/h4>\n<p data-path-to-node=\"42\">Diese Bedingungen unterliegen den Gesetzen der <b data-path-to-node=\"42\" data-index-in-node=\"82\">Arabischen Republik \u00c4gypten<\/b> und sind in \u00dcbereinstimmung mit diesen auszulegen. Alle Streitigkeiten unterliegen der ausschlie\u00dflichen Zust\u00e4ndigkeit der \u00e4gyptischen Gerichte. <\/p>\t\t\t\t\t\t\t\t<\/div>\n\t\t\t\t\t<\/div>\n\t\t\t\t<\/div>\n\t\t\t\t<\/div>\n\t\t","protected":false},"excerpt":{"rendered":"<p>Willkommen bei Almaza Travel. Durch das Browsen auf dieser Website und die Buchung von Dienstleistungen \u00fcber almaza-travel.com erkl\u00e4ren Sie sich damit einverstanden, die folgenden Allgemeinen Gesch\u00e4ftsbedingungen einzuhalten und an diese gebunden zu sein. 1. Buchung &amp; Best\u00e4tigung Reservierungen: Alle Buchungen, die \u00fcber unsere Website get\u00e4tigt werden, sind abh\u00e4ngig von der Verf\u00fcgbarkeit. Best\u00e4tigung: Eine Buchung gilt [&hellip;]<\/p>\n","protected":false},"author":1,"featured_media":0,"parent":0,"menu_order":0,"comment_status":"closed","ping_status":"open","template":"","meta":{"footnotes":""},"class_list":["post-7732","page","type-page","status-publish","hentry"],"yoast_head":"<!-- This site is optimized with the Yoast SEO plugin v27.4 - https:\/\/yoast.com\/product\/yoast-seo-wordpress\/ -->\n<title>Datenschutzerkl\u00e4rung &#8211; Almaza Travel<\/title>\n<meta name=\"robots\" content=\"index, follow, max-snippet:-1, max-image-preview:large, max-video-preview:-1\" \/>\n<link rel=\"canonical\" href=\"https:\/\/almaza-travel.com\/de\/datenschutzerklarung\/\" \/>\n<meta property=\"og:locale\" content=\"de_DE\" \/>\n<meta property=\"og:type\" content=\"article\" \/>\n<meta property=\"og:title\" content=\"Datenschutzerkl\u00e4rung &#8211; Almaza Travel\" \/>\n<meta property=\"og:description\" content=\"Willkommen bei Almaza Travel. Durch das Browsen auf dieser Website und die Buchung von Dienstleistungen \u00fcber almaza-travel.com erkl\u00e4ren Sie sich damit einverstanden, die folgenden Allgemeinen Gesch\u00e4ftsbedingungen einzuhalten und an diese gebunden zu sein. 1. Buchung &amp; Best\u00e4tigung Reservierungen: Alle Buchungen, die \u00fcber unsere Website get\u00e4tigt werden, sind abh\u00e4ngig von der Verf\u00fcgbarkeit. Best\u00e4tigung: Eine Buchung gilt [&hellip;]\" \/>\n<meta property=\"og:url\" content=\"https:\/\/almaza-travel.com\/de\/datenschutzerklarung\/\" \/>\n<meta property=\"og:site_name\" content=\"Almaza Travel\" \/>\n<meta property=\"article:modified_time\" content=\"2025-12-21T17:46:15+00:00\" \/>\n<meta name=\"twitter:card\" content=\"summary_large_image\" \/>\n<meta name=\"twitter:label1\" content=\"Gesch\u00e4tzte Lesezeit\" \/>\n\t<meta name=\"twitter:data1\" content=\"2 Minuten\" \/>\n<script type=\"application\/ld+json\" class=\"yoast-schema-graph\">{\"@context\":\"https:\\\/\\\/schema.org\",\"@graph\":[{\"@type\":\"WebPage\",\"@id\":\"https:\\\/\\\/almaza-travel.com\\\/de\\\/datenschutzerklarung\\\/\",\"url\":\"https:\\\/\\\/almaza-travel.com\\\/de\\\/datenschutzerklarung\\\/\",\"name\":\"Datenschutzerkl\u00e4rung &#8211; Almaza Travel\",\"isPartOf\":{\"@id\":\"https:\\\/\\\/almaza-travel.com\\\/#website\"},\"datePublished\":\"2025-10-25T11:04:15+00:00\",\"dateModified\":\"2025-12-21T17:46:15+00:00\",\"breadcrumb\":{\"@id\":\"https:\\\/\\\/almaza-travel.com\\\/de\\\/datenschutzerklarung\\\/#breadcrumb\"},\"inLanguage\":\"de\",\"potentialAction\":[{\"@type\":\"ReadAction\",\"target\":[\"https:\\\/\\\/almaza-travel.com\\\/de\\\/datenschutzerklarung\\\/\"]}]},{\"@type\":\"BreadcrumbList\",\"@id\":\"https:\\\/\\\/almaza-travel.com\\\/de\\\/datenschutzerklarung\\\/#breadcrumb\",\"itemListElement\":[{\"@type\":\"ListItem\",\"position\":1,\"name\":\"Startseite\",\"item\":\"https:\\\/\\\/almaza-travel.com\\\/de\\\/\"},{\"@type\":\"ListItem\",\"position\":2,\"name\":\"Datenschutzerkl\u00e4rung\"}]},{\"@type\":\"WebSite\",\"@id\":\"https:\\\/\\\/almaza-travel.com\\\/#website\",\"url\":\"https:\\\/\\\/almaza-travel.com\\\/\",\"name\":\"Almaza Travel\",\"description\":\"book your trip online\",\"publisher\":{\"@id\":\"https:\\\/\\\/almaza-travel.com\\\/#organization\"},\"potentialAction\":[{\"@type\":\"SearchAction\",\"target\":{\"@type\":\"EntryPoint\",\"urlTemplate\":\"https:\\\/\\\/almaza-travel.com\\\/?s={search_term_string}\"},\"query-input\":{\"@type\":\"PropertyValueSpecification\",\"valueRequired\":true,\"valueName\":\"search_term_string\"}}],\"inLanguage\":\"de\"},{\"@type\":\"Organization\",\"@id\":\"https:\\\/\\\/almaza-travel.com\\\/#organization\",\"name\":\"Almaza Travel\",\"url\":\"https:\\\/\\\/almaza-travel.com\\\/\",\"logo\":{\"@type\":\"ImageObject\",\"inLanguage\":\"de\",\"@id\":\"https:\\\/\\\/almaza-travel.com\\\/#\\\/schema\\\/logo\\\/image\\\/\",\"url\":\"https:\\\/\\\/almaza-travel.com\\\/wp-content\\\/uploads\\\/2024\\\/07\\\/cropped-373943de-ac21-4403-8254-f0b2932401cb.png\",\"contentUrl\":\"https:\\\/\\\/almaza-travel.com\\\/wp-content\\\/uploads\\\/2024\\\/07\\\/cropped-373943de-ac21-4403-8254-f0b2932401cb.png\",\"width\":968,\"height\":359,\"caption\":\"Almaza Travel\"},\"image\":{\"@id\":\"https:\\\/\\\/almaza-travel.com\\\/#\\\/schema\\\/logo\\\/image\\\/\"}}]}<\/script>\n<!-- \/ Yoast SEO plugin. -->","yoast_head_json":{"title":"Datenschutzerkl\u00e4rung &#8211; Almaza Travel","robots":{"index":"index","follow":"follow","max-snippet":"max-snippet:-1","max-image-preview":"max-image-preview:large","max-video-preview":"max-video-preview:-1"},"canonical":"https:\/\/almaza-travel.com\/de\/datenschutzerklarung\/","og_locale":"de_DE","og_type":"article","og_title":"Datenschutzerkl\u00e4rung &#8211; Almaza Travel","og_description":"Willkommen bei Almaza Travel. Durch das Browsen auf dieser Website und die Buchung von Dienstleistungen \u00fcber almaza-travel.com erkl\u00e4ren Sie sich damit einverstanden, die folgenden Allgemeinen Gesch\u00e4ftsbedingungen einzuhalten und an diese gebunden zu sein. 1. Buchung &amp; Best\u00e4tigung Reservierungen: Alle Buchungen, die \u00fcber unsere Website get\u00e4tigt werden, sind abh\u00e4ngig von der Verf\u00fcgbarkeit. Best\u00e4tigung: Eine Buchung gilt [&hellip;]","og_url":"https:\/\/almaza-travel.com\/de\/datenschutzerklarung\/","og_site_name":"Almaza Travel","article_modified_time":"2025-12-21T17:46:15+00:00","twitter_card":"summary_large_image","twitter_misc":{"Gesch\u00e4tzte Lesezeit":"2 Minuten"},"schema":{"@context":"https:\/\/schema.org","@graph":[{"@type":"WebPage","@id":"https:\/\/almaza-travel.com\/de\/datenschutzerklarung\/","url":"https:\/\/almaza-travel.com\/de\/datenschutzerklarung\/","name":"Datenschutzerkl\u00e4rung &#8211; Almaza Travel","isPartOf":{"@id":"https:\/\/almaza-travel.com\/#website"},"datePublished":"2025-10-25T11:04:15+00:00","dateModified":"2025-12-21T17:46:15+00:00","breadcrumb":{"@id":"https:\/\/almaza-travel.com\/de\/datenschutzerklarung\/#breadcrumb"},"inLanguage":"de","potentialAction":[{"@type":"ReadAction","target":["https:\/\/almaza-travel.com\/de\/datenschutzerklarung\/"]}]},{"@type":"BreadcrumbList","@id":"https:\/\/almaza-travel.com\/de\/datenschutzerklarung\/#breadcrumb","itemListElement":[{"@type":"ListItem","position":1,"name":"Startseite","item":"https:\/\/almaza-travel.com\/de\/"},{"@type":"ListItem","position":2,"name":"Datenschutzerkl\u00e4rung"}]},{"@type":"WebSite","@id":"https:\/\/almaza-travel.com\/#website","url":"https:\/\/almaza-travel.com\/","name":"Almaza Travel","description":"book your trip online","publisher":{"@id":"https:\/\/almaza-travel.com\/#organization"},"potentialAction":[{"@type":"SearchAction","target":{"@type":"EntryPoint","urlTemplate":"https:\/\/almaza-travel.com\/?s={search_term_string}"},"query-input":{"@type":"PropertyValueSpecification","valueRequired":true,"valueName":"search_term_string"}}],"inLanguage":"de"},{"@type":"Organization","@id":"https:\/\/almaza-travel.com\/#organization","name":"Almaza Travel","url":"https:\/\/almaza-travel.com\/","logo":{"@type":"ImageObject","inLanguage":"de","@id":"https:\/\/almaza-travel.com\/#\/schema\/logo\/image\/","url":"https:\/\/almaza-travel.com\/wp-content\/uploads\/2024\/07\/cropped-373943de-ac21-4403-8254-f0b2932401cb.png","contentUrl":"https:\/\/almaza-travel.com\/wp-content\/uploads\/2024\/07\/cropped-373943de-ac21-4403-8254-f0b2932401cb.png","width":968,"height":359,"caption":"Almaza Travel"},"image":{"@id":"https:\/\/almaza-travel.com\/#\/schema\/logo\/image\/"}}]}},"_hostinger_reach_plugin_has_subscription_block":false,"_hostinger_reach_plugin_is_elementor":false,"_links":{"self":[{"href":"https:\/\/almaza-travel.com\/de\/wp-json\/wp\/v2\/pages\/7732","targetHints":{"allow":["GET"]}}],"collection":[{"href":"https:\/\/almaza-travel.com\/de\/wp-json\/wp\/v2\/pages"}],"about":[{"href":"https:\/\/almaza-travel.com\/de\/wp-json\/wp\/v2\/types\/page"}],"author":[{"embeddable":true,"href":"https:\/\/almaza-travel.com\/de\/wp-json\/wp\/v2\/users\/1"}],"replies":[{"embeddable":true,"href":"https:\/\/almaza-travel.com\/de\/wp-json\/wp\/v2\/comments?post=7732"}],"version-history":[{"count":3,"href":"https:\/\/almaza-travel.com\/de\/wp-json\/wp\/v2\/pages\/7732\/revisions"}],"predecessor-version":[{"id":8253,"href":"https:\/\/almaza-travel.com\/de\/wp-json\/wp\/v2\/pages\/7732\/revisions\/8253"}],"wp:attachment":[{"href":"https:\/\/almaza-travel.com\/de\/wp-json\/wp\/v2\/media?parent=7732"}],"curies":[{"name":"wp","href":"https:\/\/api.w.org\/{rel}","templated":true}]}}