{"id":7046,"date":"2025-10-25T11:06:16","date_gmt":"2025-10-25T11:06:16","guid":{"rendered":"https:\/\/almaza-travel.com\/allgemeine-geschaeftsbedingungen\/"},"modified":"2025-12-21T17:46:16","modified_gmt":"2025-12-21T17:46:16","slug":"allgemeine-geschaeftsbedingungen","status":"publish","type":"page","link":"https:\/\/almaza-travel.com\/de\/allgemeine-geschaeftsbedingungen\/","title":{"rendered":"Allgemeine Gesch\u00e4ftsbedingungen"},"content":{"rendered":"\t\t<div data-elementor-type=\"wp-page\" data-elementor-id=\"7046\" class=\"elementor elementor-7046 elementor-10\">\n\t\t\t\t<div class=\"elementor-element elementor-element-7faef602 e-con-full e-flex e-con e-parent\" data-id=\"7faef602\" data-element_type=\"container\" data-e-type=\"container\">\n\t\t\t\t<div class=\"elementor-element elementor-element-71e9dbc1 elementor-widget elementor-widget-text-editor\" data-id=\"71e9dbc1\" data-element_type=\"widget\" data-e-type=\"widget\" data-widget_type=\"text-editor.default\">\n\t\t\t\t\t\t\t\t\t<p data-path-to-node=\"7\">Wir bei <b data-path-to-node=\"7\" data-index-in-node=\"3\">Almaza Travel<\/b> (\u201ewir\u201c, \u201eunser\u201c oder \u201euns\u201c) verpflichten uns, Ihre Privatsph\u00e4re zu sch\u00fctzen. Diese Datenschutzerkl\u00e4rung erl\u00e4utert, wie wir Ihre pers\u00f6nlichen Daten erfassen, verwenden und sch\u00fctzen, wenn Sie unsere Website <b data-path-to-node=\"7\" data-index-in-node=\"203\">almaza-travel.com<\/b> besuchen oder unsere Dienstleistungen nutzen. <\/p><h4 data-path-to-node=\"8\"><b data-path-to-node=\"8\" data-index-in-node=\"0\">1. Informationen, die wir sammeln<\/b><\/h4><p data-path-to-node=\"9\">Wir k\u00f6nnen personenbezogene Daten erfassen, um Ihre Buchung zu erleichtern und unsere Dienstleistungen zu verbessern, einschlie\u00dflich:<\/p><ul data-path-to-node=\"10\"><li><p data-path-to-node=\"10,0,0\"><b data-path-to-node=\"10,0,0\" data-index-in-node=\"0\">Pers\u00f6nliche Daten:<\/b> Name, E-Mail-Adresse, Telefonnummer.<\/p><\/li><li><p data-path-to-node=\"10,1,0\"><b data-path-to-node=\"10,1,0\" data-index-in-node=\"0\">Reiseinformationen:<\/b> Hotelname, Zimmernummer, Abholort, Reisedaten und Tourpr\u00e4ferenzen.<\/p><\/li><li><p data-path-to-node=\"10,2,0\"><b data-path-to-node=\"10,2,0\" data-index-in-node=\"0\">Technische Daten:<\/b> IP-Adresse, Browsertyp und Ger\u00e4teinformationen, die automatisch \u00fcber Cookies erfasst werden.<\/p><\/li><\/ul><h4 data-path-to-node=\"11\"><b data-path-to-node=\"11\" data-index-in-node=\"0\">2. Wie wir Ihre Informationen verwenden<\/b><\/h4><p data-path-to-node=\"12\">Wir verwenden Ihre Daten f\u00fcr die folgenden Zwecke:<\/p><ul data-path-to-node=\"13\"><li><p data-path-to-node=\"13,0,0\"><b data-path-to-node=\"13,0,0\" data-index-in-node=\"0\">Buchungsabwicklung:<\/b> Zur Bearbeitung von Transaktionen, Best\u00e4tigung von Reservierungen und Verwaltung Ihrer Buchungen.<\/p><\/li><li><p data-path-to-node=\"13,1,0\"><b data-path-to-node=\"13,1,0\" data-index-in-node=\"0\">Kommunikation:<\/b> Zum Senden von Buchungsbest\u00e4tigungen, Reiseplanaktualisierungen und Support-Nachrichten.<\/p><\/li><li><p data-path-to-node=\"13,2,0\"><b data-path-to-node=\"13,2,0\" data-index-in-node=\"0\">Serviceerf\u00fcllung:<\/b> Zur Koordination mit unseren operativen Teams, Fahrern und Reiseleitern, um die Servicebereitstellung sicherzustellen.<\/p><\/li><li><p data-path-to-node=\"13,3,0\"><b data-path-to-node=\"13,3,0\" data-index-in-node=\"0\">Verbesserung:<\/b> Zur Analyse der Website-Nutzung und Verbesserung unserer Benutzererfahrung.<\/p><\/li><\/ul><h4 data-path-to-node=\"14\"><b data-path-to-node=\"14\" data-index-in-node=\"0\">3. Sicherheit der Zahlungsinformationen<\/b><\/h4><p data-path-to-node=\"15\">F\u00fcr Dienstleistungen, die eine Zahlung erfordern, ob online oder offline:<\/p><ul data-path-to-node=\"16\"><li><p data-path-to-node=\"16,0,0\">Wenn Sie online bezahlen, wird Ihre Transaktion \u00fcber ein sicheres Zahlungs-Gateway eines Drittanbieters abgewickelt.<\/p><\/li><li><p data-path-to-node=\"16,1,0\"><b data-path-to-node=\"16,1,0\" data-index-in-node=\"0\">Wir speichern oder speichern Ihre vollst\u00e4ndigen Kreditkarteninformationen nicht<\/b> auf unseren Servern. Alle sensiblen Finanzdaten werden verschl\u00fcsselt und von autorisierten Zahlungsanbietern verarbeitet. <\/p><\/li><\/ul><h4 data-path-to-node=\"17\"><b data-path-to-node=\"17\" data-index-in-node=\"0\">4. Weitergabe Ihrer Informationen<\/b><\/h4><p data-path-to-node=\"18\">Wir verkaufen Ihre pers\u00f6nlichen Daten nicht. Wir k\u00f6nnen notwendige Details (wie Ihren Namen und Abholort) an vertrauensw\u00fcrdige Drittanbieter (z. B. Transportfahrer, Bootsbetreiber, Safari-Zentren) ausschlie\u00dflich zum Zweck der Durchf\u00fchrung der von Ihnen gebuchten Tour oder Dienstleistung weitergeben. <\/p><h4 data-path-to-node=\"19\"><b data-path-to-node=\"19\" data-index-in-node=\"0\">5. Cookies<\/b><\/h4><p data-path-to-node=\"20\">Unsere Website verwendet Cookies, um Ihre Erfahrung zu verbessern. Sie k\u00f6nnen Cookies \u00fcber Ihre Browsereinstellungen deaktivieren, was jedoch die Funktionalit\u00e4t unserer Website beeintr\u00e4chtigen kann. <\/p><h4 data-path-to-node=\"21\"><b data-path-to-node=\"21\" data-index-in-node=\"0\">6. Ihre Rechte<\/b><\/h4><p data-path-to-node=\"22\">Sie haben das Recht, Auskunft \u00fcber die pers\u00f6nlichen Daten, die wir \u00fcber Sie gespeichert haben, oder deren L\u00f6schung zu verlangen. Um diese Rechte auszu\u00fcben, kontaktieren Sie uns bitte unter <a href=\"mailto:info@almaza-travel.com\">info@almaza-travel.com<\/a>. <\/p>\t\t\t\t\t\t\t\t<\/div>\n\t\t\t\t<\/div>\n\t\t\t\t<\/div>\n\t\t","protected":false},"excerpt":{"rendered":"<p>Wir bei Almaza Travel (\u201ewir\u201c, \u201eunser\u201c oder \u201euns\u201c) verpflichten uns, Ihre Privatsph\u00e4re zu sch\u00fctzen. Diese Datenschutzerkl\u00e4rung erl\u00e4utert, wie wir Ihre pers\u00f6nlichen Daten erfassen, verwenden und sch\u00fctzen, wenn Sie unsere Website almaza-travel.com besuchen oder unsere Dienstleistungen nutzen. 1. Informationen, die wir sammeln Wir k\u00f6nnen personenbezogene Daten erfassen, um Ihre Buchung zu erleichtern und unsere Dienstleistungen zu [&hellip;]<\/p>\n","protected":false},"author":1,"featured_media":0,"parent":0,"menu_order":0,"comment_status":"closed","ping_status":"closed","template":"","meta":{"footnotes":""},"class_list":["post-7046","page","type-page","status-publish","hentry"],"yoast_head":"<!-- This site is optimized with the Yoast SEO plugin v27.4 - https:\/\/yoast.com\/product\/yoast-seo-wordpress\/ -->\n<title>Allgemeine Gesch\u00e4ftsbedingungen &#8211; Almaza Travel<\/title>\n<meta name=\"robots\" content=\"index, follow, max-snippet:-1, max-image-preview:large, max-video-preview:-1\" \/>\n<link rel=\"canonical\" href=\"https:\/\/almaza-travel.com\/de\/allgemeine-geschaeftsbedingungen\/\" \/>\n<meta property=\"og:locale\" content=\"de_DE\" \/>\n<meta property=\"og:type\" content=\"article\" \/>\n<meta property=\"og:title\" content=\"Allgemeine Gesch\u00e4ftsbedingungen &#8211; Almaza Travel\" \/>\n<meta property=\"og:description\" content=\"Wir bei Almaza Travel (\u201ewir\u201c, \u201eunser\u201c oder \u201euns\u201c) verpflichten uns, Ihre Privatsph\u00e4re zu sch\u00fctzen. Diese Datenschutzerkl\u00e4rung erl\u00e4utert, wie wir Ihre pers\u00f6nlichen Daten erfassen, verwenden und sch\u00fctzen, wenn Sie unsere Website almaza-travel.com besuchen oder unsere Dienstleistungen nutzen. 1. Informationen, die wir sammeln Wir k\u00f6nnen personenbezogene Daten erfassen, um Ihre Buchung zu erleichtern und unsere Dienstleistungen zu [&hellip;]\" \/>\n<meta property=\"og:url\" content=\"https:\/\/almaza-travel.com\/de\/allgemeine-geschaeftsbedingungen\/\" \/>\n<meta property=\"og:site_name\" content=\"Almaza Travel\" \/>\n<meta property=\"article:modified_time\" content=\"2025-12-21T17:46:16+00:00\" \/>\n<meta name=\"twitter:card\" content=\"summary_large_image\" \/>\n<meta name=\"twitter:label1\" content=\"Gesch\u00e4tzte Lesezeit\" \/>\n\t<meta name=\"twitter:data1\" content=\"2 Minuten\" \/>\n<script type=\"application\/ld+json\" class=\"yoast-schema-graph\">{\"@context\":\"https:\\\/\\\/schema.org\",\"@graph\":[{\"@type\":\"WebPage\",\"@id\":\"https:\\\/\\\/almaza-travel.com\\\/de\\\/allgemeine-geschaeftsbedingungen\\\/\",\"url\":\"https:\\\/\\\/almaza-travel.com\\\/de\\\/allgemeine-geschaeftsbedingungen\\\/\",\"name\":\"Allgemeine Gesch\u00e4ftsbedingungen &#8211; Almaza Travel\",\"isPartOf\":{\"@id\":\"https:\\\/\\\/almaza-travel.com\\\/#website\"},\"datePublished\":\"2025-10-25T11:06:16+00:00\",\"dateModified\":\"2025-12-21T17:46:16+00:00\",\"breadcrumb\":{\"@id\":\"https:\\\/\\\/almaza-travel.com\\\/de\\\/allgemeine-geschaeftsbedingungen\\\/#breadcrumb\"},\"inLanguage\":\"de\",\"potentialAction\":[{\"@type\":\"ReadAction\",\"target\":[\"https:\\\/\\\/almaza-travel.com\\\/de\\\/allgemeine-geschaeftsbedingungen\\\/\"]}]},{\"@type\":\"BreadcrumbList\",\"@id\":\"https:\\\/\\\/almaza-travel.com\\\/de\\\/allgemeine-geschaeftsbedingungen\\\/#breadcrumb\",\"itemListElement\":[{\"@type\":\"ListItem\",\"position\":1,\"name\":\"Startseite\",\"item\":\"https:\\\/\\\/almaza-travel.com\\\/de\\\/\"},{\"@type\":\"ListItem\",\"position\":2,\"name\":\"Allgemeine Gesch\u00e4ftsbedingungen\"}]},{\"@type\":\"WebSite\",\"@id\":\"https:\\\/\\\/almaza-travel.com\\\/#website\",\"url\":\"https:\\\/\\\/almaza-travel.com\\\/\",\"name\":\"Almaza Travel\",\"description\":\"book your trip online\",\"publisher\":{\"@id\":\"https:\\\/\\\/almaza-travel.com\\\/#organization\"},\"potentialAction\":[{\"@type\":\"SearchAction\",\"target\":{\"@type\":\"EntryPoint\",\"urlTemplate\":\"https:\\\/\\\/almaza-travel.com\\\/?s={search_term_string}\"},\"query-input\":{\"@type\":\"PropertyValueSpecification\",\"valueRequired\":true,\"valueName\":\"search_term_string\"}}],\"inLanguage\":\"de\"},{\"@type\":\"Organization\",\"@id\":\"https:\\\/\\\/almaza-travel.com\\\/#organization\",\"name\":\"Almaza Travel\",\"url\":\"https:\\\/\\\/almaza-travel.com\\\/\",\"logo\":{\"@type\":\"ImageObject\",\"inLanguage\":\"de\",\"@id\":\"https:\\\/\\\/almaza-travel.com\\\/#\\\/schema\\\/logo\\\/image\\\/\",\"url\":\"https:\\\/\\\/almaza-travel.com\\\/wp-content\\\/uploads\\\/2024\\\/07\\\/cropped-373943de-ac21-4403-8254-f0b2932401cb.png\",\"contentUrl\":\"https:\\\/\\\/almaza-travel.com\\\/wp-content\\\/uploads\\\/2024\\\/07\\\/cropped-373943de-ac21-4403-8254-f0b2932401cb.png\",\"width\":968,\"height\":359,\"caption\":\"Almaza Travel\"},\"image\":{\"@id\":\"https:\\\/\\\/almaza-travel.com\\\/#\\\/schema\\\/logo\\\/image\\\/\"}}]}<\/script>\n<!-- \/ Yoast SEO plugin. -->","yoast_head_json":{"title":"Allgemeine Gesch\u00e4ftsbedingungen &#8211; Almaza Travel","robots":{"index":"index","follow":"follow","max-snippet":"max-snippet:-1","max-image-preview":"max-image-preview:large","max-video-preview":"max-video-preview:-1"},"canonical":"https:\/\/almaza-travel.com\/de\/allgemeine-geschaeftsbedingungen\/","og_locale":"de_DE","og_type":"article","og_title":"Allgemeine Gesch\u00e4ftsbedingungen &#8211; Almaza Travel","og_description":"Wir bei Almaza Travel (\u201ewir\u201c, \u201eunser\u201c oder \u201euns\u201c) verpflichten uns, Ihre Privatsph\u00e4re zu sch\u00fctzen. Diese Datenschutzerkl\u00e4rung erl\u00e4utert, wie wir Ihre pers\u00f6nlichen Daten erfassen, verwenden und sch\u00fctzen, wenn Sie unsere Website almaza-travel.com besuchen oder unsere Dienstleistungen nutzen. 1. Informationen, die wir sammeln Wir k\u00f6nnen personenbezogene Daten erfassen, um Ihre Buchung zu erleichtern und unsere Dienstleistungen zu [&hellip;]","og_url":"https:\/\/almaza-travel.com\/de\/allgemeine-geschaeftsbedingungen\/","og_site_name":"Almaza Travel","article_modified_time":"2025-12-21T17:46:16+00:00","twitter_card":"summary_large_image","twitter_misc":{"Gesch\u00e4tzte Lesezeit":"2 Minuten"},"schema":{"@context":"https:\/\/schema.org","@graph":[{"@type":"WebPage","@id":"https:\/\/almaza-travel.com\/de\/allgemeine-geschaeftsbedingungen\/","url":"https:\/\/almaza-travel.com\/de\/allgemeine-geschaeftsbedingungen\/","name":"Allgemeine Gesch\u00e4ftsbedingungen &#8211; Almaza Travel","isPartOf":{"@id":"https:\/\/almaza-travel.com\/#website"},"datePublished":"2025-10-25T11:06:16+00:00","dateModified":"2025-12-21T17:46:16+00:00","breadcrumb":{"@id":"https:\/\/almaza-travel.com\/de\/allgemeine-geschaeftsbedingungen\/#breadcrumb"},"inLanguage":"de","potentialAction":[{"@type":"ReadAction","target":["https:\/\/almaza-travel.com\/de\/allgemeine-geschaeftsbedingungen\/"]}]},{"@type":"BreadcrumbList","@id":"https:\/\/almaza-travel.com\/de\/allgemeine-geschaeftsbedingungen\/#breadcrumb","itemListElement":[{"@type":"ListItem","position":1,"name":"Startseite","item":"https:\/\/almaza-travel.com\/de\/"},{"@type":"ListItem","position":2,"name":"Allgemeine Gesch\u00e4ftsbedingungen"}]},{"@type":"WebSite","@id":"https:\/\/almaza-travel.com\/#website","url":"https:\/\/almaza-travel.com\/","name":"Almaza Travel","description":"book your trip online","publisher":{"@id":"https:\/\/almaza-travel.com\/#organization"},"potentialAction":[{"@type":"SearchAction","target":{"@type":"EntryPoint","urlTemplate":"https:\/\/almaza-travel.com\/?s={search_term_string}"},"query-input":{"@type":"PropertyValueSpecification","valueRequired":true,"valueName":"search_term_string"}}],"inLanguage":"de"},{"@type":"Organization","@id":"https:\/\/almaza-travel.com\/#organization","name":"Almaza Travel","url":"https:\/\/almaza-travel.com\/","logo":{"@type":"ImageObject","inLanguage":"de","@id":"https:\/\/almaza-travel.com\/#\/schema\/logo\/image\/","url":"https:\/\/almaza-travel.com\/wp-content\/uploads\/2024\/07\/cropped-373943de-ac21-4403-8254-f0b2932401cb.png","contentUrl":"https:\/\/almaza-travel.com\/wp-content\/uploads\/2024\/07\/cropped-373943de-ac21-4403-8254-f0b2932401cb.png","width":968,"height":359,"caption":"Almaza Travel"},"image":{"@id":"https:\/\/almaza-travel.com\/#\/schema\/logo\/image\/"}}]}},"_hostinger_reach_plugin_has_subscription_block":false,"_hostinger_reach_plugin_is_elementor":false,"_links":{"self":[{"href":"https:\/\/almaza-travel.com\/de\/wp-json\/wp\/v2\/pages\/7046","targetHints":{"allow":["GET"]}}],"collection":[{"href":"https:\/\/almaza-travel.com\/de\/wp-json\/wp\/v2\/pages"}],"about":[{"href":"https:\/\/almaza-travel.com\/de\/wp-json\/wp\/v2\/types\/page"}],"author":[{"embeddable":true,"href":"https:\/\/almaza-travel.com\/de\/wp-json\/wp\/v2\/users\/1"}],"replies":[{"embeddable":true,"href":"https:\/\/almaza-travel.com\/de\/wp-json\/wp\/v2\/comments?post=7046"}],"version-history":[{"count":2,"href":"https:\/\/almaza-travel.com\/de\/wp-json\/wp\/v2\/pages\/7046\/revisions"}],"predecessor-version":[{"id":8255,"href":"https:\/\/almaza-travel.com\/de\/wp-json\/wp\/v2\/pages\/7046\/revisions\/8255"}],"wp:attachment":[{"href":"https:\/\/almaza-travel.com\/de\/wp-json\/wp\/v2\/media?parent=7046"}],"curies":[{"name":"wp","href":"https:\/\/api.w.org\/{rel}","templated":true}]}}