{"id":7006,"date":"2024-07-26T07:02:42","date_gmt":"2024-07-26T07:02:42","guid":{"rendered":"https:\/\/almaza-travel.com\/blog\/"},"modified":"2025-12-22T11:23:57","modified_gmt":"2025-12-22T11:23:57","slug":"blog","status":"publish","type":"page","link":"https:\/\/almaza-travel.com\/de\/blog\/","title":{"rendered":"Blog"},"content":{"rendered":"\t\t<div data-elementor-type=\"wp-page\" data-elementor-id=\"7006\" class=\"elementor elementor-7006 elementor-665\">\n\t\t\t\t<div class=\"elementor-element elementor-element-7908746 e-con-full e-flex e-con e-parent\" data-id=\"7908746\" data-element_type=\"container\" data-e-type=\"container\">\n\t\t<div class=\"elementor-element elementor-element-6f5027b e-con-full e-flex e-con e-child\" data-id=\"6f5027b\" data-element_type=\"container\" data-e-type=\"container\">\n\t\t\t\t<div class=\"elementor-element elementor-element-52d582e elementor-widget elementor-widget-havezic-post-grid\" data-id=\"52d582e\" data-element_type=\"widget\" data-e-type=\"widget\" data-widget_type=\"havezic-post-grid.default\">\n\t\t\t\t<div class=\"elementor-widget-container\">\n\t\t\t\t\t        <div class=\"elementor-post-grid\">\n            <div class=\"elementor-post-wrapper elementor-post-style-1\">\n                <div class=\"d-grid\">\n                                                                    <div class=\"grid-item\">\n                                <div class=\"post-inner blog-grid\">\n        <div class=\"post-content\">\n        <div class=\"entry-header\">\n            <div class=\"entry-meta\">\n                 <div class=\"categories-link\"><span class=\"screen-reader-text\">Kategorien<\/span><a href=\"https:\/\/almaza-travel.com\/de\/category\/ausflug-hurghada\/\" rel=\"category tag\">Ausflug Hurghada<\/a><\/div> <div class=\"posted-on\"><a href=\"https:\/\/almaza-travel.com\/de\/grand-aquarium-hurghada\/\" rel=\"bookmark\"><time class=\"entry-date published\" datetime=\"2026-02-18T07:37:49+00:00\">18. Februar 2026<\/time><time class=\"updated\" datetime=\"2026-12-17T07:37:49+00:00\">17. Dezember 2026<\/time><\/a><\/div> <div class=\"post-author\"><span class=\"text-author\">Von <\/span><a href=\"https:\/\/almaza-travel.com\/de\/author\/momansour258gmail-com\/\" class=\"url fn\" rel=\"author\">momansour258@gmail.com<\/a><\/div>            <\/div>\n            <h3 class=\"sigma entry-title\"><a href=\"https:\/\/almaza-travel.com\/de\/grand-aquarium-hurghada\/\" rel=\"bookmark\">Grand Aquarium Hurghada<\/a><\/h3>        <\/div>\n        <div class=\"entry-content\">\n            <div class=\"entry-excerpt\"><p>10 Gr\u00fcnde, warum das Hurghada Grand Aquarium auf Ihrer \u00c4gypten-Wunschliste stehen muss &nbsp; Kommen Sie den Spitzenpr\u00e4datoren des Meeres ganz nah, w\u00e4hrend Sie trocken bleiben. Almaza Travel bietet VIP-Zugang zu diesem exklusiven Besuch des Hurghada Grand Aquarium, einer Weltklasse-Einrichtung, die ein riesiges Meeresaquarium, einen \u00fcppigen tropischen Wald und einen offenen Zoo an einem spektakul\u00e4ren Ort [&hellip;]<\/p>\n<\/div>\n            <div class=\"more-link-wrap\"><a class=\"more-link\" href=\"https:\/\/almaza-travel.com\/de\/grand-aquarium-hurghada\/\"> <span class=\"elementor-button-icon left\"><i class=\"havezic-icon-arrow-small-right\"><\/i><\/span>Mehr lesen<span class=\"elementor-button-icon right\"><i class=\"havezic-icon-arrow-small-right\"><\/i><\/span><\/a><\/div>        <\/div>\n    <\/div>\n<\/div>                            <\/div>\n                                                <div class=\"grid-item\">\n                                <div class=\"post-inner blog-grid\">\n        <div class=\"post-content\">\n        <div class=\"entry-header\">\n            <div class=\"entry-meta\">\n                 <div class=\"categories-link\"><span class=\"screen-reader-text\">Kategorien<\/span><a href=\"https:\/\/almaza-travel.com\/de\/category\/neuigkeiten\/\" rel=\"category tag\">Neuigkeiten<\/a><\/div> <div class=\"posted-on\"><a href=\"https:\/\/almaza-travel.com\/de\/beste-kairo-touren\/\" rel=\"bookmark\"><time class=\"entry-date published\" datetime=\"2026-02-17T00:40:29+00:00\">17. Februar 2026<\/time><time class=\"updated\" datetime=\"2026-02-17T20:05:55+00:00\">17. Februar 2026<\/time><\/a><\/div> <div class=\"post-author\"><span class=\"text-author\">Von <\/span><a href=\"https:\/\/almaza-travel.com\/de\/author\/momansour258gmail-com\/\" class=\"url fn\" rel=\"author\">momansour258@gmail.com<\/a><\/div>            <\/div>\n            <h3 class=\"sigma entry-title\"><a href=\"https:\/\/almaza-travel.com\/de\/beste-kairo-touren\/\" rel=\"bookmark\">Warum Kairo das Top-Reiseziel des Jahres 2026 ist<\/a><\/h3>        <\/div>\n        <div class=\"entry-content\">\n            <div class=\"entry-excerpt\"><p>Bereiten Sie sich vor; dies ist kein gew\u00f6hnliches Jahr. Kairo wird 2026 offiziell das weltweit f\u00fchrende Reiseziel. W\u00e4hrend der Rest der Welt fl\u00fcchtigen Trends nachjagte, bereitete unsere antike Hauptstadt still und leise eine B\u00fchne vor, die ihrer Gr\u00f6\u00dfe w\u00fcrdig ist. Heute k\u00f6nnen wir mit Zuversicht erkl\u00e4ren, dass Kairo mehr als nur ein Zwischenstopp ist; es [&hellip;]<\/p>\n<\/div>\n            <div class=\"more-link-wrap\"><a class=\"more-link\" href=\"https:\/\/almaza-travel.com\/de\/beste-kairo-touren\/\"> <span class=\"elementor-button-icon left\"><i class=\"havezic-icon-arrow-small-right\"><\/i><\/span>Mehr lesen<span class=\"elementor-button-icon right\"><i class=\"havezic-icon-arrow-small-right\"><\/i><\/span><\/a><\/div>        <\/div>\n    <\/div>\n<\/div>                            <\/div>\n                                                <div class=\"grid-item\">\n                                <div class=\"post-inner blog-grid\">\n        <div class=\"post-content\">\n        <div class=\"entry-header\">\n            <div class=\"entry-meta\">\n                 <div class=\"categories-link\"><span class=\"screen-reader-text\">Kategorien<\/span><a href=\"https:\/\/almaza-travel.com\/de\/category\/ausflug-marsa-alam\/\" rel=\"category tag\">Ausflug Marsa Alam<\/a><\/div> <div class=\"posted-on\"><a href=\"https:\/\/almaza-travel.com\/de\/nayzak-lake-marsa-alam\/\" rel=\"bookmark\"><time class=\"entry-date published\" datetime=\"2026-02-15T21:28:36+00:00\">15. Februar 2026<\/time><time class=\"updated\" datetime=\"2026-02-15T21:59:07+00:00\">15. Februar 2026<\/time><\/a><\/div> <div class=\"post-author\"><span class=\"text-author\">Von <\/span><a href=\"https:\/\/almaza-travel.com\/de\/author\/momansour258gmail-com\/\" class=\"url fn\" rel=\"author\">momansour258@gmail.com<\/a><\/div>            <\/div>\n            <h3 class=\"sigma entry-title\"><a href=\"https:\/\/almaza-travel.com\/de\/nayzak-lake-marsa-alam\/\" rel=\"bookmark\">Nayzak Lake Marsa Alam<\/a><\/h3>        <\/div>\n        <div class=\"entry-content\">\n            <div class=\"entry-excerpt\"><p>Alles, was Sie vor dem Besuch des Nayzak Lake wissen m\u00fcssen: \u00c4gyptens bestgeh\u00fctetes Geheimnis Was zieht Reisende nach \u00c4gypten? Ist es der ewige Nil, Luxors antike Tempel oder die zeitlosen Pyramiden? Vielleicht liegt die wahre Magie jenseits dieser Ikonen \u2013 in noch unentdeckten Regionen, in denen die Geheimnisse der Natur darauf warten, gel\u00fcftet zu werden. [&hellip;]<\/p>\n<\/div>\n            <div class=\"more-link-wrap\"><a class=\"more-link\" href=\"https:\/\/almaza-travel.com\/de\/nayzak-lake-marsa-alam\/\"> <span class=\"elementor-button-icon left\"><i class=\"havezic-icon-arrow-small-right\"><\/i><\/span>Mehr lesen<span class=\"elementor-button-icon right\"><i class=\"havezic-icon-arrow-small-right\"><\/i><\/span><\/a><\/div>        <\/div>\n    <\/div>\n<\/div>                            <\/div>\n                                                <div class=\"grid-item\">\n                                <div class=\"post-inner blog-grid\">\n        <div class=\"post-content\">\n        <div class=\"entry-header\">\n            <div class=\"entry-meta\">\n                 <div class=\"categories-link\"><span class=\"screen-reader-text\">Kategorien<\/span><a href=\"https:\/\/almaza-travel.com\/de\/category\/ausflug-hurghada\/\" rel=\"category tag\">Ausflug Hurghada<\/a><\/div> <div class=\"posted-on\"><a href=\"https:\/\/almaza-travel.com\/de\/alf-leila-wa-leila-show\/\" rel=\"bookmark\"><time class=\"entry-date published\" datetime=\"2026-02-15T07:49:55+00:00\">15. Februar 2026<\/time><time class=\"updated\" datetime=\"2026-02-15T22:38:50+00:00\">15. Februar 2026<\/time><\/a><\/div> <div class=\"post-author\"><span class=\"text-author\">Von <\/span><a href=\"https:\/\/almaza-travel.com\/de\/author\/momansour258gmail-com\/\" class=\"url fn\" rel=\"author\">momansour258@gmail.com<\/a><\/div>            <\/div>\n            <h3 class=\"sigma entry-title\"><a href=\"https:\/\/almaza-travel.com\/de\/alf-leila-wa-leila-show\/\" rel=\"bookmark\">Alf Leila Wa Leila Show<\/a><\/h3>        <\/div>\n        <div class=\"entry-content\">\n            <div class=\"entry-excerpt\"><p>So erleben Sie die wahre Magie uralter Folklore in der Alf Leila Wa Leila Show &nbsp; Stellen Sie sich den Zauber vor, die Grenzen der Gegenwart hinter sich zu lassen und die Nacht inmitten endloser Geschichten von Sultanen und W\u00fcstenkriegern zu verbringen! Die Show Alf Leila Wa Leila ist weit mehr als eine einmalige k\u00fcnstlerische [&hellip;]<\/p>\n<\/div>\n            <div class=\"more-link-wrap\"><a class=\"more-link\" href=\"https:\/\/almaza-travel.com\/de\/alf-leila-wa-leila-show\/\"> <span class=\"elementor-button-icon left\"><i class=\"havezic-icon-arrow-small-right\"><\/i><\/span>Mehr lesen<span class=\"elementor-button-icon right\"><i class=\"havezic-icon-arrow-small-right\"><\/i><\/span><\/a><\/div>        <\/div>\n    <\/div>\n<\/div>                            <\/div>\n                                                <div class=\"grid-item\">\n                                <div class=\"post-inner blog-grid\">\n        <div class=\"post-content\">\n        <div class=\"entry-header\">\n            <div class=\"entry-meta\">\n                 <div class=\"categories-link\"><span class=\"screen-reader-text\">Kategorien<\/span><a href=\"https:\/\/almaza-travel.com\/de\/category\/ausflug-hurghada\/\" rel=\"category tag\">Ausflug Hurghada<\/a><\/div> <div class=\"posted-on\"><a href=\"https:\/\/almaza-travel.com\/de\/mini-egypt-park-hurghada\/\" rel=\"bookmark\"><time class=\"entry-date published\" datetime=\"2026-02-15T07:48:57+00:00\">15. Februar 2026<\/time><time class=\"updated\" datetime=\"2026-02-15T23:13:13+00:00\">15. Februar 2026<\/time><\/a><\/div> <div class=\"post-author\"><span class=\"text-author\">Von <\/span><a href=\"https:\/\/almaza-travel.com\/de\/author\/momansour258gmail-com\/\" class=\"url fn\" rel=\"author\">momansour258@gmail.com<\/a><\/div>            <\/div>\n            <h3 class=\"sigma entry-title\"><a href=\"https:\/\/almaza-travel.com\/de\/mini-egypt-park-hurghada\/\" rel=\"bookmark\">Mini Egypt Park Hurghada: Der ultimative Besucherleitfaden von Almaza Travel<\/a><\/h3>        <\/div>\n        <div class=\"entry-content\">\n            <div class=\"entry-excerpt\"><p>Haben Sie sich schon einmal vorgestellt, in nur wenigen Stunden ganz \u00c4gypten zu durchqueren und seine zeitlosen architektonischen Sch\u00e4tze zu entdecken?! Mini Egypt Park Hurghada macht diesen Traum wahr. Almaza Travel dient als Ihr idealer Weg, die Wunder der Welt durch eine herausragende Vision zu erkunden. Wir laden Sie zu einer au\u00dfergew\u00f6hnlichen Reise ins Herz [&hellip;]<\/p>\n<\/div>\n            <div class=\"more-link-wrap\"><a class=\"more-link\" href=\"https:\/\/almaza-travel.com\/de\/mini-egypt-park-hurghada\/\"> <span class=\"elementor-button-icon left\"><i class=\"havezic-icon-arrow-small-right\"><\/i><\/span>Mehr lesen<span class=\"elementor-button-icon right\"><i class=\"havezic-icon-arrow-small-right\"><\/i><\/span><\/a><\/div>        <\/div>\n    <\/div>\n<\/div>                            <\/div>\n                                                <div class=\"grid-item\">\n                                <div class=\"post-inner blog-grid\">\n        <div class=\"post-content\">\n        <div class=\"entry-header\">\n            <div class=\"entry-meta\">\n                 <div class=\"categories-link\"><span class=\"screen-reader-text\">Kategorien<\/span><a href=\"https:\/\/almaza-travel.com\/de\/category\/ausflug-hurghada\/\" rel=\"category tag\">Ausflug Hurghada<\/a><\/div> <div class=\"posted-on\"><a href=\"https:\/\/almaza-travel.com\/de\/kamelritt-hurghada-fotos\/\" rel=\"bookmark\"><time class=\"entry-date published\" datetime=\"2026-02-14T09:10:20+00:00\">14. Februar 2026<\/time><time class=\"updated\" datetime=\"2026-02-14T10:06:53+00:00\">14. Februar 2026<\/time><\/a><\/div> <div class=\"post-author\"><span class=\"text-author\">Von <\/span><a href=\"https:\/\/almaza-travel.com\/de\/author\/momansour258gmail-com\/\" class=\"url fn\" rel=\"author\">momansour258@gmail.com<\/a><\/div>            <\/div>\n            <h3 class=\"sigma entry-title\"><a href=\"https:\/\/almaza-travel.com\/de\/kamelritt-hurghada-fotos\/\" rel=\"bookmark\">Die besten Fotospots f\u00fcr Kamelritte in Hurghada<\/a><\/h3>        <\/div>\n        <div class=\"entry-content\">\n            <div class=\"entry-excerpt\"><p>Der ultimative Leitfaden zur Perfektionierung der Kamel-Trekking-Fotografie in Hurghada mit Almaza Travel Haben Sie schon einmal dar\u00fcber nachgedacht, Ihren inneren Lawrence von Arabien zu wecken, indem Sie \u00fcber goldene D\u00fcnen wandern, w\u00e4hrend die Sonne den Himmel in unvorstellbare Orange- und Purpurt\u00f6ne taucht? Schnallen Sie sich also an (oder sollte ich sagen: Halten Sie sich an [&hellip;]<\/p>\n<\/div>\n            <div class=\"more-link-wrap\"><a class=\"more-link\" href=\"https:\/\/almaza-travel.com\/de\/kamelritt-hurghada-fotos\/\"> <span class=\"elementor-button-icon left\"><i class=\"havezic-icon-arrow-small-right\"><\/i><\/span>Mehr lesen<span class=\"elementor-button-icon right\"><i class=\"havezic-icon-arrow-small-right\"><\/i><\/span><\/a><\/div>        <\/div>\n    <\/div>\n<\/div>                            <\/div>\n                                                        <\/div>\n            <\/div>\n                                    <div class=\"pagination\">\n            <nav class=\"elementor-pagination\" role=\"navigation\"\n                 aria-label=\"Pagination\">\n                <span aria-current=\"page\" class=\"page-numbers current\"><span class=\"elementor-screen-only\">Page<\/span>1<\/span>\n<a class=\"page-numbers\" href=\"https:\/\/almaza-travel.com\/de\/wp-json\/wp\/v2\/pages\/7006\/page\/2\/\"><span class=\"elementor-screen-only\">Page<\/span>2<\/a>\n<a class=\"page-numbers\" href=\"https:\/\/almaza-travel.com\/de\/wp-json\/wp\/v2\/pages\/7006\/page\/3\/\"><span class=\"elementor-screen-only\">Page<\/span>3<\/a>\n<a class=\"page-numbers\" href=\"https:\/\/almaza-travel.com\/de\/wp-json\/wp\/v2\/pages\/7006\/page\/4\/\"><span class=\"elementor-screen-only\">Page<\/span>4<\/a>\n<a class=\"page-numbers\" href=\"https:\/\/almaza-travel.com\/de\/wp-json\/wp\/v2\/pages\/7006\/page\/5\/\"><span class=\"elementor-screen-only\">Page<\/span>5<\/a>            <\/nav>\n        <\/div>\n                            <\/div>\n                        \t\t\t\t<\/div>\n\t\t\t\t<\/div>\n\t\t\t\t<\/div>\n\t\t\t\t<\/div>\n\t\t\t\t<\/div>\n\t\t","protected":false},"excerpt":{"rendered":"<p>Categoriesnews December 22, 2025December 22, 2025 By momansour258@gmail.com Hello post Read More<\/p>\n","protected":false},"author":1,"featured_media":0,"parent":0,"menu_order":0,"comment_status":"closed","ping_status":"closed","template":"","meta":{"footnotes":""},"class_list":["post-7006","page","type-page","status-publish","hentry"],"yoast_head":"<!-- This site is optimized with the Yoast SEO plugin v27.4 - https:\/\/yoast.com\/product\/yoast-seo-wordpress\/ -->\n<title>Blog &#8211; Almaza Travel<\/title>\n<meta name=\"robots\" content=\"index, follow, max-snippet:-1, max-image-preview:large, max-video-preview:-1\" \/>\n<link rel=\"canonical\" href=\"https:\/\/almaza-travel.com\/blog\/\" \/>\n<meta property=\"og:locale\" content=\"de_DE\" \/>\n<meta property=\"og:type\" content=\"article\" \/>\n<meta property=\"og:title\" content=\"Blog &#8211; Almaza Travel\" \/>\n<meta property=\"og:description\" content=\"Categoriesnews December 22, 2025December 22, 2025 By momansour258@gmail.com Hello post Read More\" \/>\n<meta property=\"og:url\" content=\"https:\/\/almaza-travel.com\/blog\/\" \/>\n<meta property=\"og:site_name\" content=\"Almaza Travel\" \/>\n<meta property=\"article:modified_time\" content=\"2025-12-22T11:23:57+00:00\" \/>\n<meta property=\"og:image\" content=\"http:\/\/almaza-travel.com\/wp-content\/uploads\/2024\/07\/offer2-img1.jpg\" \/>\n<meta name=\"twitter:card\" content=\"summary_large_image\" \/>\n<script type=\"application\/ld+json\" class=\"yoast-schema-graph\">{\"@context\":\"https:\\\/\\\/schema.org\",\"@graph\":[{\"@type\":\"WebPage\",\"@id\":\"https:\\\/\\\/almaza-travel.com\\\/blog\\\/\",\"url\":\"https:\\\/\\\/almaza-travel.com\\\/blog\\\/\",\"name\":\"Blog &#8211; Almaza Travel\",\"isPartOf\":{\"@id\":\"https:\\\/\\\/almaza-travel.com\\\/#website\"},\"primaryImageOfPage\":{\"@id\":\"https:\\\/\\\/almaza-travel.com\\\/blog\\\/#primaryimage\"},\"image\":{\"@id\":\"https:\\\/\\\/almaza-travel.com\\\/blog\\\/#primaryimage\"},\"thumbnailUrl\":\"http:\\\/\\\/almaza-travel.com\\\/wp-content\\\/uploads\\\/2024\\\/07\\\/offer2-img1.jpg\",\"datePublished\":\"2024-07-26T07:02:42+00:00\",\"dateModified\":\"2025-12-22T11:23:57+00:00\",\"breadcrumb\":{\"@id\":\"https:\\\/\\\/almaza-travel.com\\\/blog\\\/#breadcrumb\"},\"inLanguage\":\"de\",\"potentialAction\":[{\"@type\":\"ReadAction\",\"target\":[\"https:\\\/\\\/almaza-travel.com\\\/blog\\\/\"]}]},{\"@type\":\"ImageObject\",\"inLanguage\":\"de\",\"@id\":\"https:\\\/\\\/almaza-travel.com\\\/blog\\\/#primaryimage\",\"url\":\"http:\\\/\\\/almaza-travel.com\\\/wp-content\\\/uploads\\\/2024\\\/07\\\/offer2-img1.jpg\",\"contentUrl\":\"http:\\\/\\\/almaza-travel.com\\\/wp-content\\\/uploads\\\/2024\\\/07\\\/offer2-img1.jpg\"},{\"@type\":\"BreadcrumbList\",\"@id\":\"https:\\\/\\\/almaza-travel.com\\\/blog\\\/#breadcrumb\",\"itemListElement\":[{\"@type\":\"ListItem\",\"position\":1,\"name\":\"Startseite\",\"item\":\"https:\\\/\\\/almaza-travel.com\\\/de\\\/\"},{\"@type\":\"ListItem\",\"position\":2,\"name\":\"Blog\"}]},{\"@type\":\"WebSite\",\"@id\":\"https:\\\/\\\/almaza-travel.com\\\/#website\",\"url\":\"https:\\\/\\\/almaza-travel.com\\\/\",\"name\":\"Almaza Travel\",\"description\":\"book your trip online\",\"publisher\":{\"@id\":\"https:\\\/\\\/almaza-travel.com\\\/#organization\"},\"potentialAction\":[{\"@type\":\"SearchAction\",\"target\":{\"@type\":\"EntryPoint\",\"urlTemplate\":\"https:\\\/\\\/almaza-travel.com\\\/?s={search_term_string}\"},\"query-input\":{\"@type\":\"PropertyValueSpecification\",\"valueRequired\":true,\"valueName\":\"search_term_string\"}}],\"inLanguage\":\"de\"},{\"@type\":\"Organization\",\"@id\":\"https:\\\/\\\/almaza-travel.com\\\/#organization\",\"name\":\"Almaza Travel\",\"url\":\"https:\\\/\\\/almaza-travel.com\\\/\",\"logo\":{\"@type\":\"ImageObject\",\"inLanguage\":\"de\",\"@id\":\"https:\\\/\\\/almaza-travel.com\\\/#\\\/schema\\\/logo\\\/image\\\/\",\"url\":\"https:\\\/\\\/almaza-travel.com\\\/wp-content\\\/uploads\\\/2024\\\/07\\\/cropped-373943de-ac21-4403-8254-f0b2932401cb.png\",\"contentUrl\":\"https:\\\/\\\/almaza-travel.com\\\/wp-content\\\/uploads\\\/2024\\\/07\\\/cropped-373943de-ac21-4403-8254-f0b2932401cb.png\",\"width\":968,\"height\":359,\"caption\":\"Almaza Travel\"},\"image\":{\"@id\":\"https:\\\/\\\/almaza-travel.com\\\/#\\\/schema\\\/logo\\\/image\\\/\"}}]}<\/script>\n<!-- \/ Yoast SEO plugin. -->","yoast_head_json":{"title":"Blog &#8211; Almaza Travel","robots":{"index":"index","follow":"follow","max-snippet":"max-snippet:-1","max-image-preview":"max-image-preview:large","max-video-preview":"max-video-preview:-1"},"canonical":"https:\/\/almaza-travel.com\/blog\/","og_locale":"de_DE","og_type":"article","og_title":"Blog &#8211; Almaza Travel","og_description":"Categoriesnews December 22, 2025December 22, 2025 By momansour258@gmail.com Hello post Read More","og_url":"https:\/\/almaza-travel.com\/blog\/","og_site_name":"Almaza Travel","article_modified_time":"2025-12-22T11:23:57+00:00","og_image":[{"url":"http:\/\/almaza-travel.com\/wp-content\/uploads\/2024\/07\/offer2-img1.jpg","type":"","width":"","height":""}],"twitter_card":"summary_large_image","schema":{"@context":"https:\/\/schema.org","@graph":[{"@type":"WebPage","@id":"https:\/\/almaza-travel.com\/blog\/","url":"https:\/\/almaza-travel.com\/blog\/","name":"Blog &#8211; Almaza Travel","isPartOf":{"@id":"https:\/\/almaza-travel.com\/#website"},"primaryImageOfPage":{"@id":"https:\/\/almaza-travel.com\/blog\/#primaryimage"},"image":{"@id":"https:\/\/almaza-travel.com\/blog\/#primaryimage"},"thumbnailUrl":"http:\/\/almaza-travel.com\/wp-content\/uploads\/2024\/07\/offer2-img1.jpg","datePublished":"2024-07-26T07:02:42+00:00","dateModified":"2025-12-22T11:23:57+00:00","breadcrumb":{"@id":"https:\/\/almaza-travel.com\/blog\/#breadcrumb"},"inLanguage":"de","potentialAction":[{"@type":"ReadAction","target":["https:\/\/almaza-travel.com\/blog\/"]}]},{"@type":"ImageObject","inLanguage":"de","@id":"https:\/\/almaza-travel.com\/blog\/#primaryimage","url":"http:\/\/almaza-travel.com\/wp-content\/uploads\/2024\/07\/offer2-img1.jpg","contentUrl":"http:\/\/almaza-travel.com\/wp-content\/uploads\/2024\/07\/offer2-img1.jpg"},{"@type":"BreadcrumbList","@id":"https:\/\/almaza-travel.com\/blog\/#breadcrumb","itemListElement":[{"@type":"ListItem","position":1,"name":"Startseite","item":"https:\/\/almaza-travel.com\/de\/"},{"@type":"ListItem","position":2,"name":"Blog"}]},{"@type":"WebSite","@id":"https:\/\/almaza-travel.com\/#website","url":"https:\/\/almaza-travel.com\/","name":"Almaza Travel","description":"book your trip online","publisher":{"@id":"https:\/\/almaza-travel.com\/#organization"},"potentialAction":[{"@type":"SearchAction","target":{"@type":"EntryPoint","urlTemplate":"https:\/\/almaza-travel.com\/?s={search_term_string}"},"query-input":{"@type":"PropertyValueSpecification","valueRequired":true,"valueName":"search_term_string"}}],"inLanguage":"de"},{"@type":"Organization","@id":"https:\/\/almaza-travel.com\/#organization","name":"Almaza Travel","url":"https:\/\/almaza-travel.com\/","logo":{"@type":"ImageObject","inLanguage":"de","@id":"https:\/\/almaza-travel.com\/#\/schema\/logo\/image\/","url":"https:\/\/almaza-travel.com\/wp-content\/uploads\/2024\/07\/cropped-373943de-ac21-4403-8254-f0b2932401cb.png","contentUrl":"https:\/\/almaza-travel.com\/wp-content\/uploads\/2024\/07\/cropped-373943de-ac21-4403-8254-f0b2932401cb.png","width":968,"height":359,"caption":"Almaza Travel"},"image":{"@id":"https:\/\/almaza-travel.com\/#\/schema\/logo\/image\/"}}]}},"_hostinger_reach_plugin_has_subscription_block":false,"_hostinger_reach_plugin_is_elementor":false,"_links":{"self":[{"href":"https:\/\/almaza-travel.com\/de\/wp-json\/wp\/v2\/pages\/7006","targetHints":{"allow":["GET"]}}],"collection":[{"href":"https:\/\/almaza-travel.com\/de\/wp-json\/wp\/v2\/pages"}],"about":[{"href":"https:\/\/almaza-travel.com\/de\/wp-json\/wp\/v2\/types\/page"}],"author":[{"embeddable":true,"href":"https:\/\/almaza-travel.com\/de\/wp-json\/wp\/v2\/users\/1"}],"replies":[{"embeddable":true,"href":"https:\/\/almaza-travel.com\/de\/wp-json\/wp\/v2\/comments?post=7006"}],"version-history":[{"count":1,"href":"https:\/\/almaza-travel.com\/de\/wp-json\/wp\/v2\/pages\/7006\/revisions"}],"predecessor-version":[{"id":8285,"href":"https:\/\/almaza-travel.com\/de\/wp-json\/wp\/v2\/pages\/7006\/revisions\/8285"}],"wp:attachment":[{"href":"https:\/\/almaza-travel.com\/de\/wp-json\/wp\/v2\/media?parent=7006"}],"curies":[{"name":"wp","href":"https:\/\/api.w.org\/{rel}","templated":true}]}}